
{"id":51636,"date":"2021-03-20T11:07:14","date_gmt":"2021-03-20T12:56:38","guid":{"rendered":"https:\/\/stage.shop-cellularswiss.ch\/produit\/cosmic-cable-lightning\/"},"modified":"2021-03-20T13:56:42","modified_gmt":"2021-03-20T12:56:42","slug":"cosmic-cable-lightning","status":"publish","type":"product","link":"https:\/\/stage.shop-cellularswiss.ch\/de\/produit\/cosmic-cable-lightning\/","title":{"rendered":"Cosmic Cable &#8211; Lightning"},"content":{"rendered":"<p>Cosmic Cable: das Kabel mit Silikonlasche und Ummantelung aus rei\u00dffestem Gewebe. Funktional und gleichzeitig elegant. Das Cosmic Cable vereint Widerstandsf\u00e4higkeit mit Stil. Robustheit, Metallstecker und Silikonlasche machen dieses Kabel zu einem hochwertigen Produkt, das jedem Einsatz gerecht wird. Cosmic Cable ist in vier Trendfarben erh\u00e4ltlich: Infinity Silver, Oblivion Black, Supernova Red und Satellite Blue. F\u00fcr alle Ger\u00e4te mit Lightning-Anschluss.<\/p>\n","protected":false},"excerpt":{"rendered":"<p>USB-Kabel mit Silikonlasche<\/p>\n","protected":false},"featured_media":54938,"comment_status":"closed","ping_status":"closed","template":"","meta":{"_et_pb_use_builder":"","_et_pb_old_content":"","_et_gb_content_width":""},"pwb-brand":[],"product_cat":[3863,1781],"product_tag":[],"compatibilite":[],"compatibilite_smartphone":[4469,4384,4436,4443,4441,4437,4439,4438,4446,4442,4445,4444,4380,4362,4440,4358,4435,4433,4434,4468],"brands":[],"_links":{"self":[{"href":"https:\/\/stage.shop-cellularswiss.ch\/de\/wp-json\/wp\/v2\/product\/51636"}],"collection":[{"href":"https:\/\/stage.shop-cellularswiss.ch\/de\/wp-json\/wp\/v2\/product"}],"about":[{"href":"https:\/\/stage.shop-cellularswiss.ch\/de\/wp-json\/wp\/v2\/types\/product"}],"replies":[{"embeddable":true,"href":"https:\/\/stage.shop-cellularswiss.ch\/de\/wp-json\/wp\/v2\/comments?post=51636"}],"wp:featuredmedia":[{"embeddable":true,"href":"https:\/\/stage.shop-cellularswiss.ch\/de\/wp-json\/wp\/v2\/media\/54938"}],"wp:attachment":[{"href":"https:\/\/stage.shop-cellularswiss.ch\/de\/wp-json\/wp\/v2\/media?parent=51636"}],"wp:term":[{"taxonomy":"pwb-brand","embeddable":true,"href":"https:\/\/stage.shop-cellularswiss.ch\/de\/wp-json\/wp\/v2\/pwb-brand?post=51636"},{"taxonomy":"product_cat","embeddable":true,"href":"https:\/\/stage.shop-cellularswiss.ch\/de\/wp-json\/wp\/v2\/product_cat?post=51636"},{"taxonomy":"product_tag","embeddable":true,"href":"https:\/\/stage.shop-cellularswiss.ch\/de\/wp-json\/wp\/v2\/product_tag?post=51636"},{"taxonomy":"compatibilite","embeddable":true,"href":"https:\/\/stage.shop-cellularswiss.ch\/de\/wp-json\/wp\/v2\/compatibilite?post=51636"},{"taxonomy":"compatibilite_smartphone","embeddable":true,"href":"https:\/\/stage.shop-cellularswiss.ch\/de\/wp-json\/wp\/v2\/compatibilite_smartphone?post=51636"}],"curies":[{"name":"wp","href":"https:\/\/api.w.org\/{rel}","templated":true}]}}