
{"id":51643,"date":"2021-03-20T11:07:31","date_gmt":"2021-03-20T12:56:47","guid":{"rendered":"https:\/\/stage.shop-cellularswiss.ch\/produit\/cosmic-cable-usb-c\/"},"modified":"2021-03-20T13:56:58","modified_gmt":"2021-03-20T12:56:58","slug":"cosmic-cable-usb-c","status":"publish","type":"product","link":"https:\/\/stage.shop-cellularswiss.ch\/de\/produit\/cosmic-cable-usb-c\/","title":{"rendered":"Cosmic Cable &#8211; USB-C"},"content":{"rendered":"<p>Cosmic Cable: das Kabel mit Silikonlasche und Ummantelung aus rei\u00dffestem Gewebe. Funktional und gleichzeitig elegant. Das Cosmic Cable vereint Widerstandsf\u00e4higkeit mit Stil. Robustheit, Metallstecker und Silikonlasche machen dieses Kabel zu einem hochwertigen Produkt, das jedem Einsatz gerecht wird. Cosmic Cable ist in zwei eleganten Farben erh\u00e4ltlich: Infinity Silver und Oblivion Black. F\u00fcr alle Ger\u00e4te mit Buchse vom Typ C.<\/p>\n","protected":false},"excerpt":{"rendered":"<p>USB-Kabel mit Silikonlasche<\/p>\n","protected":false},"featured_media":59124,"comment_status":"closed","ping_status":"closed","template":"","meta":{"_et_pb_use_builder":"","_et_pb_old_content":"","_et_gb_content_width":""},"pwb-brand":[],"product_cat":[3863,1781],"product_tag":[],"compatibilite":[],"compatibilite_smartphone":[4417,4419,4420,4418,4385,4389,4387,4421,4390,4415,4402,4396,4406,4414,4405,4408,4394,4403,4407,4404,4410,4422,4409,4427,4428,4423,4401,4400,4431,4425,4424,4429,4430,4393,4412,4397,4416,4411,4426,4392,4391],"brands":[],"_links":{"self":[{"href":"https:\/\/stage.shop-cellularswiss.ch\/de\/wp-json\/wp\/v2\/product\/51643"}],"collection":[{"href":"https:\/\/stage.shop-cellularswiss.ch\/de\/wp-json\/wp\/v2\/product"}],"about":[{"href":"https:\/\/stage.shop-cellularswiss.ch\/de\/wp-json\/wp\/v2\/types\/product"}],"replies":[{"embeddable":true,"href":"https:\/\/stage.shop-cellularswiss.ch\/de\/wp-json\/wp\/v2\/comments?post=51643"}],"wp:featuredmedia":[{"embeddable":true,"href":"https:\/\/stage.shop-cellularswiss.ch\/de\/wp-json\/wp\/v2\/media\/59124"}],"wp:attachment":[{"href":"https:\/\/stage.shop-cellularswiss.ch\/de\/wp-json\/wp\/v2\/media?parent=51643"}],"wp:term":[{"taxonomy":"pwb-brand","embeddable":true,"href":"https:\/\/stage.shop-cellularswiss.ch\/de\/wp-json\/wp\/v2\/pwb-brand?post=51643"},{"taxonomy":"product_cat","embeddable":true,"href":"https:\/\/stage.shop-cellularswiss.ch\/de\/wp-json\/wp\/v2\/product_cat?post=51643"},{"taxonomy":"product_tag","embeddable":true,"href":"https:\/\/stage.shop-cellularswiss.ch\/de\/wp-json\/wp\/v2\/product_tag?post=51643"},{"taxonomy":"compatibilite","embeddable":true,"href":"https:\/\/stage.shop-cellularswiss.ch\/de\/wp-json\/wp\/v2\/compatibilite?post=51643"},{"taxonomy":"compatibilite_smartphone","embeddable":true,"href":"https:\/\/stage.shop-cellularswiss.ch\/de\/wp-json\/wp\/v2\/compatibilite_smartphone?post=51643"}],"curies":[{"name":"wp","href":"https:\/\/api.w.org\/{rel}","templated":true}]}}