
{"id":51653,"date":"2021-03-20T13:57:04","date_gmt":"2021-03-20T12:57:04","guid":{"rendered":"https:\/\/stage.shop-cellularswiss.ch\/produit\/defender-airpods-12\/"},"modified":"2021-03-20T13:57:08","modified_gmt":"2021-03-20T12:57:08","slug":"defender-airpods-12","status":"publish","type":"product","link":"https:\/\/stage.shop-cellularswiss.ch\/de\/produit\/defender-airpods-12\/","title":{"rendered":"Defender &#8211; AirPods 1&#038;2"},"content":{"rendered":"<p>Defender ist die ultrasichere L\u00f6sung zum Schutz deiner AirPods-Ladeh\u00fclle vor Kratzern, Schmutz und St\u00fcrzen. Sie ist Military-Drop-Test-zertifiziert und \u00fcbersteht St\u00fcrze aus bis zu 4 Metern H\u00f6he. Mit dem praktischen Haken l\u00e4sst sich die H\u00fclle an der Handtasche oder an den G\u00fcrtelschlaufen befestigen. Dank einfachem Zugang zur Steckverbindung und Wireless-Charging-Kompatibilit\u00e4t k\u00f6nnen die AirPods aufgeladen werden, ohne die Abdeckung zu entfernen.<\/p>\n","protected":false},"excerpt":{"rendered":"<p>Ultrasichere Schutzh\u00fclle f\u00fcr AirPods mit Haken<\/p>\n","protected":false},"featured_media":55978,"comment_status":"closed","ping_status":"open","template":"","meta":{"_et_pb_use_builder":"","_et_pb_old_content":"","_et_gb_content_width":""},"pwb-brand":[],"product_cat":[544,542],"product_tag":[],"compatibilite":[],"compatibilite_smartphone":[4463,4454],"brands":[],"_links":{"self":[{"href":"https:\/\/stage.shop-cellularswiss.ch\/de\/wp-json\/wp\/v2\/product\/51653"}],"collection":[{"href":"https:\/\/stage.shop-cellularswiss.ch\/de\/wp-json\/wp\/v2\/product"}],"about":[{"href":"https:\/\/stage.shop-cellularswiss.ch\/de\/wp-json\/wp\/v2\/types\/product"}],"replies":[{"embeddable":true,"href":"https:\/\/stage.shop-cellularswiss.ch\/de\/wp-json\/wp\/v2\/comments?post=51653"}],"wp:featuredmedia":[{"embeddable":true,"href":"https:\/\/stage.shop-cellularswiss.ch\/de\/wp-json\/wp\/v2\/media\/55978"}],"wp:attachment":[{"href":"https:\/\/stage.shop-cellularswiss.ch\/de\/wp-json\/wp\/v2\/media?parent=51653"}],"wp:term":[{"taxonomy":"pwb-brand","embeddable":true,"href":"https:\/\/stage.shop-cellularswiss.ch\/de\/wp-json\/wp\/v2\/pwb-brand?post=51653"},{"taxonomy":"product_cat","embeddable":true,"href":"https:\/\/stage.shop-cellularswiss.ch\/de\/wp-json\/wp\/v2\/product_cat?post=51653"},{"taxonomy":"product_tag","embeddable":true,"href":"https:\/\/stage.shop-cellularswiss.ch\/de\/wp-json\/wp\/v2\/product_tag?post=51653"},{"taxonomy":"compatibilite","embeddable":true,"href":"https:\/\/stage.shop-cellularswiss.ch\/de\/wp-json\/wp\/v2\/compatibilite?post=51653"},{"taxonomy":"compatibilite_smartphone","embeddable":true,"href":"https:\/\/stage.shop-cellularswiss.ch\/de\/wp-json\/wp\/v2\/compatibilite_smartphone?post=51653"}],"curies":[{"name":"wp","href":"https:\/\/api.w.org\/{rel}","templated":true}]}}