
{"id":51656,"date":"2021-03-20T11:08:06","date_gmt":"2021-03-20T12:57:11","guid":{"rendered":"https:\/\/stage.shop-cellularswiss.ch\/produit\/dustin-hero-car-cleaner-auto-con-presa-accendisigari\/"},"modified":"2021-03-20T13:57:14","modified_gmt":"2021-03-20T12:57:14","slug":"dustin-hero-car-cleaner-auto-con-presa-accendisigari","status":"publish","type":"product","link":"https:\/\/stage.shop-cellularswiss.ch\/de\/produit\/dustin-hero-car-cleaner-auto-con-presa-accendisigari\/","title":{"rendered":"DUSTIN Hero Car Cleaner &#8211; Auto con presa accendisigari"},"content":{"rendered":"<p>DUSTIN Hero Car Cleaner ist der leichte und praktische Autostaubsauger, der Ihr Auto jeden Tag sauber und ordentlich h\u00e4lt. Der beste Verb\u00fcndete gegen Schmutz im Auto. Dank des 4,5 m langen Kabels k\u00f6nnen Sie jeden Teil des Fahrzeugs erreichen. Und mit dem umfangreichen Zubeh\u00f6r, das im Paket enthalten ist, k\u00f6nnen Sie auch die schwierigsten Ecken gr\u00fcndlich reinigen. Es war noch nie so einfach, Ihr Auto sauber zu halten.<\/p>\n","protected":false},"excerpt":{"rendered":"<p>Autostaubsauger mit integrierter Zigarettenanz\u00fcnder-Steckdose<\/p>\n","protected":false},"featured_media":62688,"comment_status":"closed","ping_status":"closed","template":"","meta":{"_et_pb_use_builder":"","_et_pb_old_content":"","_et_gb_content_width":""},"pwb-brand":[],"product_cat":[3845,1781],"product_tag":[],"compatibilite":[],"compatibilite_smartphone":[4455],"brands":[],"_links":{"self":[{"href":"https:\/\/stage.shop-cellularswiss.ch\/de\/wp-json\/wp\/v2\/product\/51656"}],"collection":[{"href":"https:\/\/stage.shop-cellularswiss.ch\/de\/wp-json\/wp\/v2\/product"}],"about":[{"href":"https:\/\/stage.shop-cellularswiss.ch\/de\/wp-json\/wp\/v2\/types\/product"}],"replies":[{"embeddable":true,"href":"https:\/\/stage.shop-cellularswiss.ch\/de\/wp-json\/wp\/v2\/comments?post=51656"}],"wp:featuredmedia":[{"embeddable":true,"href":"https:\/\/stage.shop-cellularswiss.ch\/de\/wp-json\/wp\/v2\/media\/62688"}],"wp:attachment":[{"href":"https:\/\/stage.shop-cellularswiss.ch\/de\/wp-json\/wp\/v2\/media?parent=51656"}],"wp:term":[{"taxonomy":"pwb-brand","embeddable":true,"href":"https:\/\/stage.shop-cellularswiss.ch\/de\/wp-json\/wp\/v2\/pwb-brand?post=51656"},{"taxonomy":"product_cat","embeddable":true,"href":"https:\/\/stage.shop-cellularswiss.ch\/de\/wp-json\/wp\/v2\/product_cat?post=51656"},{"taxonomy":"product_tag","embeddable":true,"href":"https:\/\/stage.shop-cellularswiss.ch\/de\/wp-json\/wp\/v2\/product_tag?post=51656"},{"taxonomy":"compatibilite","embeddable":true,"href":"https:\/\/stage.shop-cellularswiss.ch\/de\/wp-json\/wp\/v2\/compatibilite?post=51656"},{"taxonomy":"compatibilite_smartphone","embeddable":true,"href":"https:\/\/stage.shop-cellularswiss.ch\/de\/wp-json\/wp\/v2\/compatibilite_smartphone?post=51656"}],"curies":[{"name":"wp","href":"https:\/\/api.w.org\/{rel}","templated":true}]}}