
{"id":51657,"date":"2021-03-20T11:08:10","date_gmt":"2021-03-20T12:57:11","guid":{"rendered":"https:\/\/stage.shop-cellularswiss.ch\/produit\/dynamic-airpods-12\/"},"modified":"2021-03-20T13:57:17","modified_gmt":"2021-03-20T12:57:17","slug":"dynamic-airpods-12","status":"publish","type":"product","link":"https:\/\/stage.shop-cellularswiss.ch\/de\/produit\/dynamic-airpods-12\/","title":{"rendered":"Dynamic &#8211; AirPods 1&#038;2"},"content":{"rendered":"<p>Dynamic ist die Schutzh\u00fclle aus weichem Soft-Touch-Silikon, die deine AirPods-Ladeh\u00fclle dank elastischem, hermetisch dichtem Verschluss vollst\u00e4ndig abdeckt und sie auf diese Weise vor Kratzern, Schmutz und St\u00fcrzen sch\u00fctzt. Mit dem praktischen Haken l\u00e4sst sich die H\u00fclle an der Handtasche oder an den G\u00fcrtelschlaufen befestigen. Die im Lieferumfang enthaltenen B\u00fcgel sorgen insbesondere unterwegs daf\u00fcr, dass die AirPods nicht verloren gehen. Dank einfachem Zugang zur Steckverbindung und Wireless-Charging-Kompatibilit\u00e4t k\u00f6nnen die AirPods aufgeladen werden, ohne die Abdeckung zu entfernen.<\/p>\n","protected":false},"excerpt":{"rendered":"<p>Schutzh\u00fclle f\u00fcr AirPods aus Soft-Touch-Silikon mit Haken und B\u00fcgeln<\/p>\n","protected":false},"featured_media":62427,"comment_status":"closed","ping_status":"closed","template":"","meta":{"_et_pb_use_builder":"","_et_pb_old_content":"","_et_gb_content_width":""},"pwb-brand":[],"product_cat":[544,542],"product_tag":[],"compatibilite":[],"compatibilite_smartphone":[4463,4454],"brands":[],"_links":{"self":[{"href":"https:\/\/stage.shop-cellularswiss.ch\/de\/wp-json\/wp\/v2\/product\/51657"}],"collection":[{"href":"https:\/\/stage.shop-cellularswiss.ch\/de\/wp-json\/wp\/v2\/product"}],"about":[{"href":"https:\/\/stage.shop-cellularswiss.ch\/de\/wp-json\/wp\/v2\/types\/product"}],"replies":[{"embeddable":true,"href":"https:\/\/stage.shop-cellularswiss.ch\/de\/wp-json\/wp\/v2\/comments?post=51657"}],"wp:featuredmedia":[{"embeddable":true,"href":"https:\/\/stage.shop-cellularswiss.ch\/de\/wp-json\/wp\/v2\/media\/62427"}],"wp:attachment":[{"href":"https:\/\/stage.shop-cellularswiss.ch\/de\/wp-json\/wp\/v2\/media?parent=51657"}],"wp:term":[{"taxonomy":"pwb-brand","embeddable":true,"href":"https:\/\/stage.shop-cellularswiss.ch\/de\/wp-json\/wp\/v2\/pwb-brand?post=51657"},{"taxonomy":"product_cat","embeddable":true,"href":"https:\/\/stage.shop-cellularswiss.ch\/de\/wp-json\/wp\/v2\/product_cat?post=51657"},{"taxonomy":"product_tag","embeddable":true,"href":"https:\/\/stage.shop-cellularswiss.ch\/de\/wp-json\/wp\/v2\/product_tag?post=51657"},{"taxonomy":"compatibilite","embeddable":true,"href":"https:\/\/stage.shop-cellularswiss.ch\/de\/wp-json\/wp\/v2\/compatibilite?post=51657"},{"taxonomy":"compatibilite_smartphone","embeddable":true,"href":"https:\/\/stage.shop-cellularswiss.ch\/de\/wp-json\/wp\/v2\/compatibilite_smartphone?post=51657"}],"curies":[{"name":"wp","href":"https:\/\/api.w.org\/{rel}","templated":true}]}}