
{"id":51660,"date":"2021-03-20T11:08:19","date_gmt":"2021-03-20T12:57:20","guid":{"rendered":"https:\/\/stage.shop-cellularswiss.ch\/produit\/earphones-in-ear-iphone-and-ipad\/"},"modified":"2021-03-20T13:57:24","modified_gmt":"2021-03-20T12:57:24","slug":"earphones-in-ear-iphone-and-ipad","status":"publish","type":"product","link":"https:\/\/stage.shop-cellularswiss.ch\/de\/produit\/earphones-in-ear-iphone-and-ipad\/","title":{"rendered":"Earphones In-Ear &#8211; iPhone and iPad"},"content":{"rendered":"<p>Bluetooth\u00ae-Headsets der exklusiven Unique Design-Produktlinie mit In-Ear-Kapsel, die vor st\u00f6renden Au\u00dfenger\u00e4uschen sch\u00fctzt, und mit Streaming Top Sound-Technologie, die auch beim Streaming eine optimale Musikwiedergabequalit\u00e4t gew\u00e4hrleistet. Die universale Fernbedienung erm\u00f6glicht die Lautst\u00e4rkenregelung und das Wechseln des wiedergegebenen Musiktitels mit einem einfachen Klick, w\u00e4hrend das Clear Voice Microphone eine optimale Tonqualit\u00e4t w\u00e4hrend des Gespr\u00e4chs gew\u00e4hrleistet. BLUETOOTH EARPHONES IN-EAR wird in vier Farben angeboten, die sich perfekt dem iPhone-Design anpassen und es aufwerten.<\/p>\n","protected":false},"excerpt":{"rendered":"<p>In-Ear Stereo-Headset mit Bluetooth\u00ae f\u00fcr iPhone<\/p>\n","protected":false},"featured_media":54554,"comment_status":"closed","ping_status":"closed","template":"","meta":{"_et_pb_use_builder":"","_et_pb_old_content":"","_et_gb_content_width":""},"pwb-brand":[],"product_cat":[493,509],"product_tag":[],"compatibilite":[],"compatibilite_smartphone":[],"brands":[],"_links":{"self":[{"href":"https:\/\/stage.shop-cellularswiss.ch\/de\/wp-json\/wp\/v2\/product\/51660"}],"collection":[{"href":"https:\/\/stage.shop-cellularswiss.ch\/de\/wp-json\/wp\/v2\/product"}],"about":[{"href":"https:\/\/stage.shop-cellularswiss.ch\/de\/wp-json\/wp\/v2\/types\/product"}],"replies":[{"embeddable":true,"href":"https:\/\/stage.shop-cellularswiss.ch\/de\/wp-json\/wp\/v2\/comments?post=51660"}],"wp:featuredmedia":[{"embeddable":true,"href":"https:\/\/stage.shop-cellularswiss.ch\/de\/wp-json\/wp\/v2\/media\/54554"}],"wp:attachment":[{"href":"https:\/\/stage.shop-cellularswiss.ch\/de\/wp-json\/wp\/v2\/media?parent=51660"}],"wp:term":[{"taxonomy":"pwb-brand","embeddable":true,"href":"https:\/\/stage.shop-cellularswiss.ch\/de\/wp-json\/wp\/v2\/pwb-brand?post=51660"},{"taxonomy":"product_cat","embeddable":true,"href":"https:\/\/stage.shop-cellularswiss.ch\/de\/wp-json\/wp\/v2\/product_cat?post=51660"},{"taxonomy":"product_tag","embeddable":true,"href":"https:\/\/stage.shop-cellularswiss.ch\/de\/wp-json\/wp\/v2\/product_tag?post=51660"},{"taxonomy":"compatibilite","embeddable":true,"href":"https:\/\/stage.shop-cellularswiss.ch\/de\/wp-json\/wp\/v2\/compatibilite?post=51660"},{"taxonomy":"compatibilite_smartphone","embeddable":true,"href":"https:\/\/stage.shop-cellularswiss.ch\/de\/wp-json\/wp\/v2\/compatibilite_smartphone?post=51660"}],"curies":[{"name":"wp","href":"https:\/\/api.w.org\/{rel}","templated":true}]}}