
{"id":51663,"date":"2021-03-20T11:08:26","date_gmt":"2021-03-20T12:57:23","guid":{"rendered":"https:\/\/stage.shop-cellularswiss.ch\/produit\/easy-drive-universale\/"},"modified":"2021-03-20T13:57:27","modified_gmt":"2021-03-20T12:57:27","slug":"easy-drive-universale","status":"publish","type":"product","link":"https:\/\/stage.shop-cellularswiss.ch\/de\/produit\/easy-drive-universale\/","title":{"rendered":"Easy Drive &#8211; Universale"},"content":{"rendered":"<p>Bei Easy Drive handelt es sich um das tragbare Bluetooth\u00ae-Freisprechger\u00e4t f\u00fcr das Auto, das ideal ist, um w\u00e4hrend der Autofahrt in absoluter Sicherheit und mit Komfort zu telefonieren. Dank der Multipoint-Technologie kann man gleichzeitig zwei Ger\u00e4te koppeln, w\u00e4hren der DSP-Prozessor perfekt auf digitale Weise Ger\u00e4usche ausblendet. So wird eine klare und gut h\u00f6rbare Konversation garantiert.<br \/>\n Dank des Vibrationssensors aktiviert sich Easy Drive automatisch beim Schlie\u00dfen\/\u00d6ffnen der Autot\u00fcr und schaltet sich aus, wenn keine Bluetooth-Verbindung verf\u00fcgbar ist. Des Weiteren kannst du nicht nur deine Lieblingsmusik streamen, sondern auch GPS-Anweisungen befolgen, die das Autofahren erleichtern.<\/p>\n","protected":false},"excerpt":{"rendered":"<p>Bluetooth\u00ae-Freisprechfunkton f\u00fcr das Auto mit Dualphone-Funktion<\/p>\n","protected":false},"featured_media":56310,"comment_status":"closed","ping_status":"closed","template":"","meta":{"_et_pb_use_builder":"","_et_pb_old_content":"","_et_gb_content_width":""},"pwb-brand":[],"product_cat":[493],"product_tag":[],"compatibilite":[],"compatibilite_smartphone":[4366,4384,4363,4370,4354,4365,4376,4436,4443,4383,4441,4373,4381,4417,4419,4382,4420,4361,4418,4450,4437,4439,4438,4446,4442,4445,4444,4378,4356,4359,4377,4364,4379,4353,4374,4372,4449,4447,4380,4362,4448,4440,4358,4435,4433,4434,4367,4385,4388,4386,4389,4387,4421,4390,4415,4402,4413,4396,4406,4414,4405,4408,4394,4403,4407,4404,4410,4395,4422,4409,4399,4427,4428,4423,4401,4400,4431,4425,4424,4429,4430,4393,4412,4397,4416,4411,4426,4392,4391],"brands":[],"_links":{"self":[{"href":"https:\/\/stage.shop-cellularswiss.ch\/de\/wp-json\/wp\/v2\/product\/51663"}],"collection":[{"href":"https:\/\/stage.shop-cellularswiss.ch\/de\/wp-json\/wp\/v2\/product"}],"about":[{"href":"https:\/\/stage.shop-cellularswiss.ch\/de\/wp-json\/wp\/v2\/types\/product"}],"replies":[{"embeddable":true,"href":"https:\/\/stage.shop-cellularswiss.ch\/de\/wp-json\/wp\/v2\/comments?post=51663"}],"wp:featuredmedia":[{"embeddable":true,"href":"https:\/\/stage.shop-cellularswiss.ch\/de\/wp-json\/wp\/v2\/media\/56310"}],"wp:attachment":[{"href":"https:\/\/stage.shop-cellularswiss.ch\/de\/wp-json\/wp\/v2\/media?parent=51663"}],"wp:term":[{"taxonomy":"pwb-brand","embeddable":true,"href":"https:\/\/stage.shop-cellularswiss.ch\/de\/wp-json\/wp\/v2\/pwb-brand?post=51663"},{"taxonomy":"product_cat","embeddable":true,"href":"https:\/\/stage.shop-cellularswiss.ch\/de\/wp-json\/wp\/v2\/product_cat?post=51663"},{"taxonomy":"product_tag","embeddable":true,"href":"https:\/\/stage.shop-cellularswiss.ch\/de\/wp-json\/wp\/v2\/product_tag?post=51663"},{"taxonomy":"compatibilite","embeddable":true,"href":"https:\/\/stage.shop-cellularswiss.ch\/de\/wp-json\/wp\/v2\/compatibilite?post=51663"},{"taxonomy":"compatibilite_smartphone","embeddable":true,"href":"https:\/\/stage.shop-cellularswiss.ch\/de\/wp-json\/wp\/v2\/compatibilite_smartphone?post=51663"}],"curies":[{"name":"wp","href":"https:\/\/api.w.org\/{rel}","templated":true}]}}