
{"id":51664,"date":"2021-03-20T11:08:29","date_gmt":"2021-03-20T12:57:26","guid":{"rendered":"https:\/\/stage.shop-cellularswiss.ch\/produit\/easy-fit-hr-universale\/"},"modified":"2021-03-20T13:57:28","modified_gmt":"2021-03-20T12:57:28","slug":"easy-fit-hr-universale","status":"publish","type":"product","link":"https:\/\/stage.shop-cellularswiss.ch\/de\/produit\/easy-fit-hr-universale\/","title":{"rendered":"Easy Fit HR &#8211; Universale"},"content":{"rendered":"<p>Easyfit HR ist der neue Touchscreen-Fitness-Tracker mit Pulsmessung, der ideal f\u00fcr Personen ist, die gerne trainieren und auch alle t\u00e4glichen Aktivit\u00e4ten einfach und intuitiv aufzeichnen m\u00f6chten. Der Sensor zur Pulsmessung eignet sich dazu, den Puls w\u00e4hrend aller Trainingsphasen vom Aufw\u00e4rmen, \u00fcber die Cardio-Phase, bis hin zum Abk\u00fchlen zu \u00fcberwachen. Zu den anderen Fitness-Funktionen geh\u00f6ren auch der Schrittz\u00e4hler, die Anzeige der zur\u00fcckgelegten Distanz und der Kalorienverbrauch. Das Touch-Display des Easyfit HR wird mit einer einfachen Bewegung der Handgelenks aktiviert und erm\u00f6glicht die stetige Kontrolle der verwendeten App-Benachrichtigungen und eine Vorschau der eingehenden Anrufe.<\/p>\n","protected":false},"excerpt":{"rendered":"<p>Touchscreen-Fitness-Tracker mit Pulsmessung<\/p>\n","protected":false},"featured_media":54774,"comment_status":"closed","ping_status":"closed","template":"","meta":{"_et_pb_use_builder":"","_et_pb_old_content":"","_et_gb_content_width":""},"pwb-brand":[],"product_cat":[569,562],"product_tag":[],"compatibilite":[],"compatibilite_smartphone":[],"brands":[],"_links":{"self":[{"href":"https:\/\/stage.shop-cellularswiss.ch\/de\/wp-json\/wp\/v2\/product\/51664"}],"collection":[{"href":"https:\/\/stage.shop-cellularswiss.ch\/de\/wp-json\/wp\/v2\/product"}],"about":[{"href":"https:\/\/stage.shop-cellularswiss.ch\/de\/wp-json\/wp\/v2\/types\/product"}],"replies":[{"embeddable":true,"href":"https:\/\/stage.shop-cellularswiss.ch\/de\/wp-json\/wp\/v2\/comments?post=51664"}],"wp:featuredmedia":[{"embeddable":true,"href":"https:\/\/stage.shop-cellularswiss.ch\/de\/wp-json\/wp\/v2\/media\/54774"}],"wp:attachment":[{"href":"https:\/\/stage.shop-cellularswiss.ch\/de\/wp-json\/wp\/v2\/media?parent=51664"}],"wp:term":[{"taxonomy":"pwb-brand","embeddable":true,"href":"https:\/\/stage.shop-cellularswiss.ch\/de\/wp-json\/wp\/v2\/pwb-brand?post=51664"},{"taxonomy":"product_cat","embeddable":true,"href":"https:\/\/stage.shop-cellularswiss.ch\/de\/wp-json\/wp\/v2\/product_cat?post=51664"},{"taxonomy":"product_tag","embeddable":true,"href":"https:\/\/stage.shop-cellularswiss.ch\/de\/wp-json\/wp\/v2\/product_tag?post=51664"},{"taxonomy":"compatibilite","embeddable":true,"href":"https:\/\/stage.shop-cellularswiss.ch\/de\/wp-json\/wp\/v2\/compatibilite?post=51664"},{"taxonomy":"compatibilite_smartphone","embeddable":true,"href":"https:\/\/stage.shop-cellularswiss.ch\/de\/wp-json\/wp\/v2\/compatibilite_smartphone?post=51664"}],"curies":[{"name":"wp","href":"https:\/\/api.w.org\/{rel}","templated":true}]}}