
{"id":51670,"date":"2021-03-20T11:08:45","date_gmt":"2021-03-20T12:57:36","guid":{"rendered":"https:\/\/stage.shop-cellularswiss.ch\/produit\/elite-iphone-11-pro\/"},"modified":"2021-03-20T13:57:44","modified_gmt":"2021-03-20T12:57:44","slug":"elite-iphone-11-pro","status":"publish","type":"product","link":"https:\/\/stage.shop-cellularswiss.ch\/de\/produit\/elite-iphone-11-pro\/","title":{"rendered":"Elite &#8211; iPhone 11 Pro"},"content":{"rendered":"<p>F\u00fcr diejenigen, die eine hochwertige H\u00fclle mit Stil suchen, wurde Elite geschaffen. Elite ist die Schutzh\u00fclle in Lederoptik, die sich weich anf\u00fchlt und perfekt am Telefon haftet, ohne dabei das Design zu beeintr\u00e4chtigen. Innen mit weicher, kratzfester Mikrofaser ausgestattet und farblich mit den Tasten aus satiniertem Aluminium abgestimmt, sch\u00fctzt Elite das Telefon auf elegante und erlesene Weise. Die Schutzh\u00fclle umschlie\u00dft das Telefon und sch\u00fctzt dabei die Kanten, R\u00e4nder und Anschl\u00fcsse vollst\u00e4ndig.<\/p>\n","protected":false},"excerpt":{"rendered":"<p>Elegante Schutzh\u00fclle f\u00fcr Smartphones in Lederoptik und abgestimmten Tasten aus satiniertem Aluminium<\/p>\n","protected":false},"featured_media":61710,"comment_status":"closed","ping_status":"closed","template":"","meta":{"_et_pb_use_builder":"","_et_pb_old_content":"","_et_gb_content_width":""},"pwb-brand":[],"product_cat":[542,559],"product_tag":[],"compatibilite":[],"compatibilite_smartphone":[4439],"brands":[],"_links":{"self":[{"href":"https:\/\/stage.shop-cellularswiss.ch\/de\/wp-json\/wp\/v2\/product\/51670"}],"collection":[{"href":"https:\/\/stage.shop-cellularswiss.ch\/de\/wp-json\/wp\/v2\/product"}],"about":[{"href":"https:\/\/stage.shop-cellularswiss.ch\/de\/wp-json\/wp\/v2\/types\/product"}],"replies":[{"embeddable":true,"href":"https:\/\/stage.shop-cellularswiss.ch\/de\/wp-json\/wp\/v2\/comments?post=51670"}],"wp:featuredmedia":[{"embeddable":true,"href":"https:\/\/stage.shop-cellularswiss.ch\/de\/wp-json\/wp\/v2\/media\/61710"}],"wp:attachment":[{"href":"https:\/\/stage.shop-cellularswiss.ch\/de\/wp-json\/wp\/v2\/media?parent=51670"}],"wp:term":[{"taxonomy":"pwb-brand","embeddable":true,"href":"https:\/\/stage.shop-cellularswiss.ch\/de\/wp-json\/wp\/v2\/pwb-brand?post=51670"},{"taxonomy":"product_cat","embeddable":true,"href":"https:\/\/stage.shop-cellularswiss.ch\/de\/wp-json\/wp\/v2\/product_cat?post=51670"},{"taxonomy":"product_tag","embeddable":true,"href":"https:\/\/stage.shop-cellularswiss.ch\/de\/wp-json\/wp\/v2\/product_tag?post=51670"},{"taxonomy":"compatibilite","embeddable":true,"href":"https:\/\/stage.shop-cellularswiss.ch\/de\/wp-json\/wp\/v2\/compatibilite?post=51670"},{"taxonomy":"compatibilite_smartphone","embeddable":true,"href":"https:\/\/stage.shop-cellularswiss.ch\/de\/wp-json\/wp\/v2\/compatibilite_smartphone?post=51670"}],"curies":[{"name":"wp","href":"https:\/\/api.w.org\/{rel}","templated":true}]}}