
{"id":51685,"date":"2021-03-20T11:09:23","date_gmt":"2021-03-20T12:57:59","guid":{"rendered":"https:\/\/stage.shop-cellularswiss.ch\/produit\/elusion\/"},"modified":"2021-03-20T13:58:04","modified_gmt":"2021-03-20T12:58:04","slug":"elusion","status":"publish","type":"product","link":"https:\/\/stage.shop-cellularswiss.ch\/de\/produit\/elusion\/","title":{"rendered":"Elusion"},"content":{"rendered":"<p>Elusion ist das Headset, das entworfen wurde, damit man dank der Technologie True Wireless Stereo v\u00f6llige Bewegungsfreiheit genie\u00dfen kann. Dank des minimalistischen Designs erm\u00f6glicht die H\u00fclle im Taschenformat das Aufladen beider Ohrh\u00f6rer bis zu 3 Mal und bietet bis zu 15 Stunden Wiedergabe, in denen man mit den Touch-Bedienelementen am Headset Lautst\u00e4rke und Tracks einstellen kann. Das Headset Elusion ist mit Fast-Recharge-Technologie ausger\u00fcstet, die 1 Stunde Musikwiedergabe nach einer Ladezeit von 15 Minuten gew\u00e4hrleistet.<\/p>\n","protected":false},"excerpt":{"rendered":"<p>Kabelloses In-Ear-Headset mit Ladeschutzh\u00fclle<\/p>\n","protected":false},"featured_media":56294,"comment_status":"closed","ping_status":"closed","template":"","meta":{"_et_pb_use_builder":"","_et_pb_old_content":"","_et_gb_content_width":""},"pwb-brand":[],"product_cat":[472,539],"product_tag":[],"compatibilite":[],"compatibilite_smartphone":[4366,4384,4363,4370,4354,4365,4376,4436,4443,4383,4441,4373,4381,4417,4419,4382,4420,4361,4418,4450,4437,4439,4438,4446,4442,4445,4444,4378,4356,4359,4377,4364,4379,4353,4374,4372,4449,4447,4380,4362,4448,4440,4358,4435,4433,4434,4367,4385,4388,4386,4389,4387,4421,4390,4415,4402,4413,4396,4406,4414,4405,4408,4394,4403,4407,4404,4410,4395,4422,4409,4399,4427,4428,4423,4401,4400,4431,4425,4424,4429,4430,4393,4412,4397,4416,4411,4426,4392,4391],"brands":[],"_links":{"self":[{"href":"https:\/\/stage.shop-cellularswiss.ch\/de\/wp-json\/wp\/v2\/product\/51685"}],"collection":[{"href":"https:\/\/stage.shop-cellularswiss.ch\/de\/wp-json\/wp\/v2\/product"}],"about":[{"href":"https:\/\/stage.shop-cellularswiss.ch\/de\/wp-json\/wp\/v2\/types\/product"}],"replies":[{"embeddable":true,"href":"https:\/\/stage.shop-cellularswiss.ch\/de\/wp-json\/wp\/v2\/comments?post=51685"}],"wp:featuredmedia":[{"embeddable":true,"href":"https:\/\/stage.shop-cellularswiss.ch\/de\/wp-json\/wp\/v2\/media\/56294"}],"wp:attachment":[{"href":"https:\/\/stage.shop-cellularswiss.ch\/de\/wp-json\/wp\/v2\/media?parent=51685"}],"wp:term":[{"taxonomy":"pwb-brand","embeddable":true,"href":"https:\/\/stage.shop-cellularswiss.ch\/de\/wp-json\/wp\/v2\/pwb-brand?post=51685"},{"taxonomy":"product_cat","embeddable":true,"href":"https:\/\/stage.shop-cellularswiss.ch\/de\/wp-json\/wp\/v2\/product_cat?post=51685"},{"taxonomy":"product_tag","embeddable":true,"href":"https:\/\/stage.shop-cellularswiss.ch\/de\/wp-json\/wp\/v2\/product_tag?post=51685"},{"taxonomy":"compatibilite","embeddable":true,"href":"https:\/\/stage.shop-cellularswiss.ch\/de\/wp-json\/wp\/v2\/compatibilite?post=51685"},{"taxonomy":"compatibilite_smartphone","embeddable":true,"href":"https:\/\/stage.shop-cellularswiss.ch\/de\/wp-json\/wp\/v2\/compatibilite_smartphone?post=51685"}],"curies":[{"name":"wp","href":"https:\/\/api.w.org\/{rel}","templated":true}]}}