
{"id":51686,"date":"2021-03-20T11:09:26","date_gmt":"2021-03-20T12:58:03","guid":{"rendered":"https:\/\/stage.shop-cellularswiss.ch\/produit\/eureka-universal\/"},"modified":"2021-03-20T13:58:10","modified_gmt":"2021-03-20T12:58:10","slug":"eureka-universal","status":"publish","type":"product","link":"https:\/\/stage.shop-cellularswiss.ch\/de\/produit\/eureka-universal\/","title":{"rendered":"EUREKA &#8211; Universal"},"content":{"rendered":"<p>Eureka ist ein praktisches Schildchen, mit dem man wichtige Gegenst\u00e4nde wie den Haust\u00fcrschl\u00fcssel oder den Geldbeutel finden und stets unter Kontrolle haben kann. Neben anderen Funktionen erm\u00f6glicht es Eureka, schnell einen Gegenstand in der Tasche oder das geparkte Auto wiederzufinden. Dar\u00fcber hinaus ist es ein n\u00fctzliches Zubeh\u00f6r zum Auffinden des Smartphones, indem man es klingeln l\u00e4sst: Zum Aktivieren dieser Funktion die Notfalltaste auf dem Schildchen gedr\u00fcckt halten. F\u00fcr die Verwendung von Eureka einfach die App f\u00fcr iPhone und Android herunterladen, mit der man auf der Karte die genaue Stelle sieht, an der sich der Gegenstand befindet, und mit der das Ger\u00e4t klingelt, bis es gefunden wird. Mit der einstellbaren Funktion \u201eComfort Zone\u201c ist die App Eureka zudem n\u00fctzlich, um Sie daran zu erinnern, den Gegenstand mit sich zu nehmen, wenn Sie sich physisch von ihm entfernen.<\/p>\n","protected":false},"excerpt":{"rendered":"<p>Schildchen zum Wiederfinden von Gegenst\u00e4nden mit Bluetooth\u00ae-Technologie<\/p>\n","protected":false},"featured_media":55966,"comment_status":"closed","ping_status":"closed","template":"","meta":{"_et_pb_use_builder":"","_et_pb_old_content":"","_et_gb_content_width":""},"pwb-brand":[],"product_cat":[3845,1781],"product_tag":[],"compatibilite":[],"compatibilite_smartphone":[],"brands":[],"_links":{"self":[{"href":"https:\/\/stage.shop-cellularswiss.ch\/de\/wp-json\/wp\/v2\/product\/51686"}],"collection":[{"href":"https:\/\/stage.shop-cellularswiss.ch\/de\/wp-json\/wp\/v2\/product"}],"about":[{"href":"https:\/\/stage.shop-cellularswiss.ch\/de\/wp-json\/wp\/v2\/types\/product"}],"replies":[{"embeddable":true,"href":"https:\/\/stage.shop-cellularswiss.ch\/de\/wp-json\/wp\/v2\/comments?post=51686"}],"wp:featuredmedia":[{"embeddable":true,"href":"https:\/\/stage.shop-cellularswiss.ch\/de\/wp-json\/wp\/v2\/media\/55966"}],"wp:attachment":[{"href":"https:\/\/stage.shop-cellularswiss.ch\/de\/wp-json\/wp\/v2\/media?parent=51686"}],"wp:term":[{"taxonomy":"pwb-brand","embeddable":true,"href":"https:\/\/stage.shop-cellularswiss.ch\/de\/wp-json\/wp\/v2\/pwb-brand?post=51686"},{"taxonomy":"product_cat","embeddable":true,"href":"https:\/\/stage.shop-cellularswiss.ch\/de\/wp-json\/wp\/v2\/product_cat?post=51686"},{"taxonomy":"product_tag","embeddable":true,"href":"https:\/\/stage.shop-cellularswiss.ch\/de\/wp-json\/wp\/v2\/product_tag?post=51686"},{"taxonomy":"compatibilite","embeddable":true,"href":"https:\/\/stage.shop-cellularswiss.ch\/de\/wp-json\/wp\/v2\/compatibilite?post=51686"},{"taxonomy":"compatibilite_smartphone","embeddable":true,"href":"https:\/\/stage.shop-cellularswiss.ch\/de\/wp-json\/wp\/v2\/compatibilite_smartphone?post=51686"}],"curies":[{"name":"wp","href":"https:\/\/api.w.org\/{rel}","templated":true}]}}