
{"id":51690,"date":"2021-03-20T11:09:35","date_gmt":"2021-03-20T12:58:09","guid":{"rendered":"https:\/\/stage.shop-cellularswiss.ch\/produit\/evade\/"},"modified":"2021-03-20T13:58:17","modified_gmt":"2021-03-20T12:58:17","slug":"evade","status":"publish","type":"product","link":"https:\/\/stage.shop-cellularswiss.ch\/de\/produit\/evade\/","title":{"rendered":"Evade"},"content":{"rendered":"<p>Evade ist das Headset mit der Technologie True Wireless Stereo, mit dem man sich dank absoluter Kabelfreiheit frei bewegen kann. Dank der Auto-Pairing-Funktion verbinden sich die Ohrh\u00f6rer automatisch, nachdem sie aus der Schutzh\u00fclle herausgenommen wurden. Die H\u00fclle aus Soft-Touch-Material im Taschenformat erm\u00f6glicht das Aufladen beider Ohrh\u00f6rer bis zu 5 Mal f\u00fcr insgesamt bis zu 22 Wiedergabestunden. Evade ist verf\u00fcgbar in verschiedenen Farben und l\u00e4sst sich perfekt mit jedem Outfit zusammenstellen.<\/p>\n","protected":false},"excerpt":{"rendered":"<p>Kabelloses In-Ear-Headset mit Ladeschutzh\u00fclle<\/p>\n","protected":false},"featured_media":56290,"comment_status":"closed","ping_status":"closed","template":"","meta":{"_et_pb_use_builder":"","_et_pb_old_content":"","_et_gb_content_width":""},"pwb-brand":[],"product_cat":[472],"product_tag":[],"compatibilite":[],"compatibilite_smartphone":[4366,4384,4365,4436,4443,4441,4417,4419,4420,4418,4437,4439,4438,4446,4442,4445,4444,4440,4358,4435,4433,4434,4385,4388,4386,4389,4387,4421,4402,4413,4406,4414,4405,4408,4403,4407,4404,4410,4422,4409,4427,4428,4423,4401,4400,4431,4425,4424,4393,4397,4416,4411,4426,4392,4391],"brands":[],"_links":{"self":[{"href":"https:\/\/stage.shop-cellularswiss.ch\/de\/wp-json\/wp\/v2\/product\/51690"}],"collection":[{"href":"https:\/\/stage.shop-cellularswiss.ch\/de\/wp-json\/wp\/v2\/product"}],"about":[{"href":"https:\/\/stage.shop-cellularswiss.ch\/de\/wp-json\/wp\/v2\/types\/product"}],"replies":[{"embeddable":true,"href":"https:\/\/stage.shop-cellularswiss.ch\/de\/wp-json\/wp\/v2\/comments?post=51690"}],"wp:featuredmedia":[{"embeddable":true,"href":"https:\/\/stage.shop-cellularswiss.ch\/de\/wp-json\/wp\/v2\/media\/56290"}],"wp:attachment":[{"href":"https:\/\/stage.shop-cellularswiss.ch\/de\/wp-json\/wp\/v2\/media?parent=51690"}],"wp:term":[{"taxonomy":"pwb-brand","embeddable":true,"href":"https:\/\/stage.shop-cellularswiss.ch\/de\/wp-json\/wp\/v2\/pwb-brand?post=51690"},{"taxonomy":"product_cat","embeddable":true,"href":"https:\/\/stage.shop-cellularswiss.ch\/de\/wp-json\/wp\/v2\/product_cat?post=51690"},{"taxonomy":"product_tag","embeddable":true,"href":"https:\/\/stage.shop-cellularswiss.ch\/de\/wp-json\/wp\/v2\/product_tag?post=51690"},{"taxonomy":"compatibilite","embeddable":true,"href":"https:\/\/stage.shop-cellularswiss.ch\/de\/wp-json\/wp\/v2\/compatibilite?post=51690"},{"taxonomy":"compatibilite_smartphone","embeddable":true,"href":"https:\/\/stage.shop-cellularswiss.ch\/de\/wp-json\/wp\/v2\/compatibilite_smartphone?post=51690"}],"curies":[{"name":"wp","href":"https:\/\/api.w.org\/{rel}","templated":true}]}}