
{"id":51697,"date":"2021-03-20T11:09:52","date_gmt":"2021-03-20T12:58:19","guid":{"rendered":"https:\/\/stage.shop-cellularswiss.ch\/produit\/extreme-cable-usb-c\/"},"modified":"2021-07-02T14:22:51","modified_gmt":"2021-07-02T12:22:51","slug":"extreme-cable-usb-c","status":"publish","type":"product","link":"https:\/\/stage.shop-cellularswiss.ch\/de\/produit\/extreme-cable-usb-c\/","title":{"rendered":"Extreme Cable &#8211; USB-C"},"content":{"rendered":"<p>Extreme Cable ist das ultra-widerstandsf\u00e4hige Kabel mit Micro-USB-Stecker, das sich ideal zum Laden und Datensynchronisieren eignet und mit der Schnellladefunktion kompatibel ist. Der biegsame Kabeldurchgang mit SNAKE-Technologie sch\u00fctzt das empfindlichste Teil des Kabels und macht es bis zu 4 Mal widerstandsf\u00e4higer gegen\u00fcber anderen Kabeln. Extreme Cable enth\u00e4lt Aramidfaser und ist besonders rei\u00dffest. Ferner wurden die Steckverbinder speziell entwickelt und bestehen aus Metall, um St\u00f6\u00dfen und Druck besser standzuhalten. Das Kabel ist ausgestattet mit Ummantelung aus Nylongeflecht, Fach aus Alu-Legierung, Kabeldurchgang aus PVC, Draht aus hochreinem Kupfer und DuPont \u2122 Kevlar\u00ae-Faser. DuPont\u2122 und Kevlar\u00ae sind registrierte Handelsmarken oder Handelsmarken von E.I. du Pont de Nemours and Company oder dessen Tochtergesellschaften.<\/p>\n","protected":false},"excerpt":{"rendered":"<p>Ultra-widerstandsf\u00e4higes USB-Kabel<\/p>\n","protected":false},"featured_media":62519,"comment_status":"closed","ping_status":"closed","template":"","meta":{"_et_pb_use_builder":"","_et_pb_old_content":"","_et_gb_content_width":""},"pwb-brand":[],"product_cat":[3863,1781],"product_tag":[],"compatibilite":[],"compatibilite_smartphone":[4417,4419,4420,4418,4385,4389,4387,4421,4390,4415,4402,4396,4406,4414,4405,4408,4394,4403,4407,4404,4410,4422,4409,4427,4428,4423,4401,4400,4431,4425,4424,4429,4430,4393,4412,4397,4416,4411,4426,4392,4391],"brands":[],"_links":{"self":[{"href":"https:\/\/stage.shop-cellularswiss.ch\/de\/wp-json\/wp\/v2\/product\/51697"}],"collection":[{"href":"https:\/\/stage.shop-cellularswiss.ch\/de\/wp-json\/wp\/v2\/product"}],"about":[{"href":"https:\/\/stage.shop-cellularswiss.ch\/de\/wp-json\/wp\/v2\/types\/product"}],"replies":[{"embeddable":true,"href":"https:\/\/stage.shop-cellularswiss.ch\/de\/wp-json\/wp\/v2\/comments?post=51697"}],"wp:featuredmedia":[{"embeddable":true,"href":"https:\/\/stage.shop-cellularswiss.ch\/de\/wp-json\/wp\/v2\/media\/62519"}],"wp:attachment":[{"href":"https:\/\/stage.shop-cellularswiss.ch\/de\/wp-json\/wp\/v2\/media?parent=51697"}],"wp:term":[{"taxonomy":"pwb-brand","embeddable":true,"href":"https:\/\/stage.shop-cellularswiss.ch\/de\/wp-json\/wp\/v2\/pwb-brand?post=51697"},{"taxonomy":"product_cat","embeddable":true,"href":"https:\/\/stage.shop-cellularswiss.ch\/de\/wp-json\/wp\/v2\/product_cat?post=51697"},{"taxonomy":"product_tag","embeddable":true,"href":"https:\/\/stage.shop-cellularswiss.ch\/de\/wp-json\/wp\/v2\/product_tag?post=51697"},{"taxonomy":"compatibilite","embeddable":true,"href":"https:\/\/stage.shop-cellularswiss.ch\/de\/wp-json\/wp\/v2\/compatibilite?post=51697"},{"taxonomy":"compatibilite_smartphone","embeddable":true,"href":"https:\/\/stage.shop-cellularswiss.ch\/de\/wp-json\/wp\/v2\/compatibilite_smartphone?post=51697"}],"curies":[{"name":"wp","href":"https:\/\/api.w.org\/{rel}","templated":true}]}}