
{"id":51701,"date":"2021-03-20T11:10:02","date_gmt":"2021-03-20T12:58:25","guid":{"rendered":"https:\/\/stage.shop-cellularswiss.ch\/produit\/extreme-cable-usb-c-to-usb-c\/"},"modified":"2021-03-20T13:58:30","modified_gmt":"2021-03-20T12:58:30","slug":"extreme-cable-usb-c-to-usb-c","status":"publish","type":"product","link":"https:\/\/stage.shop-cellularswiss.ch\/de\/produit\/extreme-cable-usb-c-to-usb-c\/","title":{"rendered":"Extreme Cable &#8211; USB-C to USB-C"},"content":{"rendered":"<p>Extreme Cable ist das ultra-widerstandsf\u00e4hige Kabel mit USB-C-zu-USB-C-Stecker, das sich ideal zum Laden und Datensynchronisieren eignet und mit der Schnellladefunktion kompatibel ist. Mit dem USB-C-Zweifachsteckverbinder kann ein USB-C-Ger\u00e4t \u00fcber den USB-C-Anschluss mit einem Ladeger\u00e4t oder PC verbunden werden. Der biegsame Kabeldurchgang mit SNAKE-Technologie sch\u00fctzt den empfindlichsten Teil des Kabels und macht es bis zu vier Mal widerstandsf\u00e4higer gegen\u00fcber anderen Kabeln. Das Kabel enth\u00e4lt Aramidfaser, die f\u00fcr h\u00f6chste Rei\u00dffestigkeit sorgt. Ferner wurden die Steckverbinder speziell entwickelt und bestehen aus Metall, um St\u00f6\u00dfen und Druck besser standzuhalten. Das Kabel ist mit einer Ummantelung aus Nylongeflecht, einer Aufnahme aus Alu-Legierung, einem Kabeldurchgang aus PVC, einem Draht aus hochreinem Kupfer und DuPont\u2122 Kevlar\u00ae-Faser ausgestattet. DuPont\u2122 und Kevlar\u00ae sind registrierte Handelsmarken oder Handelsmarken von E.I. du Pont de Nemours and Company oder deren Tochtergesellschaften.<\/p>\n","protected":false},"excerpt":{"rendered":"<p>Ultra-widerstandsf\u00e4higes USB-Kabel<\/p>\n","protected":false},"featured_media":62539,"comment_status":"closed","ping_status":"closed","template":"","meta":{"_et_pb_use_builder":"","_et_pb_old_content":"","_et_gb_content_width":""},"pwb-brand":[],"product_cat":[3863,1781],"product_tag":[],"compatibilite":[],"compatibilite_smartphone":[4455],"brands":[],"_links":{"self":[{"href":"https:\/\/stage.shop-cellularswiss.ch\/de\/wp-json\/wp\/v2\/product\/51701"}],"collection":[{"href":"https:\/\/stage.shop-cellularswiss.ch\/de\/wp-json\/wp\/v2\/product"}],"about":[{"href":"https:\/\/stage.shop-cellularswiss.ch\/de\/wp-json\/wp\/v2\/types\/product"}],"replies":[{"embeddable":true,"href":"https:\/\/stage.shop-cellularswiss.ch\/de\/wp-json\/wp\/v2\/comments?post=51701"}],"wp:featuredmedia":[{"embeddable":true,"href":"https:\/\/stage.shop-cellularswiss.ch\/de\/wp-json\/wp\/v2\/media\/62539"}],"wp:attachment":[{"href":"https:\/\/stage.shop-cellularswiss.ch\/de\/wp-json\/wp\/v2\/media?parent=51701"}],"wp:term":[{"taxonomy":"pwb-brand","embeddable":true,"href":"https:\/\/stage.shop-cellularswiss.ch\/de\/wp-json\/wp\/v2\/pwb-brand?post=51701"},{"taxonomy":"product_cat","embeddable":true,"href":"https:\/\/stage.shop-cellularswiss.ch\/de\/wp-json\/wp\/v2\/product_cat?post=51701"},{"taxonomy":"product_tag","embeddable":true,"href":"https:\/\/stage.shop-cellularswiss.ch\/de\/wp-json\/wp\/v2\/product_tag?post=51701"},{"taxonomy":"compatibilite","embeddable":true,"href":"https:\/\/stage.shop-cellularswiss.ch\/de\/wp-json\/wp\/v2\/compatibilite?post=51701"},{"taxonomy":"compatibilite_smartphone","embeddable":true,"href":"https:\/\/stage.shop-cellularswiss.ch\/de\/wp-json\/wp\/v2\/compatibilite_smartphone?post=51701"}],"curies":[{"name":"wp","href":"https:\/\/api.w.org\/{rel}","templated":true}]}}