
{"id":51706,"date":"2021-03-20T11:10:14","date_gmt":"2021-03-20T12:58:35","guid":{"rendered":"https:\/\/stage.shop-cellularswiss.ch\/produit\/extreme-cable-xl-usb-c-to-lightning\/"},"modified":"2021-03-20T13:58:37","modified_gmt":"2021-03-20T12:58:37","slug":"extreme-cable-xl-usb-c-to-lightning","status":"publish","type":"product","link":"https:\/\/stage.shop-cellularswiss.ch\/de\/produit\/extreme-cable-xl-usb-c-to-lightning\/","title":{"rendered":"Extreme Cable XL &#8211; USB-C to Lightning"},"content":{"rendered":"<p>Extreme Cable ist das ultra-widerstandsf\u00e4hige Kabel mit USB-C-Stecker zu Lightning mit Apple-Zertifizierung, das sich ideal zum Laden und Datensynchronisieren eignet und mit der Schnellladefunktion kompatibel ist. Der biegsame Kabeldurchgang mit SNAKE-Technologie sch\u00fctzt das empfindlichste Teil des Kabels und macht es im Vergleich zu anderen Kabeln bis zu vier Mal widerstandsf\u00e4higer. Das Kabel enth\u00e4lt Aramidfaser, die f\u00fcr h\u00f6chste Rei\u00dffestigkeit sorgt. Ferner wurden die Steckverbinder speziell entwickelt und bestehen aus Metall, um St\u00f6\u00dfen und Druck besser standzuhalten. Das Kabel ist mit einer Ummantelung aus Nylongeflecht, einer Aufnahme aus Alu-Legierung, einem Kabeldurchgang aus PVC, einem Draht aus hochreinem Kupfer und DuPont \u2122 Kevlar\u00ae-Faser ausgestattet. DuPont\u2122 und Kevlar\u00ae sind registrierte Handelsmarken oder Handelsmarken von E.I. du Pont de Nemours and Company oder dessen Tochtergesellschaften.<\/p>\n","protected":false},"excerpt":{"rendered":"<p>Ultra-widerstandsf\u00e4higes USB-Kabel<\/p>\n","protected":false},"featured_media":58900,"comment_status":"closed","ping_status":"closed","template":"","meta":{"_et_pb_use_builder":"","_et_pb_old_content":"","_et_gb_content_width":""},"pwb-brand":[],"product_cat":[3863,1781],"product_tag":[],"compatibilite":[],"compatibilite_smartphone":[4366,4354,4365,4376,4355,4383,4441,4357,4368,4373,4381,4382,4361,4450,4437,4439,4438,4359,4377,4364,4379,4353,4374,4372,4449,4447,4380,4362,4448,4440,4358,4433,4434,4367,4465,4468],"brands":[],"_links":{"self":[{"href":"https:\/\/stage.shop-cellularswiss.ch\/de\/wp-json\/wp\/v2\/product\/51706"}],"collection":[{"href":"https:\/\/stage.shop-cellularswiss.ch\/de\/wp-json\/wp\/v2\/product"}],"about":[{"href":"https:\/\/stage.shop-cellularswiss.ch\/de\/wp-json\/wp\/v2\/types\/product"}],"replies":[{"embeddable":true,"href":"https:\/\/stage.shop-cellularswiss.ch\/de\/wp-json\/wp\/v2\/comments?post=51706"}],"wp:featuredmedia":[{"embeddable":true,"href":"https:\/\/stage.shop-cellularswiss.ch\/de\/wp-json\/wp\/v2\/media\/58900"}],"wp:attachment":[{"href":"https:\/\/stage.shop-cellularswiss.ch\/de\/wp-json\/wp\/v2\/media?parent=51706"}],"wp:term":[{"taxonomy":"pwb-brand","embeddable":true,"href":"https:\/\/stage.shop-cellularswiss.ch\/de\/wp-json\/wp\/v2\/pwb-brand?post=51706"},{"taxonomy":"product_cat","embeddable":true,"href":"https:\/\/stage.shop-cellularswiss.ch\/de\/wp-json\/wp\/v2\/product_cat?post=51706"},{"taxonomy":"product_tag","embeddable":true,"href":"https:\/\/stage.shop-cellularswiss.ch\/de\/wp-json\/wp\/v2\/product_tag?post=51706"},{"taxonomy":"compatibilite","embeddable":true,"href":"https:\/\/stage.shop-cellularswiss.ch\/de\/wp-json\/wp\/v2\/compatibilite?post=51706"},{"taxonomy":"compatibilite_smartphone","embeddable":true,"href":"https:\/\/stage.shop-cellularswiss.ch\/de\/wp-json\/wp\/v2\/compatibilite_smartphone?post=51706"}],"curies":[{"name":"wp","href":"https:\/\/api.w.org\/{rel}","templated":true}]}}