
{"id":51707,"date":"2021-03-20T11:10:17","date_gmt":"2021-03-20T12:58:35","guid":{"rendered":"https:\/\/stage.shop-cellularswiss.ch\/produit\/extreme-car-charger-kit-15w-usb-c-samsung\/"},"modified":"2021-08-20T15:03:53","modified_gmt":"2021-08-20T13:03:53","slug":"extreme-car-charger-kit-15w-usb-c-samsung","status":"publish","type":"product","link":"https:\/\/stage.shop-cellularswiss.ch\/de\/produit\/extreme-car-charger-kit-15w-usb-c-samsung\/","title":{"rendered":"Extreme Car Charger Kit 15W &#8211; USB-C &#8211; Samsung"},"content":{"rendered":"<p>EXTREME CAR CHARGER KIT 15W ist das ideale Autoladeger\u00e4t zum schnellstm\u00f6glichen und sicheren Aufladen aller Samsung-Ger\u00e4te mit USB-C-Buchse, die mit der 5 W-, 10 W- und Adaptive Fast Charging-Technologie kompatibel sind. Das Ladeger\u00e4t ist dank der Doppelschicht aus Metall und Kunststoff sto\u00df- und sturzfest. Im Inneren der Verpackung befindet sich das besonders strapazierf\u00e4hige und rei\u00dffeste USB-zu-USB-C-Kabel mit Aramidfaser und biegsamem Kabeldurchgang mit SNAKE-Technologie, der den empfindlichsten Teil des Kabels sch\u00fctzt und es bis zu vier Mal widerstandsf\u00e4higer gegen\u00fcber anderen Kabeln macht. Es gibt keinerlei Abmachung, Lizenz oder Verbindung zwischen Cellularline S.p.A. und den in den Texten und Bildern dieser Website angegebenen Markeninhabern und Namen. Alle Telefonmarken, -namen und -modelle sind Eigentum der jeweiligen Inhaber.<\/p>\n","protected":false},"excerpt":{"rendered":"<p>Robustes 15-W-Schnellladeger\u00e4t f\u00fcr das Auto mit ultra-widerstandsf\u00e4higem Kabel<\/p>\n","protected":false},"featured_media":55118,"comment_status":"closed","ping_status":"closed","template":"","meta":{"_et_pb_use_builder":"","_et_pb_old_content":"","_et_gb_content_width":""},"pwb-brand":[],"product_cat":[3848,1781],"product_tag":[],"compatibilite":[],"compatibilite_smartphone":[4415,4402,4396,4406,4414,4405,4408,4394,4403,4407,4404,4410,4422,4409,4423,4401,4400,4431,4425,4424,4429,4430,4393,4412,4397,4416,4411,4426],"brands":[],"_links":{"self":[{"href":"https:\/\/stage.shop-cellularswiss.ch\/de\/wp-json\/wp\/v2\/product\/51707"}],"collection":[{"href":"https:\/\/stage.shop-cellularswiss.ch\/de\/wp-json\/wp\/v2\/product"}],"about":[{"href":"https:\/\/stage.shop-cellularswiss.ch\/de\/wp-json\/wp\/v2\/types\/product"}],"replies":[{"embeddable":true,"href":"https:\/\/stage.shop-cellularswiss.ch\/de\/wp-json\/wp\/v2\/comments?post=51707"}],"wp:featuredmedia":[{"embeddable":true,"href":"https:\/\/stage.shop-cellularswiss.ch\/de\/wp-json\/wp\/v2\/media\/55118"}],"wp:attachment":[{"href":"https:\/\/stage.shop-cellularswiss.ch\/de\/wp-json\/wp\/v2\/media?parent=51707"}],"wp:term":[{"taxonomy":"pwb-brand","embeddable":true,"href":"https:\/\/stage.shop-cellularswiss.ch\/de\/wp-json\/wp\/v2\/pwb-brand?post=51707"},{"taxonomy":"product_cat","embeddable":true,"href":"https:\/\/stage.shop-cellularswiss.ch\/de\/wp-json\/wp\/v2\/product_cat?post=51707"},{"taxonomy":"product_tag","embeddable":true,"href":"https:\/\/stage.shop-cellularswiss.ch\/de\/wp-json\/wp\/v2\/product_tag?post=51707"},{"taxonomy":"compatibilite","embeddable":true,"href":"https:\/\/stage.shop-cellularswiss.ch\/de\/wp-json\/wp\/v2\/compatibilite?post=51707"},{"taxonomy":"compatibilite_smartphone","embeddable":true,"href":"https:\/\/stage.shop-cellularswiss.ch\/de\/wp-json\/wp\/v2\/compatibilite_smartphone?post=51707"}],"curies":[{"name":"wp","href":"https:\/\/api.w.org\/{rel}","templated":true}]}}