
{"id":51708,"date":"2021-03-20T13:58:39","date_gmt":"2021-03-20T12:58:39","guid":{"rendered":"https:\/\/stage.shop-cellularswiss.ch\/produit\/extreme-charger-kit-12w-lightning-iphone-ipad-ipod\/"},"modified":"2021-03-20T13:58:40","modified_gmt":"2021-03-20T12:58:40","slug":"extreme-charger-kit-12w-lightning-iphone-ipad-ipod","status":"publish","type":"product","link":"https:\/\/stage.shop-cellularswiss.ch\/de\/produit\/extreme-charger-kit-12w-lightning-iphone-ipad-ipod\/","title":{"rendered":"Extreme Charger Kit 12W &#8211; Lightning &#8211; iPhone, iPad, iPod"},"content":{"rendered":"<p>EXTREME CHARGER KIT 12W ist das Netzladeger\u00e4t, das mit einer Ausgangsleistung von 12 W die Schnellaufladung von iPhones und iPads bei absoluter Sicherheit erm\u00f6glicht. Dank doppelter Metall- und Kunststoffschicht ist es zudem sto\u00df- und sturzfest. Im Inneren der Verpackung befindet sich das besonders strapazierf\u00e4hige und rei\u00dffeste USB-zu-Lightning-Kabel mit Aramidfaser und biegsamem Kabeldurchgang mit SNAKE-Technologie, der den empfindlichsten Teil des Kabels sch\u00fctzt und es bis zu vier Mal widerstandsf\u00e4higer gegen\u00fcber anderen Kabeln macht. Es gibt keinerlei Abmachung, Lizenz oder Verbindung zwischen Cellularline S.p.A. und den in den Texten und Bildern dieser Website angegebenen Markeninhabern und Namen. Alle Telefonmarken, -namen und -modelle sind Eigentum der jeweiligen Inhaber.Apple, iPad, iPad Air, iPad Pro, iPhone und Lightning sind Marken der Apple Inc., die in den USA und anderen L\u00e4ndern registriert sind. DuPont\u2122 und Kevlar\u00ae sind registrierte Handelsmarken oder Handelsmarken von E.I. du Pont de Nemours and Company oder dessen Tochtergesellschaften.<\/p>\n","protected":false},"excerpt":{"rendered":"<p>Robustes 12-W-Schnellladeger\u00e4t mit ultra-widerstandsf\u00e4higem Kabel<\/p>\n","protected":false},"featured_media":55158,"comment_status":"closed","ping_status":"open","template":"","meta":{"_et_pb_use_builder":"","_et_pb_old_content":"","_et_gb_content_width":""},"pwb-brand":[],"product_cat":[1781,1784],"product_tag":[],"compatibilite":[],"compatibilite_smartphone":[4366,4469,4354,4365,4376,4436,4443,4355,4383,4441,4357,4368,4373,4381,4382,4361,4450,4437,4446,4445,4359,4377,4364,4379,4353,4374,4372,4449,4447,4380,4362,4448,4440,4358,4435,4433,4434,4367,4465,4468],"brands":[],"_links":{"self":[{"href":"https:\/\/stage.shop-cellularswiss.ch\/de\/wp-json\/wp\/v2\/product\/51708"}],"collection":[{"href":"https:\/\/stage.shop-cellularswiss.ch\/de\/wp-json\/wp\/v2\/product"}],"about":[{"href":"https:\/\/stage.shop-cellularswiss.ch\/de\/wp-json\/wp\/v2\/types\/product"}],"replies":[{"embeddable":true,"href":"https:\/\/stage.shop-cellularswiss.ch\/de\/wp-json\/wp\/v2\/comments?post=51708"}],"wp:featuredmedia":[{"embeddable":true,"href":"https:\/\/stage.shop-cellularswiss.ch\/de\/wp-json\/wp\/v2\/media\/55158"}],"wp:attachment":[{"href":"https:\/\/stage.shop-cellularswiss.ch\/de\/wp-json\/wp\/v2\/media?parent=51708"}],"wp:term":[{"taxonomy":"pwb-brand","embeddable":true,"href":"https:\/\/stage.shop-cellularswiss.ch\/de\/wp-json\/wp\/v2\/pwb-brand?post=51708"},{"taxonomy":"product_cat","embeddable":true,"href":"https:\/\/stage.shop-cellularswiss.ch\/de\/wp-json\/wp\/v2\/product_cat?post=51708"},{"taxonomy":"product_tag","embeddable":true,"href":"https:\/\/stage.shop-cellularswiss.ch\/de\/wp-json\/wp\/v2\/product_tag?post=51708"},{"taxonomy":"compatibilite","embeddable":true,"href":"https:\/\/stage.shop-cellularswiss.ch\/de\/wp-json\/wp\/v2\/compatibilite?post=51708"},{"taxonomy":"compatibilite_smartphone","embeddable":true,"href":"https:\/\/stage.shop-cellularswiss.ch\/de\/wp-json\/wp\/v2\/compatibilite_smartphone?post=51708"}],"curies":[{"name":"wp","href":"https:\/\/api.w.org\/{rel}","templated":true}]}}