
{"id":51710,"date":"2021-03-20T11:10:24","date_gmt":"2021-03-20T12:58:42","guid":{"rendered":"https:\/\/stage.shop-cellularswiss.ch\/produit\/extreme-charger-kit-18w-usb-c-huawei-lg-asus-and-other-smartphone\/"},"modified":"2021-03-20T13:58:44","modified_gmt":"2021-03-20T12:58:44","slug":"extreme-charger-kit-18w-usb-c-huawei-lg-asus-and-other-smartphone","status":"publish","type":"product","link":"https:\/\/stage.shop-cellularswiss.ch\/de\/produit\/extreme-charger-kit-18w-usb-c-huawei-lg-asus-and-other-smartphone\/","title":{"rendered":"Extreme Charger Kit 18W &#8211; USB-C &#8211; Huawei, LG, Asus and other smartphone"},"content":{"rendered":"<p>EXTREME CHARGER KIT 18W ist das ideale Netzladeger\u00e4t zum schnellstm\u00f6glichen und sicheren Aufladen aller Huawei-Ger\u00e4te und Ger\u00e4te anderer Marken mit USB-C-Anschluss.Dank der Dual-Chip-Technologie erkennt und aktiviert das Ladeger\u00e4t automatisch die Schnellladung von Huawei-Ger\u00e4ten mit 9 V\/2 A Fast Charging und von Android-Ger\u00e4ten, die mit Qualcomm\u00ae Quick Charge\u2122-Technologie ausgestattet sind. Das Ladeger\u00e4t ist, dank doppelter Metall- und Kunststoffschicht, zudem sto\u00df- und sturzfest.Im Inneren der Verpackung befindet sich das besonders strapazierf\u00e4hige und rei\u00dffeste USB-zu-USB-C-Kabel mit Aramidfaser und biegsamem Kabeldurchgang mit SNAKE-Technologie, der den empfindlichsten Teil des Kabels sch\u00fctzt und es bis zu vier Mal widerstandsf\u00e4higer gegen\u00fcber anderen Kabeln macht. Dieses Produkt gew\u00e4hrleistet nicht die Schnellladung von Huawei-Ger\u00e4ten, die mit der \u201eSuperCharge\u201c-Technologie kompatibel sind. Es gibt keinerlei Abmachung, Lizenz oder Verbindung zwischen Cellularline S.p.A. und den in den Texten und Bildern dieser Website angegebenen Markeninhabern und Namen. Alle Telefonmarken, -namen und -modelle sind Eigentum der jeweiligen Inhaber. Qualcomm is a trademark of Qualcomm Incorporated, registered in the United States and other countries. Quick Charge is a trademark of Qualcomm Incorporated. Qualcomm Quick Charge is a product of Qualcomm Technologies, Inc. and\/or its subsidiaries.<\/p>\n","protected":false},"excerpt":{"rendered":"<p>Robustes 18-W-Schnellladeger\u00e4t mit ultra-widerstandsf\u00e4higem Kabel<\/p>\n","protected":false},"featured_media":55162,"comment_status":"closed","ping_status":"closed","template":"","meta":{"_et_pb_use_builder":"","_et_pb_old_content":"","_et_gb_content_width":""},"pwb-brand":[],"product_cat":[1781,1784],"product_tag":[],"compatibilite":[],"compatibilite_smartphone":[4385,4389,4387,4421,4390,4392,4391],"brands":[],"_links":{"self":[{"href":"https:\/\/stage.shop-cellularswiss.ch\/de\/wp-json\/wp\/v2\/product\/51710"}],"collection":[{"href":"https:\/\/stage.shop-cellularswiss.ch\/de\/wp-json\/wp\/v2\/product"}],"about":[{"href":"https:\/\/stage.shop-cellularswiss.ch\/de\/wp-json\/wp\/v2\/types\/product"}],"replies":[{"embeddable":true,"href":"https:\/\/stage.shop-cellularswiss.ch\/de\/wp-json\/wp\/v2\/comments?post=51710"}],"wp:featuredmedia":[{"embeddable":true,"href":"https:\/\/stage.shop-cellularswiss.ch\/de\/wp-json\/wp\/v2\/media\/55162"}],"wp:attachment":[{"href":"https:\/\/stage.shop-cellularswiss.ch\/de\/wp-json\/wp\/v2\/media?parent=51710"}],"wp:term":[{"taxonomy":"pwb-brand","embeddable":true,"href":"https:\/\/stage.shop-cellularswiss.ch\/de\/wp-json\/wp\/v2\/pwb-brand?post=51710"},{"taxonomy":"product_cat","embeddable":true,"href":"https:\/\/stage.shop-cellularswiss.ch\/de\/wp-json\/wp\/v2\/product_cat?post=51710"},{"taxonomy":"product_tag","embeddable":true,"href":"https:\/\/stage.shop-cellularswiss.ch\/de\/wp-json\/wp\/v2\/product_tag?post=51710"},{"taxonomy":"compatibilite","embeddable":true,"href":"https:\/\/stage.shop-cellularswiss.ch\/de\/wp-json\/wp\/v2\/compatibilite?post=51710"},{"taxonomy":"compatibilite_smartphone","embeddable":true,"href":"https:\/\/stage.shop-cellularswiss.ch\/de\/wp-json\/wp\/v2\/compatibilite_smartphone?post=51710"}],"curies":[{"name":"wp","href":"https:\/\/api.w.org\/{rel}","templated":true}]}}