
{"id":51742,"date":"2021-03-20T13:59:39","date_gmt":"2021-03-20T12:59:39","guid":{"rendered":"https:\/\/stage.shop-cellularswiss.ch\/produit\/fine-iphone-xr\/"},"modified":"2021-03-20T13:59:40","modified_gmt":"2021-03-20T12:59:40","slug":"fine-iphone-xr","status":"publish","type":"product","link":"https:\/\/stage.shop-cellularswiss.ch\/de\/produit\/fine-iphone-xr\/","title":{"rendered":"Fine &#8211; iPhone XR"},"content":{"rendered":"<p>Fine ist das ultraschmale Cover aus weichem Gummi, das sich perfekt an die Form des Telefons anlegt, ohne dessen Design, Dicke und Farbe zu \u00e4ndern. Sie ist angenehm anzufassen und sch\u00fctzt vor Kratzern und St\u00f6\u00dfen. Das minimalistische Design aus Gummi ist so wenig invasiv wie m\u00f6glich.<\/p>\n","protected":false},"excerpt":{"rendered":"<p>Ultrad\u00fcnne Schutzh\u00fclle aus weichem Gummi<\/p>\n","protected":false},"featured_media":55922,"comment_status":"closed","ping_status":"open","template":"","meta":{"_et_pb_use_builder":"","_et_pb_old_content":"","_et_gb_content_width":""},"pwb-brand":[],"product_cat":[542,559],"product_tag":[],"compatibilite":[],"compatibilite_smartphone":[4435],"brands":[],"_links":{"self":[{"href":"https:\/\/stage.shop-cellularswiss.ch\/de\/wp-json\/wp\/v2\/product\/51742"}],"collection":[{"href":"https:\/\/stage.shop-cellularswiss.ch\/de\/wp-json\/wp\/v2\/product"}],"about":[{"href":"https:\/\/stage.shop-cellularswiss.ch\/de\/wp-json\/wp\/v2\/types\/product"}],"replies":[{"embeddable":true,"href":"https:\/\/stage.shop-cellularswiss.ch\/de\/wp-json\/wp\/v2\/comments?post=51742"}],"wp:featuredmedia":[{"embeddable":true,"href":"https:\/\/stage.shop-cellularswiss.ch\/de\/wp-json\/wp\/v2\/media\/55922"}],"wp:attachment":[{"href":"https:\/\/stage.shop-cellularswiss.ch\/de\/wp-json\/wp\/v2\/media?parent=51742"}],"wp:term":[{"taxonomy":"pwb-brand","embeddable":true,"href":"https:\/\/stage.shop-cellularswiss.ch\/de\/wp-json\/wp\/v2\/pwb-brand?post=51742"},{"taxonomy":"product_cat","embeddable":true,"href":"https:\/\/stage.shop-cellularswiss.ch\/de\/wp-json\/wp\/v2\/product_cat?post=51742"},{"taxonomy":"product_tag","embeddable":true,"href":"https:\/\/stage.shop-cellularswiss.ch\/de\/wp-json\/wp\/v2\/product_tag?post=51742"},{"taxonomy":"compatibilite","embeddable":true,"href":"https:\/\/stage.shop-cellularswiss.ch\/de\/wp-json\/wp\/v2\/compatibilite?post=51742"},{"taxonomy":"compatibilite_smartphone","embeddable":true,"href":"https:\/\/stage.shop-cellularswiss.ch\/de\/wp-json\/wp\/v2\/compatibilite_smartphone?post=51742"}],"curies":[{"name":"wp","href":"https:\/\/api.w.org\/{rel}","templated":true}]}}