
{"id":51752,"date":"2021-03-20T11:12:08","date_gmt":"2021-03-20T12:59:55","guid":{"rendered":"https:\/\/stage.shop-cellularswiss.ch\/produit\/fizzy\/"},"modified":"2021-03-20T14:00:03","modified_gmt":"2021-03-20T13:00:03","slug":"fizzy","status":"publish","type":"product","link":"https:\/\/stage.shop-cellularswiss.ch\/de\/produit\/fizzy\/","title":{"rendered":"Fizzy"},"content":{"rendered":"<p>Fizzy ist ein kleiner, tragbarer und super bunter Bluetooth\u00ae-Lautsprecher, der sich ideal eignet, um deine Lieblingsmusik zu jedem Zeitpunkt des Tages und \u00fcberall anzuh\u00f6ren. Mit einem Rahmen aus Soft-Touch-Material und Fernbedienungskn\u00f6pfen im Relief hat Fizzy ein einfaches und kompaktes Design und garantiert einen sauberen und qualitativ hochwertigen Sound dank der optimalen Ausgewogenheit zwischen den hohen und tiefen Frequenzen. Des Weiteren kann man ihn dank der Freisprechfunktion auch zur Annahme der Anrufe auf dem Smartphone verwenden. Entdecke alle verschiedenen verf\u00fcgbaren Farbt\u00f6ne.<\/p>\n","protected":false},"excerpt":{"rendered":"<p>Wireless Portabler Lautsprecher, Bluetooth\u00ae<\/p>\n","protected":false},"featured_media":54738,"comment_status":"closed","ping_status":"closed","template":"","meta":{"_et_pb_use_builder":"","_et_pb_old_content":"","_et_gb_content_width":""},"pwb-brand":[],"product_cat":[472,484,539],"product_tag":[],"compatibilite":[],"compatibilite_smartphone":[],"brands":[],"_links":{"self":[{"href":"https:\/\/stage.shop-cellularswiss.ch\/de\/wp-json\/wp\/v2\/product\/51752"}],"collection":[{"href":"https:\/\/stage.shop-cellularswiss.ch\/de\/wp-json\/wp\/v2\/product"}],"about":[{"href":"https:\/\/stage.shop-cellularswiss.ch\/de\/wp-json\/wp\/v2\/types\/product"}],"replies":[{"embeddable":true,"href":"https:\/\/stage.shop-cellularswiss.ch\/de\/wp-json\/wp\/v2\/comments?post=51752"}],"wp:featuredmedia":[{"embeddable":true,"href":"https:\/\/stage.shop-cellularswiss.ch\/de\/wp-json\/wp\/v2\/media\/54738"}],"wp:attachment":[{"href":"https:\/\/stage.shop-cellularswiss.ch\/de\/wp-json\/wp\/v2\/media?parent=51752"}],"wp:term":[{"taxonomy":"pwb-brand","embeddable":true,"href":"https:\/\/stage.shop-cellularswiss.ch\/de\/wp-json\/wp\/v2\/pwb-brand?post=51752"},{"taxonomy":"product_cat","embeddable":true,"href":"https:\/\/stage.shop-cellularswiss.ch\/de\/wp-json\/wp\/v2\/product_cat?post=51752"},{"taxonomy":"product_tag","embeddable":true,"href":"https:\/\/stage.shop-cellularswiss.ch\/de\/wp-json\/wp\/v2\/product_tag?post=51752"},{"taxonomy":"compatibilite","embeddable":true,"href":"https:\/\/stage.shop-cellularswiss.ch\/de\/wp-json\/wp\/v2\/compatibilite?post=51752"},{"taxonomy":"compatibilite_smartphone","embeddable":true,"href":"https:\/\/stage.shop-cellularswiss.ch\/de\/wp-json\/wp\/v2\/compatibilite_smartphone?post=51752"}],"curies":[{"name":"wp","href":"https:\/\/api.w.org\/{rel}","templated":true}]}}