
{"id":51757,"date":"2021-03-20T11:12:20","date_gmt":"2021-03-20T13:00:02","guid":{"rendered":"https:\/\/stage.shop-cellularswiss.ch\/produit\/flag\/"},"modified":"2021-03-20T14:00:11","modified_gmt":"2021-03-20T13:00:11","slug":"flag","status":"publish","type":"product","link":"https:\/\/stage.shop-cellularswiss.ch\/de\/produit\/flag\/","title":{"rendered":"FLAG"},"content":{"rendered":"<p>Ein ganzer Tag Musik, ohne das Risiko leerer Batterien zur besten Zeitpunkt? Das ist jetzt dank des Headsets Flag m\u00f6glich. Das kabellose Headset Flag erm\u00f6glicht Ihnen, Ihre Lieblingsmusik mit Bluetooth-Technologie bis zu 28 Stunden lang zu h\u00f6ren, wobei dank des Ladecase bis zu 6 vollst\u00e4ndige Ladevorg\u00e4nge Ihres kabellosen Headsets garantiert werden. Mit den Touch-Bedienelementen an den Ohrh\u00f6rern k\u00f6nnen Anrufe entgegengenommen und zwischen den Musiktiteln gewechselt werden.<\/p>\n","protected":false},"excerpt":{"rendered":"<p>In-Ear-Bluetooth\u00ae-Headset mit Ladecase mit bis zu 28 Stunden Gesamtspielzeit und Touch-Bedienung<\/p>\n","protected":false},"featured_media":62600,"comment_status":"closed","ping_status":"closed","template":"","meta":{"_et_pb_use_builder":"","_et_pb_old_content":"","_et_gb_content_width":""},"pwb-brand":[],"product_cat":[493,509],"product_tag":[],"compatibilite":[],"compatibilite_smartphone":[4366,4384,4365,4436,4443,4441,4417,4419,4420,4418,4437,4439,4438,4446,4442,4445,4444,4440,4358,4435,4433,4434,4385,4388,4386,4389,4387,4421,4402,4413,4406,4414,4405,4408,4403,4407,4404,4410,4422,4409,4427,4428,4423,4401,4400,4431,4425,4424,4393,4397,4416,4411,4426,4392,4391],"brands":[],"_links":{"self":[{"href":"https:\/\/stage.shop-cellularswiss.ch\/de\/wp-json\/wp\/v2\/product\/51757"}],"collection":[{"href":"https:\/\/stage.shop-cellularswiss.ch\/de\/wp-json\/wp\/v2\/product"}],"about":[{"href":"https:\/\/stage.shop-cellularswiss.ch\/de\/wp-json\/wp\/v2\/types\/product"}],"replies":[{"embeddable":true,"href":"https:\/\/stage.shop-cellularswiss.ch\/de\/wp-json\/wp\/v2\/comments?post=51757"}],"wp:featuredmedia":[{"embeddable":true,"href":"https:\/\/stage.shop-cellularswiss.ch\/de\/wp-json\/wp\/v2\/media\/62600"}],"wp:attachment":[{"href":"https:\/\/stage.shop-cellularswiss.ch\/de\/wp-json\/wp\/v2\/media?parent=51757"}],"wp:term":[{"taxonomy":"pwb-brand","embeddable":true,"href":"https:\/\/stage.shop-cellularswiss.ch\/de\/wp-json\/wp\/v2\/pwb-brand?post=51757"},{"taxonomy":"product_cat","embeddable":true,"href":"https:\/\/stage.shop-cellularswiss.ch\/de\/wp-json\/wp\/v2\/product_cat?post=51757"},{"taxonomy":"product_tag","embeddable":true,"href":"https:\/\/stage.shop-cellularswiss.ch\/de\/wp-json\/wp\/v2\/product_tag?post=51757"},{"taxonomy":"compatibilite","embeddable":true,"href":"https:\/\/stage.shop-cellularswiss.ch\/de\/wp-json\/wp\/v2\/compatibilite?post=51757"},{"taxonomy":"compatibilite_smartphone","embeddable":true,"href":"https:\/\/stage.shop-cellularswiss.ch\/de\/wp-json\/wp\/v2\/compatibilite_smartphone?post=51757"}],"curies":[{"name":"wp","href":"https:\/\/api.w.org\/{rel}","templated":true}]}}