
{"id":51761,"date":"2021-03-20T11:12:32","date_gmt":"2021-03-20T13:00:10","guid":{"rendered":"https:\/\/stage.shop-cellularswiss.ch\/produit\/fluo-case-iphone-6s-6\/"},"modified":"2021-03-20T14:00:17","modified_gmt":"2021-03-20T13:00:17","slug":"fluo-case-iphone-6s-6","status":"publish","type":"product","link":"https:\/\/stage.shop-cellularswiss.ch\/de\/produit\/fluo-case-iphone-6s-6\/","title":{"rendered":"Fluo Case &#8211; iPhone 6S\/6"},"content":{"rendered":"<p>FLUO CASES sind die Schutzh\u00fcllen aus ultrad\u00fcnnem Gummi mit transparentem Finish, mit denen man die R\u00fcckseite des Telefons zeigen und ihr dennoch eine coole und frische Farbe verleihen kann \u2013 ein Blickfang nicht nur f\u00fcr den Fr\u00fchling\/Sommer!<\/p>\n","protected":false},"excerpt":{"rendered":"<p>Ultrad\u00fcnne transparente Schutzh\u00fcllen aus Gummi<\/p>\n","protected":false},"featured_media":54630,"comment_status":"closed","ping_status":"closed","template":"","meta":{"_et_pb_use_builder":"","_et_pb_old_content":"","_et_gb_content_width":""},"pwb-brand":[],"product_cat":[542,559],"product_tag":[],"compatibilite":[],"compatibilite_smartphone":[],"brands":[],"_links":{"self":[{"href":"https:\/\/stage.shop-cellularswiss.ch\/de\/wp-json\/wp\/v2\/product\/51761"}],"collection":[{"href":"https:\/\/stage.shop-cellularswiss.ch\/de\/wp-json\/wp\/v2\/product"}],"about":[{"href":"https:\/\/stage.shop-cellularswiss.ch\/de\/wp-json\/wp\/v2\/types\/product"}],"replies":[{"embeddable":true,"href":"https:\/\/stage.shop-cellularswiss.ch\/de\/wp-json\/wp\/v2\/comments?post=51761"}],"wp:featuredmedia":[{"embeddable":true,"href":"https:\/\/stage.shop-cellularswiss.ch\/de\/wp-json\/wp\/v2\/media\/54630"}],"wp:attachment":[{"href":"https:\/\/stage.shop-cellularswiss.ch\/de\/wp-json\/wp\/v2\/media?parent=51761"}],"wp:term":[{"taxonomy":"pwb-brand","embeddable":true,"href":"https:\/\/stage.shop-cellularswiss.ch\/de\/wp-json\/wp\/v2\/pwb-brand?post=51761"},{"taxonomy":"product_cat","embeddable":true,"href":"https:\/\/stage.shop-cellularswiss.ch\/de\/wp-json\/wp\/v2\/product_cat?post=51761"},{"taxonomy":"product_tag","embeddable":true,"href":"https:\/\/stage.shop-cellularswiss.ch\/de\/wp-json\/wp\/v2\/product_tag?post=51761"},{"taxonomy":"compatibilite","embeddable":true,"href":"https:\/\/stage.shop-cellularswiss.ch\/de\/wp-json\/wp\/v2\/compatibilite?post=51761"},{"taxonomy":"compatibilite_smartphone","embeddable":true,"href":"https:\/\/stage.shop-cellularswiss.ch\/de\/wp-json\/wp\/v2\/compatibilite_smartphone?post=51761"}],"curies":[{"name":"wp","href":"https:\/\/api.w.org\/{rel}","templated":true}]}}