
{"id":51776,"date":"2021-03-20T11:13:07","date_gmt":"2021-03-20T13:00:37","guid":{"rendered":"https:\/\/stage.shop-cellularswiss.ch\/produit\/folio-ipad-97-2018-97-2017-ipad-air\/"},"modified":"2021-03-20T14:00:39","modified_gmt":"2021-03-20T13:00:39","slug":"folio-ipad-97-2018-97-2017-ipad-air","status":"publish","type":"product","link":"https:\/\/stage.shop-cellularswiss.ch\/de\/produit\/folio-ipad-97-2018-97-2017-ipad-air\/","title":{"rendered":"Folio &#8211; iPad 9,7&#8243; (2018), 9,7&#8243; (2017), iPad Air"},"content":{"rendered":"<p>Folio ist die Schutzh\u00fclle f\u00fcr Tablets mit halbstarrem r\u00fcckseitigen Geh\u00e4use zum Schutz der Kanten und mit Frontabdeckung aus Kunstleder zum Schutz des Displays. Der ganz leicht zusammenklappbare praktische St\u00e4nder verf\u00fcgt \u00fcber drei Neigungswinkel zum Schreiben, Telefonieren, Filmeschauen und Surfen. Mit der Funktion Sleep Mode erm\u00f6glicht es Folio, dass sich das Tablet beim \u00d6ffnen automatisch einschaltet und der Standby-Betrieb eingeschaltet wird, wenn es geschlossen wird.<\/p>\n","protected":false},"excerpt":{"rendered":"<p>Schutzh\u00fclle f\u00fcr Tablets mit Standfunktion<\/p>\n","protected":false},"featured_media":55870,"comment_status":"closed","ping_status":"closed","template":"","meta":{"_et_pb_use_builder":"","_et_pb_old_content":"","_et_gb_content_width":""},"pwb-brand":[],"product_cat":[542],"product_tag":[],"compatibilite":[],"compatibilite_smartphone":[4366,4365,4375,4376],"brands":[],"_links":{"self":[{"href":"https:\/\/stage.shop-cellularswiss.ch\/de\/wp-json\/wp\/v2\/product\/51776"}],"collection":[{"href":"https:\/\/stage.shop-cellularswiss.ch\/de\/wp-json\/wp\/v2\/product"}],"about":[{"href":"https:\/\/stage.shop-cellularswiss.ch\/de\/wp-json\/wp\/v2\/types\/product"}],"replies":[{"embeddable":true,"href":"https:\/\/stage.shop-cellularswiss.ch\/de\/wp-json\/wp\/v2\/comments?post=51776"}],"wp:featuredmedia":[{"embeddable":true,"href":"https:\/\/stage.shop-cellularswiss.ch\/de\/wp-json\/wp\/v2\/media\/55870"}],"wp:attachment":[{"href":"https:\/\/stage.shop-cellularswiss.ch\/de\/wp-json\/wp\/v2\/media?parent=51776"}],"wp:term":[{"taxonomy":"pwb-brand","embeddable":true,"href":"https:\/\/stage.shop-cellularswiss.ch\/de\/wp-json\/wp\/v2\/pwb-brand?post=51776"},{"taxonomy":"product_cat","embeddable":true,"href":"https:\/\/stage.shop-cellularswiss.ch\/de\/wp-json\/wp\/v2\/product_cat?post=51776"},{"taxonomy":"product_tag","embeddable":true,"href":"https:\/\/stage.shop-cellularswiss.ch\/de\/wp-json\/wp\/v2\/product_tag?post=51776"},{"taxonomy":"compatibilite","embeddable":true,"href":"https:\/\/stage.shop-cellularswiss.ch\/de\/wp-json\/wp\/v2\/compatibilite?post=51776"},{"taxonomy":"compatibilite_smartphone","embeddable":true,"href":"https:\/\/stage.shop-cellularswiss.ch\/de\/wp-json\/wp\/v2\/compatibilite_smartphone?post=51776"}],"curies":[{"name":"wp","href":"https:\/\/api.w.org\/{rel}","templated":true}]}}