
{"id":51791,"date":"2021-03-20T14:01:00","date_gmt":"2021-03-20T13:01:00","guid":{"rendered":"https:\/\/stage.shop-cellularswiss.ch\/produit\/folio-pen-ipad-pro-11-2018\/"},"modified":"2021-03-20T14:01:04","modified_gmt":"2021-03-20T13:01:04","slug":"folio-pen-ipad-pro-11-2018","status":"publish","type":"product","link":"https:\/\/stage.shop-cellularswiss.ch\/de\/produit\/folio-pen-ipad-pro-11-2018\/","title":{"rendered":"Folio Pen &#8211; iPad Pro 11&#8243; (2018)"},"content":{"rendered":"<p>Folio Pencil ist die ultrasch\u00fctzende H\u00fclle f\u00fcr das iPad mit halbstarrem r\u00fcckseitigen Geh\u00e4use zum Schutz von Kanten, Ecken und Anschl\u00fcssen und mit Frontabdeckung aus Kunstleder zum Schutz des Displays. Der ganz leicht zusammenklappbare praktische St\u00e4nder verf\u00fcgt \u00fcber zwei Neigungswinkel zum Schreiben, Telefonieren, Filmeschauen und Surfen. Mit der Funktion Sleep Mode erm\u00f6glicht es Folio, dass sich das Tablet beim \u00d6ffnen automatisch einschaltet und der Standby-Betrieb eingeschaltet wird, wenn es geschlossen wird. Es ist au\u00dferdem mit einem Fach zum Schutz des Apple Pencil ausgestattet.<\/p>\n","protected":false},"excerpt":{"rendered":"<p>Ultrasch\u00fctzendes Case mit Fach f\u00fcr den Apple Pencil<\/p>\n","protected":false},"featured_media":55838,"comment_status":"closed","ping_status":"open","template":"","meta":{"_et_pb_use_builder":"","_et_pb_old_content":"","_et_gb_content_width":""},"pwb-brand":[],"product_cat":[542],"product_tag":[],"compatibilite":[],"compatibilite_smartphone":[4417],"brands":[],"_links":{"self":[{"href":"https:\/\/stage.shop-cellularswiss.ch\/de\/wp-json\/wp\/v2\/product\/51791"}],"collection":[{"href":"https:\/\/stage.shop-cellularswiss.ch\/de\/wp-json\/wp\/v2\/product"}],"about":[{"href":"https:\/\/stage.shop-cellularswiss.ch\/de\/wp-json\/wp\/v2\/types\/product"}],"replies":[{"embeddable":true,"href":"https:\/\/stage.shop-cellularswiss.ch\/de\/wp-json\/wp\/v2\/comments?post=51791"}],"wp:featuredmedia":[{"embeddable":true,"href":"https:\/\/stage.shop-cellularswiss.ch\/de\/wp-json\/wp\/v2\/media\/55838"}],"wp:attachment":[{"href":"https:\/\/stage.shop-cellularswiss.ch\/de\/wp-json\/wp\/v2\/media?parent=51791"}],"wp:term":[{"taxonomy":"pwb-brand","embeddable":true,"href":"https:\/\/stage.shop-cellularswiss.ch\/de\/wp-json\/wp\/v2\/pwb-brand?post=51791"},{"taxonomy":"product_cat","embeddable":true,"href":"https:\/\/stage.shop-cellularswiss.ch\/de\/wp-json\/wp\/v2\/product_cat?post=51791"},{"taxonomy":"product_tag","embeddable":true,"href":"https:\/\/stage.shop-cellularswiss.ch\/de\/wp-json\/wp\/v2\/product_tag?post=51791"},{"taxonomy":"compatibilite","embeddable":true,"href":"https:\/\/stage.shop-cellularswiss.ch\/de\/wp-json\/wp\/v2\/compatibilite?post=51791"},{"taxonomy":"compatibilite_smartphone","embeddable":true,"href":"https:\/\/stage.shop-cellularswiss.ch\/de\/wp-json\/wp\/v2\/compatibilite_smartphone?post=51791"}],"curies":[{"name":"wp","href":"https:\/\/api.w.org\/{rel}","templated":true}]}}