
{"id":51793,"date":"2021-03-20T11:13:47","date_gmt":"2021-03-20T13:01:03","guid":{"rendered":"https:\/\/stage.shop-cellularswiss.ch\/produit\/freecable-usb-key-micro-usb\/"},"modified":"2021-03-20T14:01:07","modified_gmt":"2021-03-20T13:01:07","slug":"freecable-usb-key-micro-usb","status":"publish","type":"product","link":"https:\/\/stage.shop-cellularswiss.ch\/de\/produit\/freecable-usb-key-micro-usb\/","title":{"rendered":"Freecable USB Key &#8211; Micro USB"},"content":{"rendered":"<p>Das USB-Datenkabel im Schl\u00fcsselanh\u00e4nger. Weich, kurz und flexibel, ist es das praktischste Kabel, das man immer bei sich tragen kann. Noch praktischer f\u00fcr die Anwendung mit tragbaren Ladeger\u00e4ten. Mit Micro-USB-Anschluss ausgestattet. Mit Schnell-Ladeger\u00e4ten kompatibel.<\/p>\n","protected":false},"excerpt":{"rendered":"<p>USB-Datenkabel im Schl\u00fcsselanh\u00e4nger<\/p>\n","protected":false},"featured_media":54246,"comment_status":"closed","ping_status":"closed","template":"","meta":{"_et_pb_use_builder":"","_et_pb_old_content":"","_et_gb_content_width":""},"pwb-brand":[],"product_cat":[3863,1781,539],"product_tag":[],"compatibilite":[],"compatibilite_smartphone":[],"brands":[],"_links":{"self":[{"href":"https:\/\/stage.shop-cellularswiss.ch\/de\/wp-json\/wp\/v2\/product\/51793"}],"collection":[{"href":"https:\/\/stage.shop-cellularswiss.ch\/de\/wp-json\/wp\/v2\/product"}],"about":[{"href":"https:\/\/stage.shop-cellularswiss.ch\/de\/wp-json\/wp\/v2\/types\/product"}],"replies":[{"embeddable":true,"href":"https:\/\/stage.shop-cellularswiss.ch\/de\/wp-json\/wp\/v2\/comments?post=51793"}],"wp:featuredmedia":[{"embeddable":true,"href":"https:\/\/stage.shop-cellularswiss.ch\/de\/wp-json\/wp\/v2\/media\/54246"}],"wp:attachment":[{"href":"https:\/\/stage.shop-cellularswiss.ch\/de\/wp-json\/wp\/v2\/media?parent=51793"}],"wp:term":[{"taxonomy":"pwb-brand","embeddable":true,"href":"https:\/\/stage.shop-cellularswiss.ch\/de\/wp-json\/wp\/v2\/pwb-brand?post=51793"},{"taxonomy":"product_cat","embeddable":true,"href":"https:\/\/stage.shop-cellularswiss.ch\/de\/wp-json\/wp\/v2\/product_cat?post=51793"},{"taxonomy":"product_tag","embeddable":true,"href":"https:\/\/stage.shop-cellularswiss.ch\/de\/wp-json\/wp\/v2\/product_tag?post=51793"},{"taxonomy":"compatibilite","embeddable":true,"href":"https:\/\/stage.shop-cellularswiss.ch\/de\/wp-json\/wp\/v2\/compatibilite?post=51793"},{"taxonomy":"compatibilite_smartphone","embeddable":true,"href":"https:\/\/stage.shop-cellularswiss.ch\/de\/wp-json\/wp\/v2\/compatibilite_smartphone?post=51793"}],"curies":[{"name":"wp","href":"https:\/\/api.w.org\/{rel}","templated":true}]}}