
{"id":51795,"date":"2021-03-20T11:13:51","date_gmt":"2021-03-20T13:01:06","guid":{"rendered":"https:\/\/stage.shop-cellularswiss.ch\/produit\/freedom-in-ear-universale-2\/"},"modified":"2021-03-20T14:01:10","modified_gmt":"2021-03-20T13:01:10","slug":"freedom-in-ear-universale-2","status":"publish","type":"product","link":"https:\/\/stage.shop-cellularswiss.ch\/de\/produit\/freedom-in-ear-universale-2\/","title":{"rendered":"FREEDOM IN-EAR &#8211; UNIVERSALE"},"content":{"rendered":"<p>Freedom In-Ear ist das neue leichte und ultrastabile Bluetooth In-Ear Headset mit praktischem flexiblen Au\u00dfenb\u00fcgel und perfekt f\u00fcr das Anh\u00f6ren von Musik und Telefonanrufe mit totaler Bewegungsfreiheit bei gleichzeitig maximaler Klangqualit\u00e4t. Das Freedom In-Ear Headset ist in zwei verschiedenen Farben mit roten Details verf\u00fcgbar, die der Musik einen Farbtupfer verleihen.<\/p>\n","protected":false},"excerpt":{"rendered":"<p>Ultrastabiles In-Ear Stereo-Headset mit Bluetooth\u00ae<\/p>\n","protected":false},"featured_media":54766,"comment_status":"closed","ping_status":"closed","template":"","meta":{"_et_pb_use_builder":"","_et_pb_old_content":"","_et_gb_content_width":""},"pwb-brand":[],"product_cat":[493,509],"product_tag":[],"compatibilite":[],"compatibilite_smartphone":[],"brands":[],"_links":{"self":[{"href":"https:\/\/stage.shop-cellularswiss.ch\/de\/wp-json\/wp\/v2\/product\/51795"}],"collection":[{"href":"https:\/\/stage.shop-cellularswiss.ch\/de\/wp-json\/wp\/v2\/product"}],"about":[{"href":"https:\/\/stage.shop-cellularswiss.ch\/de\/wp-json\/wp\/v2\/types\/product"}],"replies":[{"embeddable":true,"href":"https:\/\/stage.shop-cellularswiss.ch\/de\/wp-json\/wp\/v2\/comments?post=51795"}],"wp:featuredmedia":[{"embeddable":true,"href":"https:\/\/stage.shop-cellularswiss.ch\/de\/wp-json\/wp\/v2\/media\/54766"}],"wp:attachment":[{"href":"https:\/\/stage.shop-cellularswiss.ch\/de\/wp-json\/wp\/v2\/media?parent=51795"}],"wp:term":[{"taxonomy":"pwb-brand","embeddable":true,"href":"https:\/\/stage.shop-cellularswiss.ch\/de\/wp-json\/wp\/v2\/pwb-brand?post=51795"},{"taxonomy":"product_cat","embeddable":true,"href":"https:\/\/stage.shop-cellularswiss.ch\/de\/wp-json\/wp\/v2\/product_cat?post=51795"},{"taxonomy":"product_tag","embeddable":true,"href":"https:\/\/stage.shop-cellularswiss.ch\/de\/wp-json\/wp\/v2\/product_tag?post=51795"},{"taxonomy":"compatibilite","embeddable":true,"href":"https:\/\/stage.shop-cellularswiss.ch\/de\/wp-json\/wp\/v2\/compatibilite?post=51795"},{"taxonomy":"compatibilite_smartphone","embeddable":true,"href":"https:\/\/stage.shop-cellularswiss.ch\/de\/wp-json\/wp\/v2\/compatibilite_smartphone?post=51795"}],"curies":[{"name":"wp","href":"https:\/\/api.w.org\/{rel}","templated":true}]}}