
{"id":51796,"date":"2021-03-20T11:13:53","date_gmt":"2021-03-20T13:01:09","guid":{"rendered":"https:\/\/stage.shop-cellularswiss.ch\/produit\/freepower-5200-universale\/"},"modified":"2021-03-20T14:01:16","modified_gmt":"2021-03-20T13:01:16","slug":"freepower-5200-universale","status":"publish","type":"product","link":"https:\/\/stage.shop-cellularswiss.ch\/de\/produit\/freepower-5200-universale\/","title":{"rendered":"Freepower 5200 &#8211; Universale"},"content":{"rendered":"<p>FreePower 5200 ist eine praktische, leistungsstarke und schnelle Powerbank, die ideal geeignet ist, um jeden Tag mit der richtigen Menge an Energie f\u00fcr das Smartphone zu erleben. Dank der Technologie mit zylindrischen Lithiumzellen und des Schnelllade- und -aufladesystems erm\u00f6glicht das portable Akkuladeger\u00e4t FreePower 5200 das mehrmalige Aufladen des Telefons in Folge, sodass man die ganze Energie, die man ben\u00f6tigt, immer im richtigen Moment hat.<\/p>\n","protected":false},"excerpt":{"rendered":"<p>Leistungsstarkes und schnelles portables Akkuladeger\u00e4t<\/p>\n","protected":false},"featured_media":54610,"comment_status":"closed","ping_status":"closed","template":"","meta":{"_et_pb_use_builder":"","_et_pb_old_content":"","_et_gb_content_width":""},"pwb-brand":[],"product_cat":[1781,1793,539],"product_tag":[],"compatibilite":[],"compatibilite_smartphone":[],"brands":[],"_links":{"self":[{"href":"https:\/\/stage.shop-cellularswiss.ch\/de\/wp-json\/wp\/v2\/product\/51796"}],"collection":[{"href":"https:\/\/stage.shop-cellularswiss.ch\/de\/wp-json\/wp\/v2\/product"}],"about":[{"href":"https:\/\/stage.shop-cellularswiss.ch\/de\/wp-json\/wp\/v2\/types\/product"}],"replies":[{"embeddable":true,"href":"https:\/\/stage.shop-cellularswiss.ch\/de\/wp-json\/wp\/v2\/comments?post=51796"}],"wp:featuredmedia":[{"embeddable":true,"href":"https:\/\/stage.shop-cellularswiss.ch\/de\/wp-json\/wp\/v2\/media\/54610"}],"wp:attachment":[{"href":"https:\/\/stage.shop-cellularswiss.ch\/de\/wp-json\/wp\/v2\/media?parent=51796"}],"wp:term":[{"taxonomy":"pwb-brand","embeddable":true,"href":"https:\/\/stage.shop-cellularswiss.ch\/de\/wp-json\/wp\/v2\/pwb-brand?post=51796"},{"taxonomy":"product_cat","embeddable":true,"href":"https:\/\/stage.shop-cellularswiss.ch\/de\/wp-json\/wp\/v2\/product_cat?post=51796"},{"taxonomy":"product_tag","embeddable":true,"href":"https:\/\/stage.shop-cellularswiss.ch\/de\/wp-json\/wp\/v2\/product_tag?post=51796"},{"taxonomy":"compatibilite","embeddable":true,"href":"https:\/\/stage.shop-cellularswiss.ch\/de\/wp-json\/wp\/v2\/compatibilite?post=51796"},{"taxonomy":"compatibilite_smartphone","embeddable":true,"href":"https:\/\/stage.shop-cellularswiss.ch\/de\/wp-json\/wp\/v2\/compatibilite_smartphone?post=51796"}],"curies":[{"name":"wp","href":"https:\/\/api.w.org\/{rel}","templated":true}]}}