
{"id":51800,"date":"2021-03-20T11:14:03","date_gmt":"2021-03-20T13:01:15","guid":{"rendered":"https:\/\/stage.shop-cellularswiss.ch\/produit\/freepower-active-universal\/"},"modified":"2021-03-20T14:01:17","modified_gmt":"2021-03-20T13:01:17","slug":"freepower-active-universal","status":"publish","type":"product","link":"https:\/\/stage.shop-cellularswiss.ch\/de\/produit\/freepower-active-universal\/","title":{"rendered":"Freepower Active &#8211; Universal"},"content":{"rendered":"<p>Das tragbare USB-Ladeger\u00e4t eignet sich f\u00fcr ein Leben im Freien, f\u00fcr den Sport und Fitnessclub. FreePower Active ist schlau und bunt: Das Ger\u00e4t ist mit einer sto\u00dffesten Soft-Touch-Beschichtung und einem St\u00f6psel versehen, der es vor Wasserspritzern und Staub sch\u00fctzt. Ein Micro-USB-Kabel ist im Lieferumfang enthalten.<\/p>\n","protected":false},"excerpt":{"rendered":"<p>Sto\u00dffest, staub- und spritzdicht<\/p>\n","protected":false},"featured_media":54614,"comment_status":"closed","ping_status":"closed","template":"","meta":{"_et_pb_use_builder":"","_et_pb_old_content":"","_et_gb_content_width":""},"pwb-brand":[],"product_cat":[1781,1793,539],"product_tag":[],"compatibilite":[],"compatibilite_smartphone":[],"brands":[],"_links":{"self":[{"href":"https:\/\/stage.shop-cellularswiss.ch\/de\/wp-json\/wp\/v2\/product\/51800"}],"collection":[{"href":"https:\/\/stage.shop-cellularswiss.ch\/de\/wp-json\/wp\/v2\/product"}],"about":[{"href":"https:\/\/stage.shop-cellularswiss.ch\/de\/wp-json\/wp\/v2\/types\/product"}],"replies":[{"embeddable":true,"href":"https:\/\/stage.shop-cellularswiss.ch\/de\/wp-json\/wp\/v2\/comments?post=51800"}],"wp:featuredmedia":[{"embeddable":true,"href":"https:\/\/stage.shop-cellularswiss.ch\/de\/wp-json\/wp\/v2\/media\/54614"}],"wp:attachment":[{"href":"https:\/\/stage.shop-cellularswiss.ch\/de\/wp-json\/wp\/v2\/media?parent=51800"}],"wp:term":[{"taxonomy":"pwb-brand","embeddable":true,"href":"https:\/\/stage.shop-cellularswiss.ch\/de\/wp-json\/wp\/v2\/pwb-brand?post=51800"},{"taxonomy":"product_cat","embeddable":true,"href":"https:\/\/stage.shop-cellularswiss.ch\/de\/wp-json\/wp\/v2\/product_cat?post=51800"},{"taxonomy":"product_tag","embeddable":true,"href":"https:\/\/stage.shop-cellularswiss.ch\/de\/wp-json\/wp\/v2\/product_tag?post=51800"},{"taxonomy":"compatibilite","embeddable":true,"href":"https:\/\/stage.shop-cellularswiss.ch\/de\/wp-json\/wp\/v2\/compatibilite?post=51800"},{"taxonomy":"compatibilite_smartphone","embeddable":true,"href":"https:\/\/stage.shop-cellularswiss.ch\/de\/wp-json\/wp\/v2\/compatibilite_smartphone?post=51800"}],"curies":[{"name":"wp","href":"https:\/\/api.w.org\/{rel}","templated":true}]}}