
{"id":51801,"date":"2021-03-20T11:14:05","date_gmt":"2021-03-20T13:01:15","guid":{"rendered":"https:\/\/stage.shop-cellularswiss.ch\/produit\/freepower-cable-5000-lightning\/"},"modified":"2021-03-20T14:01:20","modified_gmt":"2021-03-20T13:01:20","slug":"freepower-cable-5000-lightning","status":"publish","type":"product","link":"https:\/\/stage.shop-cellularswiss.ch\/de\/produit\/freepower-cable-5000-lightning\/","title":{"rendered":"FreePower Cable 5000 &#8211; Lightning"},"content":{"rendered":"<p>Freepower Cable 5.000 ist die Powerbank, die dich von Kabeln befreit! Das portable Ladeger\u00e4t ist ideal f\u00fcr alle, die stets eine vollkommen mobile Ladel\u00f6sung zur Hand haben wollen. Freepower Cable 5.000 umfasst ein Lightning-Kabel zum Laden von Apple-Ger\u00e4ten und ein USB-Kabel zum Aufladen der Powerbank. Der Akku zu 5000 mAh erm\u00f6glicht zahlreiche Ladevorg\u00e4nge f\u00fcr dein Ger\u00e4t.<\/p>\n","protected":false},"excerpt":{"rendered":"<p>Portables Akkuladeger\u00e4t mit integrierten Kabeln<\/p>\n","protected":false},"featured_media":62712,"comment_status":"closed","ping_status":"closed","template":"","meta":{"_et_pb_use_builder":"","_et_pb_old_content":"","_et_gb_content_width":""},"pwb-brand":[],"product_cat":[1781,1793],"product_tag":[],"compatibilite":[],"compatibilite_smartphone":[4366,4354,4365,4376,4355,4383,4441,4357,4368,4373,4381,4382,4361,4450,4437,4439,4438,4359,4377,4364,4379,4353,4374,4372,4449,4447,4380,4362,4448,4440,4358,4435,4433,4434,4367,4465,4468],"brands":[],"_links":{"self":[{"href":"https:\/\/stage.shop-cellularswiss.ch\/de\/wp-json\/wp\/v2\/product\/51801"}],"collection":[{"href":"https:\/\/stage.shop-cellularswiss.ch\/de\/wp-json\/wp\/v2\/product"}],"about":[{"href":"https:\/\/stage.shop-cellularswiss.ch\/de\/wp-json\/wp\/v2\/types\/product"}],"replies":[{"embeddable":true,"href":"https:\/\/stage.shop-cellularswiss.ch\/de\/wp-json\/wp\/v2\/comments?post=51801"}],"wp:featuredmedia":[{"embeddable":true,"href":"https:\/\/stage.shop-cellularswiss.ch\/de\/wp-json\/wp\/v2\/media\/62712"}],"wp:attachment":[{"href":"https:\/\/stage.shop-cellularswiss.ch\/de\/wp-json\/wp\/v2\/media?parent=51801"}],"wp:term":[{"taxonomy":"pwb-brand","embeddable":true,"href":"https:\/\/stage.shop-cellularswiss.ch\/de\/wp-json\/wp\/v2\/pwb-brand?post=51801"},{"taxonomy":"product_cat","embeddable":true,"href":"https:\/\/stage.shop-cellularswiss.ch\/de\/wp-json\/wp\/v2\/product_cat?post=51801"},{"taxonomy":"product_tag","embeddable":true,"href":"https:\/\/stage.shop-cellularswiss.ch\/de\/wp-json\/wp\/v2\/product_tag?post=51801"},{"taxonomy":"compatibilite","embeddable":true,"href":"https:\/\/stage.shop-cellularswiss.ch\/de\/wp-json\/wp\/v2\/compatibilite?post=51801"},{"taxonomy":"compatibilite_smartphone","embeddable":true,"href":"https:\/\/stage.shop-cellularswiss.ch\/de\/wp-json\/wp\/v2\/compatibilite_smartphone?post=51801"}],"curies":[{"name":"wp","href":"https:\/\/api.w.org\/{rel}","templated":true}]}}