
{"id":51802,"date":"2021-03-20T11:14:08","date_gmt":"2021-03-20T13:01:19","guid":{"rendered":"https:\/\/stage.shop-cellularswiss.ch\/produit\/freepower-manta-8000-universale\/"},"modified":"2021-03-20T14:01:21","modified_gmt":"2021-03-20T13:01:21","slug":"freepower-manta-8000-universale","status":"publish","type":"product","link":"https:\/\/stage.shop-cellularswiss.ch\/de\/produit\/freepower-manta-8000-universale\/","title":{"rendered":"Freepower Manta 8000 &#8211; Universale"},"content":{"rendered":"<p>Freepower Manta 8000 ist das mit der Lithiumpolymertechnologie realisierte portable Akkuladeger\u00e4t der neuesten Generation und ist ideal zum mehrmaligen Laden der Ger\u00e4te. Gleichzeitig zeichnet es sich durch die geringstm\u00f6gliche Dicke aus.<br \/>\n Dank der Fast Charge-Technologie und dem doppelten USB-Port k\u00f6nnen mit maximaler Geschwindigkeit auch mehrere Ger\u00e4te gleichzeitig geladen werden, w\u00e4hrend der schnelle Micro-USB-Eingang das Laden des Akkuladeger\u00e4ts in der halben Zeit erm\u00f6glicht.<br \/>\n Freepower Manta 8000 ist mit einem praktischen digitalen LED-Display ausgestattet, das mit extremer Pr\u00e4zision und Genauigkeit den Restladezustand anzeigt, damit man leichter und bequemer merken kann, wann es Zeit ist, die Powerbank zu laden.<br \/>\n Das ultraflache und leichte Design aus rutschfestem Soft-Touch-Material macht aus der Vorrichtung ein praktisches, funktionales und sch\u00f6nes Zubeh\u00f6r, das perfekt f\u00fcr alle geeignet ist, die immer die richtige Energiemenge zum Laden ihrer Ger\u00e4te in signifikant reduzierten Abmessungen bei sich tragen wollen.<br \/>\n Das System zum gleichzeitigen Laden erm\u00f6glicht nicht nur das gleichzeitige Laden des Freepower Manta 8000, sondern auch eines oder mehrerer Ger\u00e4te, sei es ein Smartphone oder ein Tablet.<\/p>\n","protected":false},"excerpt":{"rendered":"<p>Flacher, schneller, leistungsst\u00e4rker<\/p>\n","protected":false},"featured_media":54582,"comment_status":"closed","ping_status":"closed","template":"","meta":{"_et_pb_use_builder":"","_et_pb_old_content":"","_et_gb_content_width":""},"pwb-brand":[],"product_cat":[1781,1793],"product_tag":[],"compatibilite":[],"compatibilite_smartphone":[],"brands":[],"_links":{"self":[{"href":"https:\/\/stage.shop-cellularswiss.ch\/de\/wp-json\/wp\/v2\/product\/51802"}],"collection":[{"href":"https:\/\/stage.shop-cellularswiss.ch\/de\/wp-json\/wp\/v2\/product"}],"about":[{"href":"https:\/\/stage.shop-cellularswiss.ch\/de\/wp-json\/wp\/v2\/types\/product"}],"replies":[{"embeddable":true,"href":"https:\/\/stage.shop-cellularswiss.ch\/de\/wp-json\/wp\/v2\/comments?post=51802"}],"wp:featuredmedia":[{"embeddable":true,"href":"https:\/\/stage.shop-cellularswiss.ch\/de\/wp-json\/wp\/v2\/media\/54582"}],"wp:attachment":[{"href":"https:\/\/stage.shop-cellularswiss.ch\/de\/wp-json\/wp\/v2\/media?parent=51802"}],"wp:term":[{"taxonomy":"pwb-brand","embeddable":true,"href":"https:\/\/stage.shop-cellularswiss.ch\/de\/wp-json\/wp\/v2\/pwb-brand?post=51802"},{"taxonomy":"product_cat","embeddable":true,"href":"https:\/\/stage.shop-cellularswiss.ch\/de\/wp-json\/wp\/v2\/product_cat?post=51802"},{"taxonomy":"product_tag","embeddable":true,"href":"https:\/\/stage.shop-cellularswiss.ch\/de\/wp-json\/wp\/v2\/product_tag?post=51802"},{"taxonomy":"compatibilite","embeddable":true,"href":"https:\/\/stage.shop-cellularswiss.ch\/de\/wp-json\/wp\/v2\/compatibilite?post=51802"},{"taxonomy":"compatibilite_smartphone","embeddable":true,"href":"https:\/\/stage.shop-cellularswiss.ch\/de\/wp-json\/wp\/v2\/compatibilite_smartphone?post=51802"}],"curies":[{"name":"wp","href":"https:\/\/api.w.org\/{rel}","templated":true}]}}