
{"id":51803,"date":"2021-03-20T11:14:10","date_gmt":"2021-03-20T13:01:19","guid":{"rendered":"https:\/\/stage.shop-cellularswiss.ch\/produit\/freepower-manta-8000-wireless-wireless-smartphones\/"},"modified":"2021-03-20T14:01:23","modified_gmt":"2021-03-20T13:01:23","slug":"freepower-manta-8000-wireless-wireless-smartphones","status":"publish","type":"product","link":"https:\/\/stage.shop-cellularswiss.ch\/de\/produit\/freepower-manta-8000-wireless-wireless-smartphones\/","title":{"rendered":"FreePower Manta 8000 Wireless &#8211; Wireless Smartphones"},"content":{"rendered":"<p>Freepower Manta 8000 Wireless ist das schlanke, schnelle und leistungsstarke portable Akkuladeger\u00e4t mit Lithium-Polymer-Zellen, das sowohl \u00fcber einen doppelten Fast Charge-USB-Port als auch \u00fcber das drahtlose Laden aller kompatiblen Ger\u00e4te mittels Qi-Technologie verf\u00fcgt. Dank der gleichzeitigen Aufladung besteht die M\u00f6glichkeit, gleichzeitig Telefon und Powerbank mit einem einzigen Ladeger\u00e4t zu laden, w\u00e4hrend das in der Packung enthaltene elastische Befestigungssystem es erm\u00f6glicht, die drahtlose Aufladung auch in Bewegung zu nutzen. Freepower Manta 8000 wireless ist mit einem praktischen digitalen LED-Display ausgestattet, das die Restladung mit extremer Pr\u00e4zision anzeigt, damit man leichter und bequemer merken kann, wann es Zeit ist, die Powerbank zu laden. Das ultraflache und leichte Design aus rutschfestem Soft-Touch-Material macht aus der Vorrichtung ein praktisches, funktionales und \u00e4sthetisch ansprechendes Zubeh\u00f6r.<\/p>\n","protected":false},"excerpt":{"rendered":"<p>Ultrad\u00fcnnes portables Akkuladeger\u00e4t mit drahtloser Aufladung<\/p>\n","protected":false},"featured_media":55810,"comment_status":"closed","ping_status":"closed","template":"","meta":{"_et_pb_use_builder":"","_et_pb_old_content":"","_et_gb_content_width":""},"pwb-brand":[],"product_cat":[4540,1781,1793],"product_tag":[],"compatibilite":[],"compatibilite_smartphone":[4366,4469,4384,4365,4436,4443,4441,4417,4419,4420,4418,4437,4439,4438,4446,4442,4445,4444,4380,4362,4440,4358,4435,4433,4434,4388,4386,4387,4421,4390,4415,4402,4406,4414,4405,4408,4403,4407,4404,4410,4422,4409,4427,4428,4423,4401,4400,4431,4425,4424,4429,4430,4393,4412,4397,4416,4411,4426,4392,4391],"brands":[],"_links":{"self":[{"href":"https:\/\/stage.shop-cellularswiss.ch\/de\/wp-json\/wp\/v2\/product\/51803"}],"collection":[{"href":"https:\/\/stage.shop-cellularswiss.ch\/de\/wp-json\/wp\/v2\/product"}],"about":[{"href":"https:\/\/stage.shop-cellularswiss.ch\/de\/wp-json\/wp\/v2\/types\/product"}],"replies":[{"embeddable":true,"href":"https:\/\/stage.shop-cellularswiss.ch\/de\/wp-json\/wp\/v2\/comments?post=51803"}],"wp:featuredmedia":[{"embeddable":true,"href":"https:\/\/stage.shop-cellularswiss.ch\/de\/wp-json\/wp\/v2\/media\/55810"}],"wp:attachment":[{"href":"https:\/\/stage.shop-cellularswiss.ch\/de\/wp-json\/wp\/v2\/media?parent=51803"}],"wp:term":[{"taxonomy":"pwb-brand","embeddable":true,"href":"https:\/\/stage.shop-cellularswiss.ch\/de\/wp-json\/wp\/v2\/pwb-brand?post=51803"},{"taxonomy":"product_cat","embeddable":true,"href":"https:\/\/stage.shop-cellularswiss.ch\/de\/wp-json\/wp\/v2\/product_cat?post=51803"},{"taxonomy":"product_tag","embeddable":true,"href":"https:\/\/stage.shop-cellularswiss.ch\/de\/wp-json\/wp\/v2\/product_tag?post=51803"},{"taxonomy":"compatibilite","embeddable":true,"href":"https:\/\/stage.shop-cellularswiss.ch\/de\/wp-json\/wp\/v2\/compatibilite?post=51803"},{"taxonomy":"compatibilite_smartphone","embeddable":true,"href":"https:\/\/stage.shop-cellularswiss.ch\/de\/wp-json\/wp\/v2\/compatibilite_smartphone?post=51803"}],"curies":[{"name":"wp","href":"https:\/\/api.w.org\/{rel}","templated":true}]}}