
{"id":51804,"date":"2021-03-20T11:14:12","date_gmt":"2021-03-20T13:01:22","guid":{"rendered":"https:\/\/stage.shop-cellularswiss.ch\/produit\/freepower-manta-hd-10000-universal\/"},"modified":"2021-03-20T14:01:27","modified_gmt":"2021-03-20T13:01:27","slug":"freepower-manta-hd-10000-universal","status":"publish","type":"product","link":"https:\/\/stage.shop-cellularswiss.ch\/de\/produit\/freepower-manta-hd-10000-universal\/","title":{"rendered":"FreePower Manta HD 10000 &#8211; Universal"},"content":{"rendered":"<p>FreePower Manta HD 10000 ist das ultrakleine und leistungsstarke portable Akkuladeger\u00e4t von Cellularline: Dank der innovativen Technologie der Zellen aus Lithiumpolymeren hoher Dichte ist es, bei gleicher Leistung, bis zu 40 % kleiner als herk\u00f6mmliche portable Akkuladeger\u00e4te.Mit seiner Kapazit\u00e4t von 10000 mAh kann es bis zu 8 aufeinanderfolgende Aufladungen durchf\u00fchren.Mit USB- und USB-C-Ports ausgestattet, ist FreePower Manta HD 10000 auch ein Technologiekonzentrat, das sogar den fortschrittlichsten Smartphones hohe Ladeleistungen gew\u00e4hrt. Es ist n\u00e4mlich mit den folgenden Ladetechnologien ausgestattet:- Power Delivery USB-C 18 W zum schnellen Aufladen von iPhone 8- und Folgemodellen, iPad Pro 11&#8220; und iPad Pro 12,9&#8220;;- Qualcomm\u00ae Quick Charge\u2122 3.0, 9 V 2 A Fast Charging und Adaptive Technology, zum schnellen Laden von Samsung-, Huawei- und anderen Smartphones. Dank des Smartphone Detect-Systems erkennt es das Ger\u00e4t, an das es angeschlossen wird, und aktiviert die am besten geeignete Ladetechnologie, wobei es eine Leistung von bis zu 18 W liefert. Mit dem FreePower Manta HD 10000 gen\u00fcgt es au\u00dferdem, mit einem einzigen Kabel zu reisen, da es aufgrund der USB-C- und Micro-USB-Ports mit den Kabeln der meisten Smartphones kompatibel ist: ideal, um Ihre Ger\u00e4te mobil zu laden! Es gibt keinerlei Abmachung, Lizenz oder Verbindung zwischen Cellularline S.p.A. und den in den Texten und Bildern dieser Website angegebenen Markeninhabern und Namen. Alle Telefonmarken, -namen und -modelle sind Eigentum der jeweiligen Inhaber.Qualcomm Quick Charge ist ein Produkt der Qualcomm Technologies, Inc.und\/oder ihrer Tochtergesellschaften.Qualcomm ist eine Marke von Qualcomm Incorporated, die in den Vereinigten Staaten und anderen L\u00e4ndern registriert ist. Quick Charge ist eine Marke von Qualcomm Incorporated.<\/p>\n","protected":false},"excerpt":{"rendered":"<p>Ultrakleines portables Akkuladeger\u00e4t mit Zellen hoher Dichte<\/p>\n","protected":false},"featured_media":62716,"comment_status":"closed","ping_status":"closed","template":"","meta":{"_et_pb_use_builder":"","_et_pb_old_content":"","_et_gb_content_width":""},"pwb-brand":[],"product_cat":[1781,1793],"product_tag":[],"compatibilite":[],"compatibilite_smartphone":[4366,4469,4384,4365,4436,4443,4441,4417,4419,4420,4418,4437,4446,4442,4445,4444,4380,4362,4440,4358,4435,4433,4434,4388,4386,4387,4390,4415,4402,4406,4414,4405,4408,4403,4407,4404,4410,4422,4409,4427,4428,4423,4401,4400,4431,4425,4424,4429,4430,4397,4416,4411,4426,4392,4391],"brands":[],"_links":{"self":[{"href":"https:\/\/stage.shop-cellularswiss.ch\/de\/wp-json\/wp\/v2\/product\/51804"}],"collection":[{"href":"https:\/\/stage.shop-cellularswiss.ch\/de\/wp-json\/wp\/v2\/product"}],"about":[{"href":"https:\/\/stage.shop-cellularswiss.ch\/de\/wp-json\/wp\/v2\/types\/product"}],"replies":[{"embeddable":true,"href":"https:\/\/stage.shop-cellularswiss.ch\/de\/wp-json\/wp\/v2\/comments?post=51804"}],"wp:featuredmedia":[{"embeddable":true,"href":"https:\/\/stage.shop-cellularswiss.ch\/de\/wp-json\/wp\/v2\/media\/62716"}],"wp:attachment":[{"href":"https:\/\/stage.shop-cellularswiss.ch\/de\/wp-json\/wp\/v2\/media?parent=51804"}],"wp:term":[{"taxonomy":"pwb-brand","embeddable":true,"href":"https:\/\/stage.shop-cellularswiss.ch\/de\/wp-json\/wp\/v2\/pwb-brand?post=51804"},{"taxonomy":"product_cat","embeddable":true,"href":"https:\/\/stage.shop-cellularswiss.ch\/de\/wp-json\/wp\/v2\/product_cat?post=51804"},{"taxonomy":"product_tag","embeddable":true,"href":"https:\/\/stage.shop-cellularswiss.ch\/de\/wp-json\/wp\/v2\/product_tag?post=51804"},{"taxonomy":"compatibilite","embeddable":true,"href":"https:\/\/stage.shop-cellularswiss.ch\/de\/wp-json\/wp\/v2\/compatibilite?post=51804"},{"taxonomy":"compatibilite_smartphone","embeddable":true,"href":"https:\/\/stage.shop-cellularswiss.ch\/de\/wp-json\/wp\/v2\/compatibilite_smartphone?post=51804"}],"curies":[{"name":"wp","href":"https:\/\/api.w.org\/{rel}","templated":true}]}}