
{"id":51808,"date":"2021-03-20T11:14:22","date_gmt":"2021-03-20T13:01:29","guid":{"rendered":"https:\/\/stage.shop-cellularswiss.ch\/produit\/freepower-manta-hd-5000-universal\/"},"modified":"2021-03-20T14:01:34","modified_gmt":"2021-03-20T13:01:34","slug":"freepower-manta-hd-5000-universal","status":"publish","type":"product","link":"https:\/\/stage.shop-cellularswiss.ch\/de\/produit\/freepower-manta-hd-5000-universal\/","title":{"rendered":"FreePower Manta HD 5000 &#8211; Universal"},"content":{"rendered":"<p>FreePower Manta HD 5000 ist das ultrakleine und leistungsstarke portable Akkuladeger\u00e4t von Cellularline: Dank der innovativen Technologie der Zellen aus Lithiumpolymeren hoher Dichte ist es, bei gleicher Leistung, bis zu 40% kleiner als herk\u00f6mmliche portable Akkuladeger\u00e4te.Mit USB- und USB-C-Ports und mit einer Kapazit\u00e4t von 5000mAh ausgestattet, ist FreePower Manta HD 5000 ein wahrhaftes Energiekonzentrat, das bis zu 4 aufeinanderfolgende Aufladungen durchf\u00fchren kann. Dank des Smartphone Detect-Systems erkennt es dar\u00fcber hinaus das Ger\u00e4t, an das es angeschlossen wird, und aktiviert die am besten geeignete Ladetechnologie, wobei es eine Leistung von bis zu 10W liefert.Mit dem FreePower Manta HD 5000 gen\u00fcgt es auch, mit einem einzigen Kabel zu reisen, da es aufgrund der USB-C- und Micro-USB-Ports mit den Kabeln der meisten Smartphones kompatibel ist. Sie k\u00f6nnen also dasselbe Kabel zum Aufladen des Smartphones und der Powerbank verwenden.<\/p>\n","protected":false},"excerpt":{"rendered":"<p>Ultrakleines portables Akkuladeger\u00e4t mit Zellen hoher Dichte<\/p>\n","protected":false},"featured_media":62728,"comment_status":"closed","ping_status":"closed","template":"","meta":{"_et_pb_use_builder":"","_et_pb_old_content":"","_et_gb_content_width":""},"pwb-brand":[],"product_cat":[1781,1793],"product_tag":[],"compatibilite":[],"compatibilite_smartphone":[4366,4469,4384,4365,4436,4443,4441,4417,4419,4420,4418,4437,4446,4442,4445,4444,4380,4362,4440,4358,4435,4433,4434,4388,4386,4387,4390,4415,4402,4406,4414,4405,4408,4403,4407,4404,4410,4422,4409,4427,4428,4423,4401,4400,4431,4425,4424,4429,4430,4397,4416,4411,4426,4392,4391],"brands":[],"_links":{"self":[{"href":"https:\/\/stage.shop-cellularswiss.ch\/de\/wp-json\/wp\/v2\/product\/51808"}],"collection":[{"href":"https:\/\/stage.shop-cellularswiss.ch\/de\/wp-json\/wp\/v2\/product"}],"about":[{"href":"https:\/\/stage.shop-cellularswiss.ch\/de\/wp-json\/wp\/v2\/types\/product"}],"replies":[{"embeddable":true,"href":"https:\/\/stage.shop-cellularswiss.ch\/de\/wp-json\/wp\/v2\/comments?post=51808"}],"wp:featuredmedia":[{"embeddable":true,"href":"https:\/\/stage.shop-cellularswiss.ch\/de\/wp-json\/wp\/v2\/media\/62728"}],"wp:attachment":[{"href":"https:\/\/stage.shop-cellularswiss.ch\/de\/wp-json\/wp\/v2\/media?parent=51808"}],"wp:term":[{"taxonomy":"pwb-brand","embeddable":true,"href":"https:\/\/stage.shop-cellularswiss.ch\/de\/wp-json\/wp\/v2\/pwb-brand?post=51808"},{"taxonomy":"product_cat","embeddable":true,"href":"https:\/\/stage.shop-cellularswiss.ch\/de\/wp-json\/wp\/v2\/product_cat?post=51808"},{"taxonomy":"product_tag","embeddable":true,"href":"https:\/\/stage.shop-cellularswiss.ch\/de\/wp-json\/wp\/v2\/product_tag?post=51808"},{"taxonomy":"compatibilite","embeddable":true,"href":"https:\/\/stage.shop-cellularswiss.ch\/de\/wp-json\/wp\/v2\/compatibilite?post=51808"},{"taxonomy":"compatibilite_smartphone","embeddable":true,"href":"https:\/\/stage.shop-cellularswiss.ch\/de\/wp-json\/wp\/v2\/compatibilite_smartphone?post=51808"}],"curies":[{"name":"wp","href":"https:\/\/api.w.org\/{rel}","templated":true}]}}