
{"id":51811,"date":"2021-03-20T11:14:30","date_gmt":"2021-03-20T13:01:32","guid":{"rendered":"https:\/\/stage.shop-cellularswiss.ch\/produit\/freepower-manta-hd-5000i-lightning\/"},"modified":"2021-03-20T14:01:37","modified_gmt":"2021-03-20T13:01:37","slug":"freepower-manta-hd-5000i-lightning","status":"publish","type":"product","link":"https:\/\/stage.shop-cellularswiss.ch\/de\/produit\/freepower-manta-hd-5000i-lightning\/","title":{"rendered":"FreePower Manta HD 5000i &#8211; Lightning"},"content":{"rendered":"<p>FreePower Manta HD 5000i ist das ultrakleine und leistungsstarke portable Akkuladeger\u00e4t von Cellularline: Dank der innovativen Technologie der Zellen aus Lithiumpolymeren hoher Dichte ist es, bei gleicher Leistung, bis zu 40% kleiner als herk\u00f6mmliche portable Akkuladeger\u00e4te. Mit USB-, USB-C-Ports und Lightning sowie mit einer Kapazit\u00e4t von 5000mAh ausgestattet, ist FreePower Manta HD 5000i ein wahrhaftes Energiekonzentrat, das bis zu 4 aufeinanderfolgende Aufladungen durchf\u00fchren kann. Dank des Smartphone Detect-Systems erkennt es das Ger\u00e4t, an das es angeschlossen wird, und aktiviert die am besten geeignete Ladetechnologie, wobei es eine Leistung von bis zu 10W liefert.Und wenn Sie ein Apple-User sind, k\u00f6nnen Sie mit FreePower Manta HD 5000i zum ersten Mal mit nur einem Kabel reisen, denn der Lightning-Ladeport macht es mit iPhone-Kabeln kompatibel, so dass Sie mit demselben Kabel Ihr iPhone und Ihre Powerbank laden k\u00f6nnen! Es gibt keinerlei Abmachung, Lizenz oder Verbindung zwischen Cellularline S.p.A. und den in den Texten und Bildern dieser Website angegebenen Markeninhabern und Namen. Alle Telefonmarken, -namen und -modelle sind Eigentum der jeweiligen Inhaber.<\/p>\n","protected":false},"excerpt":{"rendered":"<p>Ultrakleines portables Akkuladeger\u00e4t mit Zellen hoher Dichte<\/p>\n","protected":false},"featured_media":62732,"comment_status":"closed","ping_status":"closed","template":"","meta":{"_et_pb_use_builder":"","_et_pb_old_content":"","_et_gb_content_width":""},"pwb-brand":[],"product_cat":[1781,1793],"product_tag":[],"compatibilite":[],"compatibilite_smartphone":[4366,4354,4365,4376,4355,4383,4441,4357,4368,4373,4381,4382,4361,4450,4437,4439,4438,4359,4377,4364,4379,4353,4374,4372,4449,4447,4380,4362,4448,4440,4358,4433,4434,4367,4465,4468],"brands":[],"_links":{"self":[{"href":"https:\/\/stage.shop-cellularswiss.ch\/de\/wp-json\/wp\/v2\/product\/51811"}],"collection":[{"href":"https:\/\/stage.shop-cellularswiss.ch\/de\/wp-json\/wp\/v2\/product"}],"about":[{"href":"https:\/\/stage.shop-cellularswiss.ch\/de\/wp-json\/wp\/v2\/types\/product"}],"replies":[{"embeddable":true,"href":"https:\/\/stage.shop-cellularswiss.ch\/de\/wp-json\/wp\/v2\/comments?post=51811"}],"wp:featuredmedia":[{"embeddable":true,"href":"https:\/\/stage.shop-cellularswiss.ch\/de\/wp-json\/wp\/v2\/media\/62732"}],"wp:attachment":[{"href":"https:\/\/stage.shop-cellularswiss.ch\/de\/wp-json\/wp\/v2\/media?parent=51811"}],"wp:term":[{"taxonomy":"pwb-brand","embeddable":true,"href":"https:\/\/stage.shop-cellularswiss.ch\/de\/wp-json\/wp\/v2\/pwb-brand?post=51811"},{"taxonomy":"product_cat","embeddable":true,"href":"https:\/\/stage.shop-cellularswiss.ch\/de\/wp-json\/wp\/v2\/product_cat?post=51811"},{"taxonomy":"product_tag","embeddable":true,"href":"https:\/\/stage.shop-cellularswiss.ch\/de\/wp-json\/wp\/v2\/product_tag?post=51811"},{"taxonomy":"compatibilite","embeddable":true,"href":"https:\/\/stage.shop-cellularswiss.ch\/de\/wp-json\/wp\/v2\/compatibilite?post=51811"},{"taxonomy":"compatibilite_smartphone","embeddable":true,"href":"https:\/\/stage.shop-cellularswiss.ch\/de\/wp-json\/wp\/v2\/compatibilite_smartphone?post=51811"}],"curies":[{"name":"wp","href":"https:\/\/api.w.org\/{rel}","templated":true}]}}