
{"id":51812,"date":"2021-03-20T11:14:33","date_gmt":"2021-03-20T13:01:36","guid":{"rendered":"https:\/\/stage.shop-cellularswiss.ch\/produit\/freepower-manta-s-12000-universal\/"},"modified":"2021-09-22T10:33:32","modified_gmt":"2021-09-22T08:33:32","slug":"freepower-manta-s-12000-universal","status":"publish","type":"product","link":"https:\/\/stage.shop-cellularswiss.ch\/de\/produit\/freepower-manta-s-12000-universal\/","title":{"rendered":"FreePower Manta S 12000 &#8211; Universal"},"content":{"rendered":"<p>Freepower Manta S 12000 ist das tragbare, ultrad\u00fcnne, schnelle und leistungsstarke Akkuladeger\u00e4t aus Lithium-Polymer-Zellen, das mit einem Fast Charge USB-Port und USB-C-Port ausgestattet ist und sich ideal f\u00fcr das Aufladen aller kompatiblen Ger\u00e4te eignet. Mit der Funktion des gleichzeitigen Aufladens kann man gleichzeitig das Telefon und die Powerbank unter Anwendung eines einzelnen Ladeger\u00e4ts aufladen. Freepower Manta S 12000 verf\u00fcgt des Weiteren \u00fcber ein praktisches digitales LED-Display, das mit extremer Pr\u00e4zision die Restladung anzeigen kann, so dass man einfacher und bequemer verstehen kann, wann man die Powerbank aufladen soll. Das ultraflache und leichte Design aus rutschfestem Soft-Touch-Material macht aus der Vorrichtung ein praktisches, funktionales und \u00e4sthetisch ansprechendes Zubeh\u00f6r.<\/p>\n","protected":false},"excerpt":{"rendered":"<p>Ultrad\u00fcnnes portables Akkuladeger\u00e4t mit USB- und USB-C-Port<\/p>\n","protected":false},"featured_media":54590,"comment_status":"closed","ping_status":"closed","template":"","meta":{"_et_pb_use_builder":"","_et_pb_old_content":"","_et_gb_content_width":""},"pwb-brand":[],"product_cat":[1781,1793,539],"product_tag":[],"compatibilite":[],"compatibilite_smartphone":[],"brands":[],"_links":{"self":[{"href":"https:\/\/stage.shop-cellularswiss.ch\/de\/wp-json\/wp\/v2\/product\/51812"}],"collection":[{"href":"https:\/\/stage.shop-cellularswiss.ch\/de\/wp-json\/wp\/v2\/product"}],"about":[{"href":"https:\/\/stage.shop-cellularswiss.ch\/de\/wp-json\/wp\/v2\/types\/product"}],"replies":[{"embeddable":true,"href":"https:\/\/stage.shop-cellularswiss.ch\/de\/wp-json\/wp\/v2\/comments?post=51812"}],"wp:featuredmedia":[{"embeddable":true,"href":"https:\/\/stage.shop-cellularswiss.ch\/de\/wp-json\/wp\/v2\/media\/54590"}],"wp:attachment":[{"href":"https:\/\/stage.shop-cellularswiss.ch\/de\/wp-json\/wp\/v2\/media?parent=51812"}],"wp:term":[{"taxonomy":"pwb-brand","embeddable":true,"href":"https:\/\/stage.shop-cellularswiss.ch\/de\/wp-json\/wp\/v2\/pwb-brand?post=51812"},{"taxonomy":"product_cat","embeddable":true,"href":"https:\/\/stage.shop-cellularswiss.ch\/de\/wp-json\/wp\/v2\/product_cat?post=51812"},{"taxonomy":"product_tag","embeddable":true,"href":"https:\/\/stage.shop-cellularswiss.ch\/de\/wp-json\/wp\/v2\/product_tag?post=51812"},{"taxonomy":"compatibilite","embeddable":true,"href":"https:\/\/stage.shop-cellularswiss.ch\/de\/wp-json\/wp\/v2\/compatibilite?post=51812"},{"taxonomy":"compatibilite_smartphone","embeddable":true,"href":"https:\/\/stage.shop-cellularswiss.ch\/de\/wp-json\/wp\/v2\/compatibilite_smartphone?post=51812"}],"curies":[{"name":"wp","href":"https:\/\/api.w.org\/{rel}","templated":true}]}}