
{"id":51822,"date":"2021-03-20T11:14:57","date_gmt":"2021-03-20T13:01:52","guid":{"rendered":"https:\/\/stage.shop-cellularswiss.ch\/produit\/freepower-slim-3000-universal\/"},"modified":"2021-07-02T14:22:51","modified_gmt":"2021-07-02T12:22:51","slug":"freepower-slim-3000-universal","status":"publish","type":"product","link":"https:\/\/stage.shop-cellularswiss.ch\/de\/produit\/freepower-slim-3000-universal\/","title":{"rendered":"FreePower Slim 3000 &#8211; Universal"},"content":{"rendered":"<p>Freepower Slim 3000 ist das ultrad\u00fcnne portable Akkuladeger\u00e4t, das mit einer Dicke von nur 7,5 mm ein schnelles Aufladen, eine hohe Leistungsf\u00e4higkeit und Leichtigkeit bietet: der beste Kompromiss zwischen Leistung und Gr\u00f6\u00dfe. Der mit der innovativen Lithium-Polymer-Technologie gefertigte Akku macht Freepower Slim 3000 zu einer ultrad\u00fcnnen Powerbank mit minimalem Platzverbrauch, die perfekt geeignet ist, um sie immer bei sich zu tragen. Da sie au\u00dferdem mit einem USB-C-Eingangsport ausgestattet ist, kann FreePower Slim 3000 direkt mit den USB-Kabeln Typ-C der fortschrittlichsten handels\u00fcblichen Smartphones aufgeladen werden. FreePower Slim 3000 verf\u00fcgt au\u00dferdem \u00fcber ein System zur gleichzeitigen Schnellladung und \u00fcber einen \u00dcberhitzungsschutz, wodurch du deine Ger\u00e4te bequem unter vollkommen sicheren Bedingungen aufladen kannst.<\/p>\n","protected":false},"excerpt":{"rendered":"<p>Ultrad\u00fcnnes portables Akkuladeger\u00e4t<\/p>\n","protected":false},"featured_media":62740,"comment_status":"closed","ping_status":"closed","template":"","meta":{"_et_pb_use_builder":"","_et_pb_old_content":"","_et_gb_content_width":""},"pwb-brand":[],"product_cat":[1781,1793],"product_tag":[],"compatibilite":[],"compatibilite_smartphone":[4366,4369,4469,4384,4363,4370,4354,4365,4376,4436,4443,4355,4383,4441,4357,4368,4373,4381,4417,4419,4382,4420,4418,4437,4446,4442,4445,4444,4378,4356,4359,4377,4364,4379,4353,4374,4372,4449,4447,4380,4362,4448,4440,4358,4435,4433,4434,4453,4371,4360,4367,4388,4386,4387,4390,4415,4402,4396,4406,4414,4405,4408,4394,4403,4407,4404,4410,4395,4422,4409,4399,4398,4427,4428,4423,4401,4400,4431,4425,4424,4429,4430,4393,4412,4397,4416,4411,4426,4392,4391],"brands":[],"_links":{"self":[{"href":"https:\/\/stage.shop-cellularswiss.ch\/de\/wp-json\/wp\/v2\/product\/51822"}],"collection":[{"href":"https:\/\/stage.shop-cellularswiss.ch\/de\/wp-json\/wp\/v2\/product"}],"about":[{"href":"https:\/\/stage.shop-cellularswiss.ch\/de\/wp-json\/wp\/v2\/types\/product"}],"replies":[{"embeddable":true,"href":"https:\/\/stage.shop-cellularswiss.ch\/de\/wp-json\/wp\/v2\/comments?post=51822"}],"wp:featuredmedia":[{"embeddable":true,"href":"https:\/\/stage.shop-cellularswiss.ch\/de\/wp-json\/wp\/v2\/media\/62740"}],"wp:attachment":[{"href":"https:\/\/stage.shop-cellularswiss.ch\/de\/wp-json\/wp\/v2\/media?parent=51822"}],"wp:term":[{"taxonomy":"pwb-brand","embeddable":true,"href":"https:\/\/stage.shop-cellularswiss.ch\/de\/wp-json\/wp\/v2\/pwb-brand?post=51822"},{"taxonomy":"product_cat","embeddable":true,"href":"https:\/\/stage.shop-cellularswiss.ch\/de\/wp-json\/wp\/v2\/product_cat?post=51822"},{"taxonomy":"product_tag","embeddable":true,"href":"https:\/\/stage.shop-cellularswiss.ch\/de\/wp-json\/wp\/v2\/product_tag?post=51822"},{"taxonomy":"compatibilite","embeddable":true,"href":"https:\/\/stage.shop-cellularswiss.ch\/de\/wp-json\/wp\/v2\/compatibilite?post=51822"},{"taxonomy":"compatibilite_smartphone","embeddable":true,"href":"https:\/\/stage.shop-cellularswiss.ch\/de\/wp-json\/wp\/v2\/compatibilite_smartphone?post=51822"}],"curies":[{"name":"wp","href":"https:\/\/api.w.org\/{rel}","templated":true}]}}