
{"id":51834,"date":"2021-03-20T11:15:25","date_gmt":"2021-03-20T13:02:12","guid":{"rendered":"https:\/\/stage.shop-cellularswiss.ch\/produit\/fresh-airpods-pro\/"},"modified":"2021-03-20T14:02:19","modified_gmt":"2021-03-20T13:02:19","slug":"fresh-airpods-pro","status":"publish","type":"product","link":"https:\/\/stage.shop-cellularswiss.ch\/de\/produit\/fresh-airpods-pro\/","title":{"rendered":"Fresh &#8211; AirPods Pro"},"content":{"rendered":"<p>Fresh ist die halbtransparente Schutzh\u00fclle in lebhaften und leuchtenden Farben aus TPU, die die Ladeschutzh\u00fclle der AirPods vor Kratzern, Schmutz und beim Herunterfallen sch\u00fctzt. Durch den praktischen Haken l\u00e4sst sich die H\u00fclle an der Handtasche oder an den G\u00fcrtelschlaufen befestigen. Dank einfachem Zugang zur Steckverbindung und Wireless-Charging-Kompatibilit\u00e4t k\u00f6nnen die AirPods aufgeladen werden, ohne sie aus der H\u00fclle zu nehmen.<\/p>\n","protected":false},"excerpt":{"rendered":"<p>Schutzh\u00fclle mit Haken aus farbigem Kautschuk f\u00fcr AirPods<\/p>\n","protected":false},"featured_media":62431,"comment_status":"closed","ping_status":"closed","template":"","meta":{"_et_pb_use_builder":"","_et_pb_old_content":"","_et_gb_content_width":""},"pwb-brand":[],"product_cat":[544,542],"product_tag":[],"compatibilite":[],"compatibilite_smartphone":[4464],"brands":[],"_links":{"self":[{"href":"https:\/\/stage.shop-cellularswiss.ch\/de\/wp-json\/wp\/v2\/product\/51834"}],"collection":[{"href":"https:\/\/stage.shop-cellularswiss.ch\/de\/wp-json\/wp\/v2\/product"}],"about":[{"href":"https:\/\/stage.shop-cellularswiss.ch\/de\/wp-json\/wp\/v2\/types\/product"}],"replies":[{"embeddable":true,"href":"https:\/\/stage.shop-cellularswiss.ch\/de\/wp-json\/wp\/v2\/comments?post=51834"}],"wp:featuredmedia":[{"embeddable":true,"href":"https:\/\/stage.shop-cellularswiss.ch\/de\/wp-json\/wp\/v2\/media\/62431"}],"wp:attachment":[{"href":"https:\/\/stage.shop-cellularswiss.ch\/de\/wp-json\/wp\/v2\/media?parent=51834"}],"wp:term":[{"taxonomy":"pwb-brand","embeddable":true,"href":"https:\/\/stage.shop-cellularswiss.ch\/de\/wp-json\/wp\/v2\/pwb-brand?post=51834"},{"taxonomy":"product_cat","embeddable":true,"href":"https:\/\/stage.shop-cellularswiss.ch\/de\/wp-json\/wp\/v2\/product_cat?post=51834"},{"taxonomy":"product_tag","embeddable":true,"href":"https:\/\/stage.shop-cellularswiss.ch\/de\/wp-json\/wp\/v2\/product_tag?post=51834"},{"taxonomy":"compatibilite","embeddable":true,"href":"https:\/\/stage.shop-cellularswiss.ch\/de\/wp-json\/wp\/v2\/compatibilite?post=51834"},{"taxonomy":"compatibilite_smartphone","embeddable":true,"href":"https:\/\/stage.shop-cellularswiss.ch\/de\/wp-json\/wp\/v2\/compatibilite_smartphone?post=51834"}],"curies":[{"name":"wp","href":"https:\/\/api.w.org\/{rel}","templated":true}]}}