
{"id":51842,"date":"2021-03-20T11:15:43","date_gmt":"2021-03-20T13:02:25","guid":{"rendered":"https:\/\/stage.shop-cellularswiss.ch\/produit\/grace-headset-universale\/"},"modified":"2021-03-20T14:02:32","modified_gmt":"2021-03-20T13:02:32","slug":"grace-headset-universale","status":"publish","type":"product","link":"https:\/\/stage.shop-cellularswiss.ch\/de\/produit\/grace-headset-universale\/","title":{"rendered":"Grace Headset &#8211; Universale"},"content":{"rendered":"<p>Das Grace Headset ist ein Bluetooth\u00ae-Mono-Headset mit einem Akku mit langer Laufzeit, der sowohl w\u00e4hrend des Betriebs, als auch im Stand-By-Modus lange Laufzeiten ohne Aufladen erm\u00f6glicht. Perfekt f\u00fcr all diejenigen, die lange Gespr\u00e4che bei totaler Bewegungsfreiheit f\u00fchren m\u00f6chten. Die Multifunktions-Anrufannahmetaste erm\u00f6glicht die Gespr\u00e4chsannahme durch einen einfachen Klick und dar\u00fcber hinaus kann man dank der Multipairing-Dualphone-Technologie gleichzeitig drahtlos zwei Smartphones verbinden.<\/p>\n","protected":false},"excerpt":{"rendered":"<p>Bluetooth\u00ae-Mono-Headset mit langer Akkulaufzeit<\/p>\n","protected":false},"featured_media":56278,"comment_status":"closed","ping_status":"closed","template":"","meta":{"_et_pb_use_builder":"","_et_pb_old_content":"","_et_gb_content_width":""},"pwb-brand":[],"product_cat":[493,509],"product_tag":[],"compatibilite":[],"compatibilite_smartphone":[4366,4384,4363,4370,4354,4365,4375,4376,4436,4443,4383,4441,4373,4381,4417,4419,4382,4420,4361,4418,4450,4437,4439,4438,4446,4442,4445,4444,4378,4356,4359,4377,4364,4379,4353,4374,4372,4449,4447,4380,4362,4448,4440,4358,4435,4433,4434,4367,4385,4388,4386,4389,4387,4421,4390,4415,4402,4413,4396,4406,4414,4405,4408,4394,4403,4407,4404,4410,4395,4422,4409,4399,4427,4428,4423,4401,4400,4431,4425,4424,4429,4430,4393,4412,4397,4416,4411,4426,4392,4391],"brands":[],"_links":{"self":[{"href":"https:\/\/stage.shop-cellularswiss.ch\/de\/wp-json\/wp\/v2\/product\/51842"}],"collection":[{"href":"https:\/\/stage.shop-cellularswiss.ch\/de\/wp-json\/wp\/v2\/product"}],"about":[{"href":"https:\/\/stage.shop-cellularswiss.ch\/de\/wp-json\/wp\/v2\/types\/product"}],"replies":[{"embeddable":true,"href":"https:\/\/stage.shop-cellularswiss.ch\/de\/wp-json\/wp\/v2\/comments?post=51842"}],"wp:featuredmedia":[{"embeddable":true,"href":"https:\/\/stage.shop-cellularswiss.ch\/de\/wp-json\/wp\/v2\/media\/56278"}],"wp:attachment":[{"href":"https:\/\/stage.shop-cellularswiss.ch\/de\/wp-json\/wp\/v2\/media?parent=51842"}],"wp:term":[{"taxonomy":"pwb-brand","embeddable":true,"href":"https:\/\/stage.shop-cellularswiss.ch\/de\/wp-json\/wp\/v2\/pwb-brand?post=51842"},{"taxonomy":"product_cat","embeddable":true,"href":"https:\/\/stage.shop-cellularswiss.ch\/de\/wp-json\/wp\/v2\/product_cat?post=51842"},{"taxonomy":"product_tag","embeddable":true,"href":"https:\/\/stage.shop-cellularswiss.ch\/de\/wp-json\/wp\/v2\/product_tag?post=51842"},{"taxonomy":"compatibilite","embeddable":true,"href":"https:\/\/stage.shop-cellularswiss.ch\/de\/wp-json\/wp\/v2\/compatibilite?post=51842"},{"taxonomy":"compatibilite_smartphone","embeddable":true,"href":"https:\/\/stage.shop-cellularswiss.ch\/de\/wp-json\/wp\/v2\/compatibilite_smartphone?post=51842"}],"curies":[{"name":"wp","href":"https:\/\/api.w.org\/{rel}","templated":true}]}}