
{"id":51846,"date":"2021-03-20T11:15:52","date_gmt":"2021-03-20T13:02:31","guid":{"rendered":"https:\/\/stage.shop-cellularswiss.ch\/produit\/grip-universal\/"},"modified":"2021-03-20T14:02:33","modified_gmt":"2021-03-20T13:02:33","slug":"grip-universal","status":"publish","type":"product","link":"https:\/\/stage.shop-cellularswiss.ch\/de\/produit\/grip-universal\/","title":{"rendered":"Grip &#8211; Universal"},"content":{"rendered":"<p>Grip ist eine Automatte aus Silikon mit einer rutschfesten Oberfl\u00e4che, auf der Smartphones, Schl\u00fcssel und andere kleine Gegenst\u00e4nde auf dem Armaturenbrett platziert werden k\u00f6nnen. Sie kann auf Oberfl\u00e4chen mit einer Neigung von bis zu 80 Grad angebracht werden. Grip ist einfach anzubringen, zu entfernen und komplett waschbar. Sie hinterl\u00e4sst weder R\u00fcckst\u00e4nde auf dem Armaturenbrett noch auf den Objekten.<\/p>\n","protected":false},"excerpt":{"rendered":"<p>Rutschfeste Smartphoneunterlage f\u00fcr das Auto aus Silikon<\/p>\n","protected":false},"featured_media":62628,"comment_status":"closed","ping_status":"closed","template":"","meta":{"_et_pb_use_builder":"","_et_pb_old_content":"","_et_gb_content_width":""},"pwb-brand":[],"product_cat":[3853,1781],"product_tag":[],"compatibilite":[],"compatibilite_smartphone":[4378,4356,4359,4379,4353,4374,4372],"brands":[],"_links":{"self":[{"href":"https:\/\/stage.shop-cellularswiss.ch\/de\/wp-json\/wp\/v2\/product\/51846"}],"collection":[{"href":"https:\/\/stage.shop-cellularswiss.ch\/de\/wp-json\/wp\/v2\/product"}],"about":[{"href":"https:\/\/stage.shop-cellularswiss.ch\/de\/wp-json\/wp\/v2\/types\/product"}],"replies":[{"embeddable":true,"href":"https:\/\/stage.shop-cellularswiss.ch\/de\/wp-json\/wp\/v2\/comments?post=51846"}],"wp:featuredmedia":[{"embeddable":true,"href":"https:\/\/stage.shop-cellularswiss.ch\/de\/wp-json\/wp\/v2\/media\/62628"}],"wp:attachment":[{"href":"https:\/\/stage.shop-cellularswiss.ch\/de\/wp-json\/wp\/v2\/media?parent=51846"}],"wp:term":[{"taxonomy":"pwb-brand","embeddable":true,"href":"https:\/\/stage.shop-cellularswiss.ch\/de\/wp-json\/wp\/v2\/pwb-brand?post=51846"},{"taxonomy":"product_cat","embeddable":true,"href":"https:\/\/stage.shop-cellularswiss.ch\/de\/wp-json\/wp\/v2\/product_cat?post=51846"},{"taxonomy":"product_tag","embeddable":true,"href":"https:\/\/stage.shop-cellularswiss.ch\/de\/wp-json\/wp\/v2\/product_tag?post=51846"},{"taxonomy":"compatibilite","embeddable":true,"href":"https:\/\/stage.shop-cellularswiss.ch\/de\/wp-json\/wp\/v2\/compatibilite?post=51846"},{"taxonomy":"compatibilite_smartphone","embeddable":true,"href":"https:\/\/stage.shop-cellularswiss.ch\/de\/wp-json\/wp\/v2\/compatibilite_smartphone?post=51846"}],"curies":[{"name":"wp","href":"https:\/\/api.w.org\/{rel}","templated":true}]}}