
{"id":51848,"date":"2021-03-20T14:02:34","date_gmt":"2021-03-20T13:02:34","guid":{"rendered":"https:\/\/stage.shop-cellularswiss.ch\/produit\/handy-drive-pro-universal\/"},"modified":"2021-03-20T14:02:36","modified_gmt":"2021-03-20T13:02:36","slug":"handy-drive-pro-universal","status":"publish","type":"product","link":"https:\/\/stage.shop-cellularswiss.ch\/de\/produit\/handy-drive-pro-universal\/","title":{"rendered":"Handy Drive Pro &#8211; Universal"},"content":{"rendered":"<p>Die praktische und elegant gestaltete Smartphonehalterung f\u00fcr das Auto, die man an den L\u00fcftungsd\u00fcsen befestigt, eignet sich ideal f\u00fcr diejenigen, die das Smartphone immer griffbereit haben m\u00f6chten. Die ganz aus Metall gefertigte Halterung Handy Drive Pro verf\u00fcgt \u00fcber Gummikissen, die ein starkes Haften am Smartphone gew\u00e4hrleisten und gleichzeitig die Oberfl\u00e4che nicht verkratzen. Au\u00dferdem verf\u00fcgt sie \u00fcber ein praktisches System zur Befestigung an den L\u00fcftungsd\u00fcsen, das jederzeit einfach eingebaut und entfernt werden kann. Handy Drive Pro ist in zwei verschiedenen Farbt\u00f6nen erh\u00e4ltlich und ideal f\u00fcr elegante Autos mit Innenausstattung aus Aluminium.<\/p>\n","protected":false},"excerpt":{"rendered":"<p>Smartphonehalterung f\u00fcr L\u00fcftungsd\u00fcsen im Auto<\/p>\n","protected":false},"featured_media":37711,"comment_status":"closed","ping_status":"open","template":"","meta":{"_et_pb_use_builder":"","_et_pb_old_content":"","_et_gb_content_width":""},"pwb-brand":[],"product_cat":[3853,1781],"product_tag":[],"compatibilite":[],"compatibilite_smartphone":[],"brands":[],"_links":{"self":[{"href":"https:\/\/stage.shop-cellularswiss.ch\/de\/wp-json\/wp\/v2\/product\/51848"}],"collection":[{"href":"https:\/\/stage.shop-cellularswiss.ch\/de\/wp-json\/wp\/v2\/product"}],"about":[{"href":"https:\/\/stage.shop-cellularswiss.ch\/de\/wp-json\/wp\/v2\/types\/product"}],"replies":[{"embeddable":true,"href":"https:\/\/stage.shop-cellularswiss.ch\/de\/wp-json\/wp\/v2\/comments?post=51848"}],"wp:featuredmedia":[{"embeddable":true,"href":"https:\/\/stage.shop-cellularswiss.ch\/de\/wp-json\/wp\/v2\/media\/37711"}],"wp:attachment":[{"href":"https:\/\/stage.shop-cellularswiss.ch\/de\/wp-json\/wp\/v2\/media?parent=51848"}],"wp:term":[{"taxonomy":"pwb-brand","embeddable":true,"href":"https:\/\/stage.shop-cellularswiss.ch\/de\/wp-json\/wp\/v2\/pwb-brand?post=51848"},{"taxonomy":"product_cat","embeddable":true,"href":"https:\/\/stage.shop-cellularswiss.ch\/de\/wp-json\/wp\/v2\/product_cat?post=51848"},{"taxonomy":"product_tag","embeddable":true,"href":"https:\/\/stage.shop-cellularswiss.ch\/de\/wp-json\/wp\/v2\/product_tag?post=51848"},{"taxonomy":"compatibilite","embeddable":true,"href":"https:\/\/stage.shop-cellularswiss.ch\/de\/wp-json\/wp\/v2\/compatibilite?post=51848"},{"taxonomy":"compatibilite_smartphone","embeddable":true,"href":"https:\/\/stage.shop-cellularswiss.ch\/de\/wp-json\/wp\/v2\/compatibilite_smartphone?post=51848"}],"curies":[{"name":"wp","href":"https:\/\/api.w.org\/{rel}","templated":true}]}}