
{"id":51849,"date":"2021-03-20T14:02:34","date_gmt":"2021-03-20T13:02:34","guid":{"rendered":"https:\/\/stage.shop-cellularswiss.ch\/produit\/handy-force-universal\/"},"modified":"2021-03-20T14:02:38","modified_gmt":"2021-03-20T13:02:38","slug":"handy-force-universal","status":"publish","type":"product","link":"https:\/\/stage.shop-cellularswiss.ch\/de\/produit\/handy-force-universal\/","title":{"rendered":"Handy Force &#8211; Universal"},"content":{"rendered":"<p>Handy Force ist die Smartphonehalterung f\u00fcr das Auto der neuesten Generation, die mit der exklusiven Magnettechnologie Mag4 geschaffen wurde, die sie sicher, solide, einfach und stabil macht. Handy Force ist mit einem Klebesockel ausgestattet, der keine R\u00fcckst\u00e4nde hinterl\u00e4sst, und wird am Armaturenbrett des Autos befestigt und garantiert die vollst\u00e4ndige Integration zwischen Halterung und Fahrzeug, w\u00e4hrend das in zwei unterschiedlichen Formaten erh\u00e4ltliche selbstklebende Metallpl\u00e4ttchen auf der R\u00fcckseite des Telefons, in der Schutzh\u00fclle oder im Akku-Fach angebracht werden kann. Handy Force ist eine sichere Halterung, da sie garantiert, dass keinerlei Interferenzen mit dem Telefon vorhanden sind: Dank seiner vier Pole mit entgegengesetzter Beschaffenheit konzentriert der Magnet seine Kraft auf das selbstklebende Metallpl\u00e4ttchen, ohne es zu durchdringen.<\/p>\n","protected":false},"excerpt":{"rendered":"<p>Selbstklebende magnetische Smartphonehalterung f\u00fcr das Auto<\/p>\n","protected":false},"featured_media":55638,"comment_status":"closed","ping_status":"open","template":"","meta":{"_et_pb_use_builder":"","_et_pb_old_content":"","_et_gb_content_width":""},"pwb-brand":[],"product_cat":[3853,1781],"product_tag":[],"compatibilite":[],"compatibilite_smartphone":[],"brands":[],"_links":{"self":[{"href":"https:\/\/stage.shop-cellularswiss.ch\/de\/wp-json\/wp\/v2\/product\/51849"}],"collection":[{"href":"https:\/\/stage.shop-cellularswiss.ch\/de\/wp-json\/wp\/v2\/product"}],"about":[{"href":"https:\/\/stage.shop-cellularswiss.ch\/de\/wp-json\/wp\/v2\/types\/product"}],"replies":[{"embeddable":true,"href":"https:\/\/stage.shop-cellularswiss.ch\/de\/wp-json\/wp\/v2\/comments?post=51849"}],"wp:featuredmedia":[{"embeddable":true,"href":"https:\/\/stage.shop-cellularswiss.ch\/de\/wp-json\/wp\/v2\/media\/55638"}],"wp:attachment":[{"href":"https:\/\/stage.shop-cellularswiss.ch\/de\/wp-json\/wp\/v2\/media?parent=51849"}],"wp:term":[{"taxonomy":"pwb-brand","embeddable":true,"href":"https:\/\/stage.shop-cellularswiss.ch\/de\/wp-json\/wp\/v2\/pwb-brand?post=51849"},{"taxonomy":"product_cat","embeddable":true,"href":"https:\/\/stage.shop-cellularswiss.ch\/de\/wp-json\/wp\/v2\/product_cat?post=51849"},{"taxonomy":"product_tag","embeddable":true,"href":"https:\/\/stage.shop-cellularswiss.ch\/de\/wp-json\/wp\/v2\/product_tag?post=51849"},{"taxonomy":"compatibilite","embeddable":true,"href":"https:\/\/stage.shop-cellularswiss.ch\/de\/wp-json\/wp\/v2\/compatibilite?post=51849"},{"taxonomy":"compatibilite_smartphone","embeddable":true,"href":"https:\/\/stage.shop-cellularswiss.ch\/de\/wp-json\/wp\/v2\/compatibilite_smartphone?post=51849"}],"curies":[{"name":"wp","href":"https:\/\/api.w.org\/{rel}","templated":true}]}}