
{"id":51850,"date":"2021-03-20T14:02:38","date_gmt":"2021-03-20T13:02:38","guid":{"rendered":"https:\/\/stage.shop-cellularswiss.ch\/produit\/handy-force-drive-universal\/"},"modified":"2021-03-20T14:02:39","modified_gmt":"2021-03-20T13:02:39","slug":"handy-force-drive-universal","status":"publish","type":"product","link":"https:\/\/stage.shop-cellularswiss.ch\/de\/produit\/handy-force-drive-universal\/","title":{"rendered":"Handy Force Drive &#8211; Universal"},"content":{"rendered":"<p>Handy Force Drive ist die magnetische Smartphonehalterung f\u00fcr das Auto der neuesten Generation mit der exklusiven Magnettechnologie Mag4, die sie sicher, solide, einfach und stabil macht. Dank des Universalhakens auf der R\u00fcckseite kann Handy Force Drive an den L\u00fcftungsd\u00fcsen befestigt werden und garantiert die vollst\u00e4ndige Integration zwischen Halterung und Fahrzeug. Das selbstklebende Metallpl\u00e4ttchen ist in zwei unterschiedlichen Formaten erh\u00e4ltlich und kann auf der R\u00fcckseite des Telefons, in der Schutzh\u00fclle oder im Akku-Fach angebracht werden. Handy Force Drive ist eine sichere Halterung, da sie garantiert, dass keinerlei Interferenzen mit dem Telefon vorhanden sind: Dank seiner vier Pole mit entgegengesetzter Beschaffenheit konzentriert der Magnet seine Kraft auf das selbstklebende Metallpl\u00e4ttchen, ohne es zu durchdringen.<\/p>\n","protected":false},"excerpt":{"rendered":"<p>Magnetische Smartphonehalterung f\u00fcr L\u00fcftungsd\u00fcsen im Auto<\/p>\n","protected":false},"featured_media":55638,"comment_status":"closed","ping_status":"open","template":"","meta":{"_et_pb_use_builder":"","_et_pb_old_content":"","_et_gb_content_width":""},"pwb-brand":[],"product_cat":[3853,1781],"product_tag":[],"compatibilite":[],"compatibilite_smartphone":[],"brands":[],"_links":{"self":[{"href":"https:\/\/stage.shop-cellularswiss.ch\/de\/wp-json\/wp\/v2\/product\/51850"}],"collection":[{"href":"https:\/\/stage.shop-cellularswiss.ch\/de\/wp-json\/wp\/v2\/product"}],"about":[{"href":"https:\/\/stage.shop-cellularswiss.ch\/de\/wp-json\/wp\/v2\/types\/product"}],"replies":[{"embeddable":true,"href":"https:\/\/stage.shop-cellularswiss.ch\/de\/wp-json\/wp\/v2\/comments?post=51850"}],"wp:featuredmedia":[{"embeddable":true,"href":"https:\/\/stage.shop-cellularswiss.ch\/de\/wp-json\/wp\/v2\/media\/55638"}],"wp:attachment":[{"href":"https:\/\/stage.shop-cellularswiss.ch\/de\/wp-json\/wp\/v2\/media?parent=51850"}],"wp:term":[{"taxonomy":"pwb-brand","embeddable":true,"href":"https:\/\/stage.shop-cellularswiss.ch\/de\/wp-json\/wp\/v2\/pwb-brand?post=51850"},{"taxonomy":"product_cat","embeddable":true,"href":"https:\/\/stage.shop-cellularswiss.ch\/de\/wp-json\/wp\/v2\/product_cat?post=51850"},{"taxonomy":"product_tag","embeddable":true,"href":"https:\/\/stage.shop-cellularswiss.ch\/de\/wp-json\/wp\/v2\/product_tag?post=51850"},{"taxonomy":"compatibilite","embeddable":true,"href":"https:\/\/stage.shop-cellularswiss.ch\/de\/wp-json\/wp\/v2\/compatibilite?post=51850"},{"taxonomy":"compatibilite_smartphone","embeddable":true,"href":"https:\/\/stage.shop-cellularswiss.ch\/de\/wp-json\/wp\/v2\/compatibilite_smartphone?post=51850"}],"curies":[{"name":"wp","href":"https:\/\/api.w.org\/{rel}","templated":true}]}}