
{"id":51852,"date":"2021-03-20T14:02:41","date_gmt":"2021-03-20T13:02:41","guid":{"rendered":"https:\/\/stage.shop-cellularswiss.ch\/produit\/handy-pad-universal\/"},"modified":"2021-03-20T14:02:42","modified_gmt":"2021-03-20T13:02:42","slug":"handy-pad-universal","status":"publish","type":"product","link":"https:\/\/stage.shop-cellularswiss.ch\/de\/produit\/handy-pad-universal\/","title":{"rendered":"Handy Pad &#8211; Universal"},"content":{"rendered":"<p>Die Smartphone-Universalhalterung f\u00fcr das Auto aus flexiblem Silikon mit rutschfestem Sockel ohne Kleber und Saugn\u00e4pfe, die ein perfektes Haften an jeder Art von Armaturenbrett und gekr\u00fcmmter Oberfl\u00e4che gew\u00e4hrleistet. Die vollkommen flexible Struktur und ihre besondere Form erm\u00f6glichen das Ablegen und Entnehmen des Smartphones mit einem einzigen Handgriff, w\u00e4hrend das griffige Material beim Fahren jederzeit h\u00f6chste Stabilit\u00e4t und Sicherheit gew\u00e4hrleistet. Die einfach einzubauende Halterung Handy pad passt sich dem Design des Armaturenbretts perfekt an, erm\u00f6glicht es, das Smartphone immer griffbereit zu haben, und garantiert beste Sichtbarkeit des Displays bei Autofahrten.<\/p>\n","protected":false},"excerpt":{"rendered":"<p>Smartphonehalterung f\u00fcr das Armaturenbrett im Auto<\/p>\n","protected":false},"featured_media":55718,"comment_status":"closed","ping_status":"open","template":"","meta":{"_et_pb_use_builder":"","_et_pb_old_content":"","_et_gb_content_width":""},"pwb-brand":[],"product_cat":[3853,1781],"product_tag":[],"compatibilite":[],"compatibilite_smartphone":[],"brands":[],"_links":{"self":[{"href":"https:\/\/stage.shop-cellularswiss.ch\/de\/wp-json\/wp\/v2\/product\/51852"}],"collection":[{"href":"https:\/\/stage.shop-cellularswiss.ch\/de\/wp-json\/wp\/v2\/product"}],"about":[{"href":"https:\/\/stage.shop-cellularswiss.ch\/de\/wp-json\/wp\/v2\/types\/product"}],"replies":[{"embeddable":true,"href":"https:\/\/stage.shop-cellularswiss.ch\/de\/wp-json\/wp\/v2\/comments?post=51852"}],"wp:featuredmedia":[{"embeddable":true,"href":"https:\/\/stage.shop-cellularswiss.ch\/de\/wp-json\/wp\/v2\/media\/55718"}],"wp:attachment":[{"href":"https:\/\/stage.shop-cellularswiss.ch\/de\/wp-json\/wp\/v2\/media?parent=51852"}],"wp:term":[{"taxonomy":"pwb-brand","embeddable":true,"href":"https:\/\/stage.shop-cellularswiss.ch\/de\/wp-json\/wp\/v2\/pwb-brand?post=51852"},{"taxonomy":"product_cat","embeddable":true,"href":"https:\/\/stage.shop-cellularswiss.ch\/de\/wp-json\/wp\/v2\/product_cat?post=51852"},{"taxonomy":"product_tag","embeddable":true,"href":"https:\/\/stage.shop-cellularswiss.ch\/de\/wp-json\/wp\/v2\/product_tag?post=51852"},{"taxonomy":"compatibilite","embeddable":true,"href":"https:\/\/stage.shop-cellularswiss.ch\/de\/wp-json\/wp\/v2\/compatibilite?post=51852"},{"taxonomy":"compatibilite_smartphone","embeddable":true,"href":"https:\/\/stage.shop-cellularswiss.ch\/de\/wp-json\/wp\/v2\/compatibilite_smartphone?post=51852"}],"curies":[{"name":"wp","href":"https:\/\/api.w.org\/{rel}","templated":true}]}}