
{"id":51854,"date":"2021-03-20T11:16:09","date_gmt":"2021-03-20T13:02:44","guid":{"rendered":"https:\/\/stage.shop-cellularswiss.ch\/produit\/handy-roll-wireless-wireless-smartphones\/"},"modified":"2021-03-20T14:02:46","modified_gmt":"2021-03-20T13:02:46","slug":"handy-roll-wireless-wireless-smartphones","status":"publish","type":"product","link":"https:\/\/stage.shop-cellularswiss.ch\/de\/produit\/handy-roll-wireless-wireless-smartphones\/","title":{"rendered":"Handy Roll Wireless &#8211; Wireless Smartphones"},"content":{"rendered":"<p>Handy Roll Wireless ist die Smartphonehalterung f\u00fcr das Auto mit Wireless Qi-Ladetechnologie: Dank der exklusiven Wideactive\u2122 1-Technologie mit einer Spule l\u00e4dt sie kompatible Ger\u00e4te schnell und kabellos ohne Unterbrechungen oder \u00dcberhitzung auf. Handy Roll Wireless wird an das L\u00fcftungsgitter angebracht und erm\u00f6glicht so den Zugriff auf Bildschirm und Tasten. Die Halterung ist au\u00dferdem mit einem innovativen System f\u00fcr ein leichteres Einsetzen ausgestattet: Die beiden Rollen an den Armen des Halters begleiten das Smartphone in seine Position und sorgen f\u00fcr einen stabilen und sicheren Halt.<\/p>\n","protected":false},"excerpt":{"rendered":"<p>Smartphonehalterung f\u00fcr das Auto mit kabelloser Aufladung<\/p>\n","protected":false},"featured_media":55710,"comment_status":"closed","ping_status":"closed","template":"","meta":{"_et_pb_use_builder":"","_et_pb_old_content":"","_et_gb_content_width":""},"pwb-brand":[],"product_cat":[3853,1781],"product_tag":[],"compatibilite":[],"compatibilite_smartphone":[],"brands":[],"_links":{"self":[{"href":"https:\/\/stage.shop-cellularswiss.ch\/de\/wp-json\/wp\/v2\/product\/51854"}],"collection":[{"href":"https:\/\/stage.shop-cellularswiss.ch\/de\/wp-json\/wp\/v2\/product"}],"about":[{"href":"https:\/\/stage.shop-cellularswiss.ch\/de\/wp-json\/wp\/v2\/types\/product"}],"replies":[{"embeddable":true,"href":"https:\/\/stage.shop-cellularswiss.ch\/de\/wp-json\/wp\/v2\/comments?post=51854"}],"wp:featuredmedia":[{"embeddable":true,"href":"https:\/\/stage.shop-cellularswiss.ch\/de\/wp-json\/wp\/v2\/media\/55710"}],"wp:attachment":[{"href":"https:\/\/stage.shop-cellularswiss.ch\/de\/wp-json\/wp\/v2\/media?parent=51854"}],"wp:term":[{"taxonomy":"pwb-brand","embeddable":true,"href":"https:\/\/stage.shop-cellularswiss.ch\/de\/wp-json\/wp\/v2\/pwb-brand?post=51854"},{"taxonomy":"product_cat","embeddable":true,"href":"https:\/\/stage.shop-cellularswiss.ch\/de\/wp-json\/wp\/v2\/product_cat?post=51854"},{"taxonomy":"product_tag","embeddable":true,"href":"https:\/\/stage.shop-cellularswiss.ch\/de\/wp-json\/wp\/v2\/product_tag?post=51854"},{"taxonomy":"compatibilite","embeddable":true,"href":"https:\/\/stage.shop-cellularswiss.ch\/de\/wp-json\/wp\/v2\/compatibilite?post=51854"},{"taxonomy":"compatibilite_smartphone","embeddable":true,"href":"https:\/\/stage.shop-cellularswiss.ch\/de\/wp-json\/wp\/v2\/compatibilite_smartphone?post=51854"}],"curies":[{"name":"wp","href":"https:\/\/api.w.org\/{rel}","templated":true}]}}