
{"id":51855,"date":"2021-03-20T14:02:44","date_gmt":"2021-03-20T13:02:44","guid":{"rendered":"https:\/\/stage.shop-cellularswiss.ch\/produit\/handy-wing-universal\/"},"modified":"2021-03-20T14:02:48","modified_gmt":"2021-03-20T13:02:48","slug":"handy-wing-universal","status":"publish","type":"product","link":"https:\/\/stage.shop-cellularswiss.ch\/de\/produit\/handy-wing-universal\/","title":{"rendered":"Handy Wing &#8211; Universal"},"content":{"rendered":"<p>Die Smartphonehalterung f\u00fcr das Auto, die sich in die meisten L\u00fcftungsd\u00fcsen einh\u00e4ngen l\u00e4sst. Die einstellbaren Arme sorgen f\u00fcr einen sicheren Halt jedes Smartphone-Modells. Handy Wing ist dezent, einfach anzubringen und zu entfernen und ideal f\u00fcr alle, die ihr Telefon immer griffbereit haben wollen.<\/p>\n","protected":false},"excerpt":{"rendered":"<p>Smartphonehalterung f\u00fcr L\u00fcftungsd\u00fcsen im Auto<\/p>\n","protected":false},"featured_media":55682,"comment_status":"closed","ping_status":"open","template":"","meta":{"_et_pb_use_builder":"","_et_pb_old_content":"","_et_gb_content_width":""},"pwb-brand":[],"product_cat":[3853,1781],"product_tag":[],"compatibilite":[],"compatibilite_smartphone":[4369,4363,4370,4354,4375,4376,4355,4383,4357,4368,4373,4451,4381,4382,4361,4450,4378,4356,4359,4377,4364,4379,4353,4374,4372,4449,4447,4380,4362,4448,4358,4453,4371,4452,4360,4367,4465,4494,4492,4493,4471,4470,4396,4394,4395,4399,4398,4393,4412,4490],"brands":[],"_links":{"self":[{"href":"https:\/\/stage.shop-cellularswiss.ch\/de\/wp-json\/wp\/v2\/product\/51855"}],"collection":[{"href":"https:\/\/stage.shop-cellularswiss.ch\/de\/wp-json\/wp\/v2\/product"}],"about":[{"href":"https:\/\/stage.shop-cellularswiss.ch\/de\/wp-json\/wp\/v2\/types\/product"}],"replies":[{"embeddable":true,"href":"https:\/\/stage.shop-cellularswiss.ch\/de\/wp-json\/wp\/v2\/comments?post=51855"}],"wp:featuredmedia":[{"embeddable":true,"href":"https:\/\/stage.shop-cellularswiss.ch\/de\/wp-json\/wp\/v2\/media\/55682"}],"wp:attachment":[{"href":"https:\/\/stage.shop-cellularswiss.ch\/de\/wp-json\/wp\/v2\/media?parent=51855"}],"wp:term":[{"taxonomy":"pwb-brand","embeddable":true,"href":"https:\/\/stage.shop-cellularswiss.ch\/de\/wp-json\/wp\/v2\/pwb-brand?post=51855"},{"taxonomy":"product_cat","embeddable":true,"href":"https:\/\/stage.shop-cellularswiss.ch\/de\/wp-json\/wp\/v2\/product_cat?post=51855"},{"taxonomy":"product_tag","embeddable":true,"href":"https:\/\/stage.shop-cellularswiss.ch\/de\/wp-json\/wp\/v2\/product_tag?post=51855"},{"taxonomy":"compatibilite","embeddable":true,"href":"https:\/\/stage.shop-cellularswiss.ch\/de\/wp-json\/wp\/v2\/compatibilite?post=51855"},{"taxonomy":"compatibilite_smartphone","embeddable":true,"href":"https:\/\/stage.shop-cellularswiss.ch\/de\/wp-json\/wp\/v2\/compatibilite_smartphone?post=51855"}],"curies":[{"name":"wp","href":"https:\/\/api.w.org\/{rel}","templated":true}]}}