
{"id":51856,"date":"2021-03-20T11:16:14","date_gmt":"2021-03-20T13:02:47","guid":{"rendered":"https:\/\/stage.shop-cellularswiss.ch\/produit\/handy-wing-active-wireless-wireless-smartphones\/"},"modified":"2021-03-20T14:02:49","modified_gmt":"2021-03-20T13:02:49","slug":"handy-wing-active-wireless-wireless-smartphones","status":"publish","type":"product","link":"https:\/\/stage.shop-cellularswiss.ch\/de\/produit\/handy-wing-active-wireless-wireless-smartphones\/","title":{"rendered":"Handy Wing Active Wireless &#8211; Wireless Smartphones"},"content":{"rendered":"<p>Handy Wing Active Wireless ist die an den L\u00fcftungsd\u00fcsen anzubringende Smartphonehalterung f\u00fcr das Auto mit elegantem Design. Perfekt geeignet zum wirksamen, sicheren und schnellen Laden aller mit dem kabellosen Ladesystem kompatiblen Smartphones w\u00e4hrend der Fahrt. Die Halterung Handy Wing Active Wireless verf\u00fcgt \u00fcber die Wideactive\u2122 2-Technologie mit doppelter Ladespule, die die \u00dcberhitzung des Telefons minimiert und dazu f\u00fchrt, dass die Halterung die ideale Wahl f\u00fcr das kabellose Laden mit dem Wireless Qi-Ladestandard kompatibler Ger\u00e4te ist. Dank dem One Hand Gravity System sorgt Handy Wing Active Wireless automatisch f\u00fcr die Breiten- und L\u00e4ngenanpassung und der Fahrer kann das Telefon schnell und bequem mit nur einer Hand einsetzen und entnehmen.<\/p>\n","protected":false},"excerpt":{"rendered":"<p>Smartphonehalterung f\u00fcr das Auto mit kabelloser Aufladung<\/p>\n","protected":false},"featured_media":55674,"comment_status":"closed","ping_status":"closed","template":"","meta":{"_et_pb_use_builder":"","_et_pb_old_content":"","_et_gb_content_width":""},"pwb-brand":[],"product_cat":[3853,1781],"product_tag":[],"compatibilite":[],"compatibilite_smartphone":[4437,4439,4438,4446,4445,4444,4380,4362,4440,4358,4435,4433,4434,4421,4422,4401,4400,4431,4425,4424,4393,4412,4397],"brands":[],"_links":{"self":[{"href":"https:\/\/stage.shop-cellularswiss.ch\/de\/wp-json\/wp\/v2\/product\/51856"}],"collection":[{"href":"https:\/\/stage.shop-cellularswiss.ch\/de\/wp-json\/wp\/v2\/product"}],"about":[{"href":"https:\/\/stage.shop-cellularswiss.ch\/de\/wp-json\/wp\/v2\/types\/product"}],"replies":[{"embeddable":true,"href":"https:\/\/stage.shop-cellularswiss.ch\/de\/wp-json\/wp\/v2\/comments?post=51856"}],"wp:featuredmedia":[{"embeddable":true,"href":"https:\/\/stage.shop-cellularswiss.ch\/de\/wp-json\/wp\/v2\/media\/55674"}],"wp:attachment":[{"href":"https:\/\/stage.shop-cellularswiss.ch\/de\/wp-json\/wp\/v2\/media?parent=51856"}],"wp:term":[{"taxonomy":"pwb-brand","embeddable":true,"href":"https:\/\/stage.shop-cellularswiss.ch\/de\/wp-json\/wp\/v2\/pwb-brand?post=51856"},{"taxonomy":"product_cat","embeddable":true,"href":"https:\/\/stage.shop-cellularswiss.ch\/de\/wp-json\/wp\/v2\/product_cat?post=51856"},{"taxonomy":"product_tag","embeddable":true,"href":"https:\/\/stage.shop-cellularswiss.ch\/de\/wp-json\/wp\/v2\/product_tag?post=51856"},{"taxonomy":"compatibilite","embeddable":true,"href":"https:\/\/stage.shop-cellularswiss.ch\/de\/wp-json\/wp\/v2\/compatibilite?post=51856"},{"taxonomy":"compatibilite_smartphone","embeddable":true,"href":"https:\/\/stage.shop-cellularswiss.ch\/de\/wp-json\/wp\/v2\/compatibilite_smartphone?post=51856"}],"curies":[{"name":"wp","href":"https:\/\/api.w.org\/{rel}","templated":true}]}}