
{"id":51857,"date":"2021-03-20T11:16:16","date_gmt":"2021-03-20T13:02:47","guid":{"rendered":"https:\/\/stage.shop-cellularswiss.ch\/produit\/handy-wing-pro-universal\/"},"modified":"2021-03-20T14:02:51","modified_gmt":"2021-03-20T13:02:51","slug":"handy-wing-pro-universal","status":"publish","type":"product","link":"https:\/\/stage.shop-cellularswiss.ch\/de\/produit\/handy-wing-pro-universal\/","title":{"rendered":"Handy Wing Pro &#8211; Universal"},"content":{"rendered":"<p>Handy Wing Pro ist die an den L\u00fcftungsd\u00fcsen anzubringende Smartphonehalterung f\u00fcr das Auto mit One Hand Gravity System: Dank automatischer Breiten- und L\u00e4ngenanpassung kann der Fahrer das Telefon schnell und bequem mit nur einer Hand einsetzen und entnehmen. Durch das kratzfeste, satinierte Metall-Finish wirkt die Autohalterung schlicht und elegant und harmoniert auf diese Weise perfekt mit dem Armaturenbrett des Fahrzeugs.<\/p>\n","protected":false},"excerpt":{"rendered":"<p>Smartphonehalterung f\u00fcr L\u00fcftungsd\u00fcsen im Auto<\/p>\n","protected":false},"featured_media":62632,"comment_status":"closed","ping_status":"closed","template":"","meta":{"_et_pb_use_builder":"","_et_pb_old_content":"","_et_gb_content_width":""},"pwb-brand":[],"product_cat":[3853,1781],"product_tag":[],"compatibilite":[],"compatibilite_smartphone":[],"brands":[],"_links":{"self":[{"href":"https:\/\/stage.shop-cellularswiss.ch\/de\/wp-json\/wp\/v2\/product\/51857"}],"collection":[{"href":"https:\/\/stage.shop-cellularswiss.ch\/de\/wp-json\/wp\/v2\/product"}],"about":[{"href":"https:\/\/stage.shop-cellularswiss.ch\/de\/wp-json\/wp\/v2\/types\/product"}],"replies":[{"embeddable":true,"href":"https:\/\/stage.shop-cellularswiss.ch\/de\/wp-json\/wp\/v2\/comments?post=51857"}],"wp:featuredmedia":[{"embeddable":true,"href":"https:\/\/stage.shop-cellularswiss.ch\/de\/wp-json\/wp\/v2\/media\/62632"}],"wp:attachment":[{"href":"https:\/\/stage.shop-cellularswiss.ch\/de\/wp-json\/wp\/v2\/media?parent=51857"}],"wp:term":[{"taxonomy":"pwb-brand","embeddable":true,"href":"https:\/\/stage.shop-cellularswiss.ch\/de\/wp-json\/wp\/v2\/pwb-brand?post=51857"},{"taxonomy":"product_cat","embeddable":true,"href":"https:\/\/stage.shop-cellularswiss.ch\/de\/wp-json\/wp\/v2\/product_cat?post=51857"},{"taxonomy":"product_tag","embeddable":true,"href":"https:\/\/stage.shop-cellularswiss.ch\/de\/wp-json\/wp\/v2\/product_tag?post=51857"},{"taxonomy":"compatibilite","embeddable":true,"href":"https:\/\/stage.shop-cellularswiss.ch\/de\/wp-json\/wp\/v2\/compatibilite?post=51857"},{"taxonomy":"compatibilite_smartphone","embeddable":true,"href":"https:\/\/stage.shop-cellularswiss.ch\/de\/wp-json\/wp\/v2\/compatibilite_smartphone?post=51857"}],"curies":[{"name":"wp","href":"https:\/\/api.w.org\/{rel}","templated":true}]}}