
{"id":51858,"date":"2021-03-20T11:16:18","date_gmt":"2021-03-20T13:02:50","guid":{"rendered":"https:\/\/stage.shop-cellularswiss.ch\/produit\/handy-wing-pro-wireless-wireless-smartphones\/"},"modified":"2021-03-20T14:02:52","modified_gmt":"2021-03-20T13:02:52","slug":"handy-wing-pro-wireless-wireless-smartphones","status":"publish","type":"product","link":"https:\/\/stage.shop-cellularswiss.ch\/de\/produit\/handy-wing-pro-wireless-wireless-smartphones\/","title":{"rendered":"Handy Wing Pro Wireless &#8211; Wireless Smartphones"},"content":{"rendered":"<p>Handy Wing Pro Wireless ist die Smartphonehalterung f\u00fcr das Auto mit kabelloser Qi-Aufladung und einem eleganten Design. Handy Wing Pro Wireless wird an den L\u00fcftungsd\u00fcsen befestigt und eignet sich zum effizienten, sicheren und schnellen Aufladen aller Smartphones, die mit der kabellosen Qi-Aufladung kompatibel sind. Die Halterung Handy Wing Active Wireless ist mit der Technologie Wideactive\u2122 2 mit doppelter Ladespule ausger\u00fcstet, die eine \u00dcberhitzung des Telefons verhindert. Dank des One Hand Gravity System sorgt Handy Wing Pro Wireless automatisch f\u00fcr die Breiten- und L\u00e4ngenanpassung und der Fahrer kann das Telefon schnell und bequem mit nur einer Hand einsetzen und entnehmen.<\/p>\n","protected":false},"excerpt":{"rendered":"<p>Smartphonehalterung f\u00fcr das Auto mit kabelloser Aufladung<\/p>\n","protected":false},"featured_media":47188,"comment_status":"closed","ping_status":"closed","template":"","meta":{"_et_pb_use_builder":"","_et_pb_old_content":"","_et_gb_content_width":""},"pwb-brand":[],"product_cat":[3853,1781],"product_tag":[],"compatibilite":[],"compatibilite_smartphone":[],"brands":[],"_links":{"self":[{"href":"https:\/\/stage.shop-cellularswiss.ch\/de\/wp-json\/wp\/v2\/product\/51858"}],"collection":[{"href":"https:\/\/stage.shop-cellularswiss.ch\/de\/wp-json\/wp\/v2\/product"}],"about":[{"href":"https:\/\/stage.shop-cellularswiss.ch\/de\/wp-json\/wp\/v2\/types\/product"}],"replies":[{"embeddable":true,"href":"https:\/\/stage.shop-cellularswiss.ch\/de\/wp-json\/wp\/v2\/comments?post=51858"}],"wp:featuredmedia":[{"embeddable":true,"href":"https:\/\/stage.shop-cellularswiss.ch\/de\/wp-json\/wp\/v2\/media\/47188"}],"wp:attachment":[{"href":"https:\/\/stage.shop-cellularswiss.ch\/de\/wp-json\/wp\/v2\/media?parent=51858"}],"wp:term":[{"taxonomy":"pwb-brand","embeddable":true,"href":"https:\/\/stage.shop-cellularswiss.ch\/de\/wp-json\/wp\/v2\/pwb-brand?post=51858"},{"taxonomy":"product_cat","embeddable":true,"href":"https:\/\/stage.shop-cellularswiss.ch\/de\/wp-json\/wp\/v2\/product_cat?post=51858"},{"taxonomy":"product_tag","embeddable":true,"href":"https:\/\/stage.shop-cellularswiss.ch\/de\/wp-json\/wp\/v2\/product_tag?post=51858"},{"taxonomy":"compatibilite","embeddable":true,"href":"https:\/\/stage.shop-cellularswiss.ch\/de\/wp-json\/wp\/v2\/compatibilite?post=51858"},{"taxonomy":"compatibilite_smartphone","embeddable":true,"href":"https:\/\/stage.shop-cellularswiss.ch\/de\/wp-json\/wp\/v2\/compatibilite_smartphone?post=51858"}],"curies":[{"name":"wp","href":"https:\/\/api.w.org\/{rel}","templated":true}]}}