
{"id":51862,"date":"2021-03-20T11:16:28","date_gmt":"2021-03-20T13:02:58","guid":{"rendered":"https:\/\/stage.shop-cellularswiss.ch\/produit\/hark\/"},"modified":"2021-03-23T22:31:24","modified_gmt":"2021-03-23T21:31:24","slug":"hark","status":"publish","type":"product","link":"https:\/\/stage.shop-cellularswiss.ch\/de\/produit\/hark\/","title":{"rendered":"HARK"},"content":{"rendered":"<p>Design und Eleganz sind die Hauptmerkmale von HARK, dem True Wireless Stereo Headset mit ergonomischer und geschwungener Liniengebung. Mit dem leichten und bequemen HARK kann man ohne st\u00f6rende Kabel in vollkommener Freiheit Musik h\u00f6ren und Gespr\u00e4che entgegennehmen. Mit den Touch-Bedienfeldern kann man Musiktracks und eingehende Anrufe verwalten. Mit der Ladeschutzh\u00fclle mit modernem Design kann das Headset bis zu 3 Mal geladen werden, was einer Gesamt-Wiedergabedauer von 16 Stunden entspricht.<\/p>\n","protected":false},"excerpt":{"rendered":"<p>Drahtloses Bluetooth\u00ae-Stereo-Headset mit Ladeh\u00fclle<\/p>\n","protected":false},"featured_media":36048,"comment_status":"closed","ping_status":"closed","template":"","meta":{"_et_pb_use_builder":"","_et_pb_old_content":"","_et_gb_content_width":""},"pwb-brand":[],"product_cat":[493,4540,509],"product_tag":[],"compatibilite":[],"compatibilite_smartphone":[4366,4384,4365,4436,4443,4441,4417,4419,4420,4418,4437,4439,4438,4446,4442,4445,4444,4440,4358,4435,4433,4434,4385,4388,4386,4389,4387,4421,4402,4413,4406,4414,4405,4408,4403,4407,4404,4410,4422,4409,4427,4428,4423,4401,4400,4431,4425,4424,4393,4397,4416,4411,4426,4392,4391],"brands":[],"_links":{"self":[{"href":"https:\/\/stage.shop-cellularswiss.ch\/de\/wp-json\/wp\/v2\/product\/51862"}],"collection":[{"href":"https:\/\/stage.shop-cellularswiss.ch\/de\/wp-json\/wp\/v2\/product"}],"about":[{"href":"https:\/\/stage.shop-cellularswiss.ch\/de\/wp-json\/wp\/v2\/types\/product"}],"replies":[{"embeddable":true,"href":"https:\/\/stage.shop-cellularswiss.ch\/de\/wp-json\/wp\/v2\/comments?post=51862"}],"wp:featuredmedia":[{"embeddable":true,"href":"https:\/\/stage.shop-cellularswiss.ch\/de\/wp-json\/wp\/v2\/media\/36048"}],"wp:attachment":[{"href":"https:\/\/stage.shop-cellularswiss.ch\/de\/wp-json\/wp\/v2\/media?parent=51862"}],"wp:term":[{"taxonomy":"pwb-brand","embeddable":true,"href":"https:\/\/stage.shop-cellularswiss.ch\/de\/wp-json\/wp\/v2\/pwb-brand?post=51862"},{"taxonomy":"product_cat","embeddable":true,"href":"https:\/\/stage.shop-cellularswiss.ch\/de\/wp-json\/wp\/v2\/product_cat?post=51862"},{"taxonomy":"product_tag","embeddable":true,"href":"https:\/\/stage.shop-cellularswiss.ch\/de\/wp-json\/wp\/v2\/product_tag?post=51862"},{"taxonomy":"compatibilite","embeddable":true,"href":"https:\/\/stage.shop-cellularswiss.ch\/de\/wp-json\/wp\/v2\/compatibilite?post=51862"},{"taxonomy":"compatibilite_smartphone","embeddable":true,"href":"https:\/\/stage.shop-cellularswiss.ch\/de\/wp-json\/wp\/v2\/compatibilite_smartphone?post=51862"}],"curies":[{"name":"wp","href":"https:\/\/api.w.org\/{rel}","templated":true}]}}