
{"id":51872,"date":"2021-03-20T11:16:50","date_gmt":"2021-03-20T13:03:13","guid":{"rendered":"https:\/\/stage.shop-cellularswiss.ch\/produit\/impact-glass-galaxy-tab-s7-2\/"},"modified":"2021-12-17T10:53:25","modified_gmt":"2021-12-17T09:53:25","slug":"impact-glass-galaxy-tab-s7-2","status":"publish","type":"product","link":"https:\/\/stage.shop-cellularswiss.ch\/de\/produit\/impact-glass-galaxy-tab-s7-2\/","title":{"rendered":"Impact Glass &#8211; Galaxy Tab S7+"},"content":{"rendered":"<p>Impact Glass ist ein echtes geh\u00e4rtetes Glas, das den besten Schutz bei gleichzeitig unver\u00e4nderten Eigenschaften des Displays bietet. Eine besondere Behandlung verst\u00e4rkt die Helligkeit der HD-Displays und die Ber\u00fchrungsempfindlichkeit des Displays.<\/p>\n","protected":false},"excerpt":{"rendered":"<p>Widerstandsf\u00e4higes und d\u00fcnnes Schutzglas<\/p>\n","protected":false},"featured_media":39377,"comment_status":"closed","ping_status":"closed","template":"","meta":{"_et_pb_use_builder":"","_et_pb_old_content":"","_et_gb_content_width":""},"pwb-brand":[],"product_cat":[542,553],"product_tag":[],"compatibilite":[],"compatibilite_smartphone":[4426],"brands":[],"_links":{"self":[{"href":"https:\/\/stage.shop-cellularswiss.ch\/de\/wp-json\/wp\/v2\/product\/51872"}],"collection":[{"href":"https:\/\/stage.shop-cellularswiss.ch\/de\/wp-json\/wp\/v2\/product"}],"about":[{"href":"https:\/\/stage.shop-cellularswiss.ch\/de\/wp-json\/wp\/v2\/types\/product"}],"replies":[{"embeddable":true,"href":"https:\/\/stage.shop-cellularswiss.ch\/de\/wp-json\/wp\/v2\/comments?post=51872"}],"wp:featuredmedia":[{"embeddable":true,"href":"https:\/\/stage.shop-cellularswiss.ch\/de\/wp-json\/wp\/v2\/media\/39377"}],"wp:attachment":[{"href":"https:\/\/stage.shop-cellularswiss.ch\/de\/wp-json\/wp\/v2\/media?parent=51872"}],"wp:term":[{"taxonomy":"pwb-brand","embeddable":true,"href":"https:\/\/stage.shop-cellularswiss.ch\/de\/wp-json\/wp\/v2\/pwb-brand?post=51872"},{"taxonomy":"product_cat","embeddable":true,"href":"https:\/\/stage.shop-cellularswiss.ch\/de\/wp-json\/wp\/v2\/product_cat?post=51872"},{"taxonomy":"product_tag","embeddable":true,"href":"https:\/\/stage.shop-cellularswiss.ch\/de\/wp-json\/wp\/v2\/product_tag?post=51872"},{"taxonomy":"compatibilite","embeddable":true,"href":"https:\/\/stage.shop-cellularswiss.ch\/de\/wp-json\/wp\/v2\/compatibilite?post=51872"},{"taxonomy":"compatibilite_smartphone","embeddable":true,"href":"https:\/\/stage.shop-cellularswiss.ch\/de\/wp-json\/wp\/v2\/compatibilite_smartphone?post=51872"}],"curies":[{"name":"wp","href":"https:\/\/api.w.org\/{rel}","templated":true}]}}